{"id":58433,"date":"2022-10-10T11:38:02","date_gmt":"2022-10-10T09:38:02","guid":{"rendered":"https:\/\/secureus.se\/produkt\/radiomottagare-jck312\/"},"modified":"2025-12-31T20:30:26","modified_gmt":"2025-12-31T19:30:26","slug":"radiomottagare-jck311-2","status":"publish","type":"product","link":"https:\/\/secureus.se\/fr\/radiomottagare-jck311-2\/","title":{"rendered":"R\u00e9cepteur radio JCK311"},"content":{"rendered":"<h1>R\u00e9cepteur radio JCK311<\/h1>\n<h2>JCK311<\/h2>\n<p>R\u00e9cepteur radio avec possibilit\u00e9 de programmer 85 \u00e9metteurs.<span class=\"Apple-converted-space\">\u00a0Le produit a e<\/span>n sortie relais qui fonctionne avec un contr\u00f4le d&#039;impulsion ou de temps.<span class=\"Apple-converted-space\">\u00a0<\/span><\/p>\n<p>Le r\u00e9cepteur est r\u00e9gl\u00e9 en standard pour une tension d&#039;alimentation de 12 VAC\/DC. Pour alimenter en 24VAC\/DC, un cavalier est retir\u00e9, voir les instructions de montage ci-jointes pour une description plus d\u00e9taill\u00e9e.<\/p>\n<ul>\n<li>Tension d&#039;alimentation : 12\/24 VCA\/CC<span class=\"Apple-converted-space\">\u00a0<\/span><\/li>\n<li>Fr\u00e9quence : 433,92 MHz<span class=\"Apple-converted-space\">\u00a0<\/span><\/li>\n<li>Dimensions : (LxlxH) 50 x 32 x 20 mm<\/li>\n<\/ul>\n<h2>JCK312<\/h2>\n<p>R\u00e9cepteur radio avec possibilit\u00e9 de programmer 100 \u00e9metteurs.<span class=\"Apple-converted-space\">\u00a0<\/span>Deux sorties relais programmables en impulsion, altern\u00e9e ou temporis\u00e9es.<span class=\"Apple-converted-space\">\u00a0<\/span><\/p>\n<p>Le r\u00e9cepteur radio dispose d&#039;un \u00e9cran LCD \u00e9clair\u00e9 pour une programmation facile.<\/p>\n<ul>\n<li>Tension d&#039;alimentation : 12\/24 VCA\/CC<span class=\"Apple-converted-space\">\u00a0<\/span><\/li>\n<li>Modulation\u00a0:\u00a0AM\/DEMANDER<span class=\"Apple-converted-space\">\u00a0<\/span><\/li>\n<li>Dimensions : (L x l x H) 105 x 45 x 28 mm<span class=\"Apple-converted-space\">\u00a0<\/span><\/li>\n<li>Fr\u00e9quence 433 MHz<\/li>\n<\/ul>","protected":false},"excerpt":{"rendered":"<p>Radiomottagare JCK311 JCK311 Radiomottagare med m\u00f6jlighet att programmera in 85 s\u00e4ndare.\u00a0Produkten har en rel\u00e4utg\u00e5ng som g\u00e5r med puls- eller tidsstyrning.\u00a0 Mottagaren \u00e4r i standardutf\u00f6rande inst\u00e4lld f\u00f6r 12 VAC\/DC matningssp\u00e4nning. F\u00f6r<\/p>","protected":false},"featured_media":141990,"template":"","meta":{"_acf_changed":false},"product_brand":[],"product_cat":[1422,4707],"product_tag":[],"class_list":{"0":"post-58433","1":"product","2":"type-product","3":"status-publish","4":"has-post-thumbnail","6":"product_cat-armbagskontakter-dorrautomatik","7":"product_cat-tillval-och-tillbehor","8":"product_shipping_class-tunga-paket","9":"pa_brands-jc-kontakter","10":"tm-no-options","12":"first","13":"onbackorder","14":"sale","15":"featured","16":"taxable","17":"shipping-taxable","18":"purchasable","19":"product-type-simple"},"acf":[],"_links":{"self":[{"href":"https:\/\/secureus.se\/fr\/wp-json\/wp\/v2\/product\/58433","targetHints":{"allow":["GET"]}}],"collection":[{"href":"https:\/\/secureus.se\/fr\/wp-json\/wp\/v2\/product"}],"about":[{"href":"https:\/\/secureus.se\/fr\/wp-json\/wp\/v2\/types\/product"}],"wp:featuredmedia":[{"embeddable":true,"href":"https:\/\/secureus.se\/fr\/wp-json\/wp\/v2\/media\/141990"}],"wp:attachment":[{"href":"https:\/\/secureus.se\/fr\/wp-json\/wp\/v2\/media?parent=58433"}],"wp:term":[{"taxonomy":"product_brand","embeddable":true,"href":"https:\/\/secureus.se\/fr\/wp-json\/wp\/v2\/product_brand?post=58433"},{"taxonomy":"product_cat","embeddable":true,"href":"https:\/\/secureus.se\/fr\/wp-json\/wp\/v2\/product_cat?post=58433"},{"taxonomy":"product_tag","embeddable":true,"href":"https:\/\/secureus.se\/fr\/wp-json\/wp\/v2\/product_tag?post=58433"}],"curies":[{"name":"wp","href":"https:\/\/api.w.org\/{rel}","templated":true}]}}