{"id":58435,"date":"2022-10-10T11:35:55","date_gmt":"2022-10-10T09:35:55","guid":{"rendered":"https:\/\/secureus.se\/produkt\/radiomottagare-jck311\/"},"modified":"2026-04-07T13:09:16","modified_gmt":"2026-04-07T11:09:16","slug":"radiomottagare-jck312","status":"publish","type":"product","link":"https:\/\/secureus.se\/fr\/radiomottagare-jck312\/","title":{"rendered":"R\u00e9cepteur radio JCK312"},"content":{"rendered":"<h2>R\u00e9cepteur radio JCK312<\/h2>\n<p>R\u00e9cepteur radio avec possibilit\u00e9 de programmer 100 \u00e9metteurs.<\/p>\n<p>Deux sorties relais programmables en impulsion, altern\u00e9e ou temporis\u00e9es.<\/p>\n<p>Le r\u00e9cepteur radio dispose d&#039;un \u00e9cran LCD \u00e9clair\u00e9 pour une programmation facile.<\/p>\n<ul>\n<li>Tension d&#039;alimentation : 12\/24 VCA\/CC<\/li>\n<li>Modulation\u00a0:\u00a0AM\/DEMANDER<\/li>\n<li>Dimensions : (L x l x H) 105 x 45 x 28 mm<\/li>\n<li>Fr\u00e9quence 433 MHz<\/li>\n<\/ul>","protected":false},"excerpt":{"rendered":"<p>Radiomottagare JCK312 Radiomottagare med m\u00f6jlighet att programmera in 100 s\u00e4ndare. Tv\u00e5 rel\u00e4utg\u00e5ngar programmerbara som puls, v\u00e4xlande eller tidsstyrda. Radiomottagaren har en upplyst LCD-display f\u00f6r enkel programmering. Matningssp\u00e4nning: 12\/24 VAC\/DC Modulering:<\/p>","protected":false},"featured_media":142631,"template":"","meta":{"_acf_changed":false},"product_brand":[],"product_cat":[1422,4707],"product_tag":[],"class_list":{"0":"post-58435","1":"product","2":"type-product","3":"status-publish","4":"has-post-thumbnail","6":"product_cat-armbagskontakter-dorrautomatik","7":"product_cat-tillval-och-tillbehor","8":"product_shipping_class-postnord-varubrev","9":"pa_brands-jc-kontakter","10":"tm-no-options","12":"first","13":"onbackorder","14":"sale","15":"featured","16":"taxable","17":"shipping-taxable","18":"purchasable","19":"product-type-simple"},"acf":[],"_links":{"self":[{"href":"https:\/\/secureus.se\/fr\/wp-json\/wp\/v2\/product\/58435","targetHints":{"allow":["GET"]}}],"collection":[{"href":"https:\/\/secureus.se\/fr\/wp-json\/wp\/v2\/product"}],"about":[{"href":"https:\/\/secureus.se\/fr\/wp-json\/wp\/v2\/types\/product"}],"wp:featuredmedia":[{"embeddable":true,"href":"https:\/\/secureus.se\/fr\/wp-json\/wp\/v2\/media\/142631"}],"wp:attachment":[{"href":"https:\/\/secureus.se\/fr\/wp-json\/wp\/v2\/media?parent=58435"}],"wp:term":[{"taxonomy":"product_brand","embeddable":true,"href":"https:\/\/secureus.se\/fr\/wp-json\/wp\/v2\/product_brand?post=58435"},{"taxonomy":"product_cat","embeddable":true,"href":"https:\/\/secureus.se\/fr\/wp-json\/wp\/v2\/product_cat?post=58435"},{"taxonomy":"product_tag","embeddable":true,"href":"https:\/\/secureus.se\/fr\/wp-json\/wp\/v2\/product_tag?post=58435"}],"curies":[{"name":"wp","href":"https:\/\/api.w.org\/{rel}","templated":true}]}}