{"id":58445,"date":"2022-10-10T11:17:19","date_gmt":"2022-10-10T09:17:19","guid":{"rendered":"https:\/\/secureus.se\/produkt\/armbagsbrytare-jck108-245mm-gra-endcap\/"},"modified":"2025-12-31T20:35:41","modified_gmt":"2025-12-31T19:35:41","slug":"armbagskontakt-jck207-245mm-gra-endcap","status":"publish","type":"product","link":"https:\/\/secureus.se\/fr\/armbagskontakt-jck207-245mm-gra-endcap\/","title":{"rendered":"Connecteur coud\u00e9 JCK207 - 245 mm - Embout gris"},"content":{"rendered":"<h1>Connecteur coud\u00e9 JCK207<\/h1>\n<section>Le JCK207 appartient \u00e0 une s\u00e9rie de contacts coud\u00e9s dot\u00e9s d&#039;une surface de pression plate avec quatre rainures tactiles.<\/section>\n<section><\/section>\n<section>Les rainures servent de guidage suppl\u00e9mentaire pour les personnes malvoyantes.<\/section>\n<section><\/section>\n<section>Vous pouvez facilement sentir o\u00f9 appuyer pour activer l&#039;ouverture de la porte.<\/section>\n<section><\/section>\n<section>Le JCK207 est fabriqu\u00e9 en aluminium anodis\u00e9 argent et dot\u00e9 d&#039;embouts gris fonc\u00e9. Il est livr\u00e9 avec un microrupteur IP67, mais il est \u00e9galement possible d&#039;en commander plusieurs.<\/p>\n<\/section>\n<section>\n<h4>Sp\u00e9cification technique<\/h4>\n<ul>\n<li>Fabriqu\u00e9 en Su\u00e8de.<\/li>\n<li>Mat\u00e9riau : Alu.6060-T6, plastique POM (plastique ac\u00e9tal).<\/li>\n<li>Dimensions version standard l\/l\/h : 245x80x23 mm.<\/li>\n<li>Micro-interrupteur\u00a0:\u00a0Standard 1pc NON IP67. Peut \u00eatre command\u00e9 avec 2, ainsi qu&#039;avec NO\/NC.<\/li>\n<\/ul>\n<\/section>","protected":false},"excerpt":{"rendered":"<p>Dimensions du produit : 245 x 80 x 23 mm.<\/p>\n<p>Raccord coud\u00e9 en aluminium anodis\u00e9 argent avec embouts noirs.<\/p>\n<p>Plaque de pression plate avec rainures tactiles.<\/p>","protected":false},"featured_media":142634,"template":"","meta":{"_acf_changed":false},"product_brand":[],"product_cat":[1422,4706],"product_tag":[2989],"class_list":{"0":"post-58445","1":"product","2":"type-product","3":"status-publish","4":"has-post-thumbnail","6":"product_cat-armbagskontakter-dorrautomatik","7":"product_cat-metall","8":"product_tag-egen-logo-ej-taggar-kort","9":"product_shipping_class-tunga-paket","10":"pa_brands-jc-kontakter","11":"tm-has-options","13":"first","14":"instock","15":"sale","16":"featured","17":"taxable","18":"shipping-taxable","19":"purchasable","20":"product-type-simple"},"acf":[],"_links":{"self":[{"href":"https:\/\/secureus.se\/fr\/wp-json\/wp\/v2\/product\/58445","targetHints":{"allow":["GET"]}}],"collection":[{"href":"https:\/\/secureus.se\/fr\/wp-json\/wp\/v2\/product"}],"about":[{"href":"https:\/\/secureus.se\/fr\/wp-json\/wp\/v2\/types\/product"}],"wp:featuredmedia":[{"embeddable":true,"href":"https:\/\/secureus.se\/fr\/wp-json\/wp\/v2\/media\/142634"}],"wp:attachment":[{"href":"https:\/\/secureus.se\/fr\/wp-json\/wp\/v2\/media?parent=58445"}],"wp:term":[{"taxonomy":"product_brand","embeddable":true,"href":"https:\/\/secureus.se\/fr\/wp-json\/wp\/v2\/product_brand?post=58445"},{"taxonomy":"product_cat","embeddable":true,"href":"https:\/\/secureus.se\/fr\/wp-json\/wp\/v2\/product_cat?post=58445"},{"taxonomy":"product_tag","embeddable":true,"href":"https:\/\/secureus.se\/fr\/wp-json\/wp\/v2\/product_tag?post=58445"}],"curies":[{"name":"wp","href":"https:\/\/api.w.org\/{rel}","templated":true}]}}