{"id":58461,"date":"2022-10-12T12:17:59","date_gmt":"2022-10-12T10:17:59","guid":{"rendered":"https:\/\/secureus.se\/produkt\/uplus-12v-33-ah\/"},"modified":"2026-04-02T11:16:18","modified_gmt":"2026-04-02T09:16:18","slug":"batteri-12v-33ah","status":"publish","type":"product","link":"https:\/\/secureus.se\/fr\/batteri-12v-33ah\/","title":{"rendered":"Batterie 12 V 33 Ah UPLUS 10-12 ans Version Pro"},"content":{"rendered":"<h1>Batterie 12V 33ah \/ Accumulateur UPLUS 10-12 Ans<\/h1>\n<p>UPLUS propose l&#039;une des gammes les plus larges du march\u00e9 de batteries AGM \u00e0 r\u00e9gulation par valve avec une dur\u00e9e de vie de 10 \u00e0 12 ans.<\/p>\n<p>Quelques exemples de domaines d&#039;utilisation des batteries industrielles UPLUS sont les trappes de fum\u00e9e, les syst\u00e8mes d&#039;acc\u00e8s et les syst\u00e8mes de communication dans les ascenseurs.<\/p>\n<p>Dimensions mm (LxlxH) : 195 x 130 x 164<\/p>\n<p>Poids Kg : 10,50<\/p>\n<p>Batterie 12V 33ah Les batteries UPLUS Longlife ont \u00e9t\u00e9 d\u00e9velopp\u00e9es comme source d&#039;\u00e9nergie o\u00f9 une fiabilit\u00e9 op\u00e9rationnelle \u00e9lev\u00e9e et une longue dur\u00e9e de vie sont des besoins primaires.<\/p>\n<p>Les batteries sont test\u00e9es en plusieurs \u00e9tapes au cours du processus de fabrication pour r\u00e9pondre aux exigences strictes que les utilisateurs du segment marin imposent \u00e0 leurs batteries.<\/p>\n<p>La gamme UPLUS Marine propose \u00e0 la fois des batteries standard qui fonctionnent bien, ainsi qu&#039;une batterie polyvalente et des batteries \u00e0 d\u00e9charge profonde con\u00e7ues pour une utilisation plus cyclique.<\/p>\n<p>Deep Cycle est donc le choix \u00e9vident comme batterie consommable dans les onduleurs de bateaux avec de nombreux consommateurs et des charges \u00e9lev\u00e9es.<\/p>\n<p>La majorit\u00e9 des constructeurs de bateaux nordiques utilisent UPLUS en standard, car la fiabilit\u00e9 op\u00e9rationnelle est la plus importante.<\/p>\n<p>La large gamme permet de trouver facilement la batterie la mieux adapt\u00e9e \u00e0 l&#039;installation ou \u00e0 la source d&#039;alimentation en courant continu.<\/p>","protected":false},"excerpt":{"rendered":"<p>Batterie AGM 33 AH, dur\u00e9e de vie de 10 \u00e0 12 ans pour les syst\u00e8mes de t\u00e9l\u00e9communications, d&#039;alarme et de s\u00e9curit\u00e9.<\/p>","protected":false},"featured_media":142200,"template":"","meta":{"_acf_changed":false},"product_brand":[],"product_cat":[1596,2428],"product_tag":[4406],"class_list":{"0":"post-58461","1":"product","2":"type-product","3":"status-publish","4":"has-post-thumbnail","6":"product_cat-ackumulatorer-12v-agm-batterier","7":"product_cat-stromforsorjning-batterier","8":"product_tag-batteri-13-45-ah","9":"product_shipping_class-tunga-paket","10":"pa_brands-uplus","11":"tm-no-options","13":"first","14":"instock","15":"sale","16":"featured","17":"taxable","18":"shipping-taxable","19":"purchasable","20":"product-type-simple"},"acf":[],"_links":{"self":[{"href":"https:\/\/secureus.se\/fr\/wp-json\/wp\/v2\/product\/58461","targetHints":{"allow":["GET"]}}],"collection":[{"href":"https:\/\/secureus.se\/fr\/wp-json\/wp\/v2\/product"}],"about":[{"href":"https:\/\/secureus.se\/fr\/wp-json\/wp\/v2\/types\/product"}],"wp:featuredmedia":[{"embeddable":true,"href":"https:\/\/secureus.se\/fr\/wp-json\/wp\/v2\/media\/142200"}],"wp:attachment":[{"href":"https:\/\/secureus.se\/fr\/wp-json\/wp\/v2\/media?parent=58461"}],"wp:term":[{"taxonomy":"product_brand","embeddable":true,"href":"https:\/\/secureus.se\/fr\/wp-json\/wp\/v2\/product_brand?post=58461"},{"taxonomy":"product_cat","embeddable":true,"href":"https:\/\/secureus.se\/fr\/wp-json\/wp\/v2\/product_cat?post=58461"},{"taxonomy":"product_tag","embeddable":true,"href":"https:\/\/secureus.se\/fr\/wp-json\/wp\/v2\/product_tag?post=58461"}],"curies":[{"name":"wp","href":"https:\/\/api.w.org\/{rel}","templated":true}]}}