{"id":58467,"date":"2022-10-12T12:37:44","date_gmt":"2022-10-12T10:37:44","guid":{"rendered":"https:\/\/secureus.se\/produkt\/usl12-14\/"},"modified":"2026-04-15T16:18:10","modified_gmt":"2026-04-15T14:18:10","slug":"batteri-12v-14ah","status":"publish","type":"product","link":"https:\/\/secureus.se\/fr\/batteri-12v-14ah\/","title":{"rendered":"Batterie 12 V 14 Ah UPLUS 10-12 ans Version Pro"},"content":{"rendered":"<h4>Batterie UPLUS USL12-14 AGM 12V 14Ah<\/h4>\n<p>UPLUS propose l&#039;une des gammes les plus larges du march\u00e9 de batteries AGM \u00e0 r\u00e9gulation par valve avec une dur\u00e9e de vie de 10 \u00e0 12 ans. La batterie UPLUS USL12-14 AGM est con\u00e7ue pour r\u00e9pondre aux exigences \u00e9lev\u00e9es des applications marines et industrielles, o\u00f9 une fiabilit\u00e9 op\u00e9rationnelle \u00e9lev\u00e9e et une longue dur\u00e9e de vie sont essentielles. Cette batterie est dot\u00e9e de plaques de plomb plus \u00e9paisses et d&#039;un s\u00e9parateur sp\u00e9cialement d\u00e9velopp\u00e9 qui emp\u00eache le gazage, la sulfatation et le court-circuit des microcristaux.<\/p>\n<h3>Caract\u00e9ristiques et avantages<\/h3>\n<ul>\n<li><strong>Technologie AGM de haute qualit\u00e9<\/strong>: Technologie Absorbed Glass Mat (AGM) qui garantit un fonctionnement sans entretien et une grande fiabilit\u00e9.<\/li>\n<li><strong>Longue dur\u00e9e de vie<\/strong>: Con\u00e7u pour durer 10 \u00e0 12 ans, minimisant le besoin de remplacements fr\u00e9quents.<\/li>\n<li><strong>Construction robuste<\/strong>: Fabriqu\u00e9 avec une teneur \u00e9lev\u00e9e en plomb et des plaques \u00e9paisses pour r\u00e9sister aux applications exigeantes.<\/li>\n<li><strong>Utilisation polyvalente<\/strong>: Id\u00e9al pour une utilisation dans les trappes de fum\u00e9e, les syst\u00e8mes d&#039;acc\u00e8s, les syst\u00e8mes de communication dans les ascenseurs et comme batterie consommable dans les bateaux.<\/li>\n<li><strong>Qualit\u00e9 test\u00e9e<\/strong>: Test\u00e9 en plusieurs \u00e9tapes au cours du processus de fabrication pour r\u00e9pondre \u00e0 des exigences de qualit\u00e9 strictes.<\/li>\n<\/ul>\n<h3>Sp\u00e9cification technique<\/h3>\n<ul>\n<li><strong>Capacit\u00e9<\/strong>: 14Ah<\/li>\n<li><strong>Tension<\/strong>: 12 V<\/li>\n<li><strong>Type de poteau<\/strong>:M5<\/li>\n<li><strong>P\u00f4le position<\/strong>: 0<\/li>\n<li><strong>Dimensions<\/strong>: Longueur : 151 mm, Largeur : 98 mm, Hauteur : 95 mm<\/li>\n<li><strong>Poids<\/strong>: 4,2kg<\/li>\n<li><strong>Taper<\/strong>: AGM (Mat de Verre Absorb\u00e9)<\/li>\n<li><strong>Vie<\/strong>: 10-12 ans<\/li>\n<li><strong>Temp\u00e9rature de fonctionnement<\/strong>: -40 \u00e0 +70\u00b0C<\/li>\n<li><strong>Classe de protection<\/strong>:IP55<\/li>\n<li><strong>Max. Courant de d\u00e9charge<\/strong>: 210 A<\/li>\n<li><strong>Tension de charge<\/strong>: Utilisation en cycle : 14,4-15,0 V, Utilisation en veille : 13,5-13,8 V<\/li>\n<\/ul>\n<h3>Domaines d&#039;utilisation<\/h3>\n<p>La batterie UPLUS USL12-14 AGM est id\u00e9ale pour\u00a0:<\/p>\n<ul>\n<li><strong>Applications marines<\/strong>: Parfaite pour les bateaux comme batterie consommable avec de nombreux consommateurs et des charges \u00e9lev\u00e9es.<\/li>\n<li><strong>Applications industrielles<\/strong>: Convient aux portes anti-fum\u00e9e, aux syst\u00e8mes d&#039;acc\u00e8s et aux syst\u00e8mes de communication dans les ascenseurs.<\/li>\n<li><strong>Syst\u00e8me de s\u00e9curit\u00e9<\/strong>: Utilis\u00e9 dans les syst\u00e8mes o\u00f9 une fiabilit\u00e9 \u00e9lev\u00e9e et une longue dur\u00e9e de vie sont des exigences principales.<\/li>\n<\/ul>\n<h3>Installation et entretien<\/h3>\n<ol>\n<li><strong>Montage<\/strong>: Facile \u00e0 installer avec un montage en surface ou encastr\u00e9.<\/li>\n<li><strong>Charge<\/strong>: Utilisez un chargeur pour la charge AGM \u00e0 14,4-15,0 V pour de meilleurs r\u00e9sultats.<\/li>\n<li><strong>Entretien<\/strong>: La technologie AGM signifie que la batterie ne n\u00e9cessite aucun entretien, mais des contr\u00f4les r\u00e9guliers des connexions et de l&#039;\u00e9tat de charge sont recommand\u00e9s.<\/li>\n<\/ol>\n<p class=\"pdf-link-text\"><a href=\"https:\/\/dl.dropboxusercontent.com\/s\/h9uqi940jogqded\/USL12-14.pdf?dl=0\" rel=\"noopener\">Pour plus d&#039;informations sur le produit, t\u00e9l\u00e9chargez la fiche produit ici.<\/a><\/p>","protected":false},"excerpt":{"rendered":"<p><strong>Batterie UPLUS USL12-14 AGM 12V 14Ah \u2013 Dur\u00e9e de vie 10-12 ans<\/strong><\/p>\n<p>La batterie UPLUS USL12-14 AGM offre des performances \u00e9lev\u00e9es et une longue dur\u00e9e de vie pour les applications exigeantes. D&#039;une capacit\u00e9 de 14 Ah et de la technologie AGM, cette batterie ne n\u00e9cessite aucun entretien et est fiable pour les applications marines et industrielles.<\/p>","protected":false},"featured_media":142187,"template":"","meta":{"_acf_changed":false},"product_brand":[],"product_cat":[1596,2428],"product_tag":[4406],"class_list":{"0":"post-58467","1":"product","2":"type-product","3":"status-publish","4":"has-post-thumbnail","6":"product_cat-ackumulatorer-12v-agm-batterier","7":"product_cat-stromforsorjning-batterier","8":"product_tag-batteri-13-45-ah","9":"product_shipping_class-tunga-paket","10":"pa_brands-uplus","11":"tm-no-options","13":"first","14":"instock","15":"sale","16":"featured","17":"taxable","18":"shipping-taxable","19":"purchasable","20":"product-type-simple"},"acf":[],"_links":{"self":[{"href":"https:\/\/secureus.se\/fr\/wp-json\/wp\/v2\/product\/58467","targetHints":{"allow":["GET"]}}],"collection":[{"href":"https:\/\/secureus.se\/fr\/wp-json\/wp\/v2\/product"}],"about":[{"href":"https:\/\/secureus.se\/fr\/wp-json\/wp\/v2\/types\/product"}],"wp:featuredmedia":[{"embeddable":true,"href":"https:\/\/secureus.se\/fr\/wp-json\/wp\/v2\/media\/142187"}],"wp:attachment":[{"href":"https:\/\/secureus.se\/fr\/wp-json\/wp\/v2\/media?parent=58467"}],"wp:term":[{"taxonomy":"product_brand","embeddable":true,"href":"https:\/\/secureus.se\/fr\/wp-json\/wp\/v2\/product_brand?post=58467"},{"taxonomy":"product_cat","embeddable":true,"href":"https:\/\/secureus.se\/fr\/wp-json\/wp\/v2\/product_cat?post=58467"},{"taxonomy":"product_tag","embeddable":true,"href":"https:\/\/secureus.se\/fr\/wp-json\/wp\/v2\/product_tag?post=58467"}],"curies":[{"name":"wp","href":"https:\/\/api.w.org\/{rel}","templated":true}]}}