{"id":58522,"date":"2022-10-10T11:14:31","date_gmt":"2022-10-10T09:14:31","guid":{"rendered":"https:\/\/secureus.se\/produkt\/armbagsbrytare-jck108-245mm-3-2\/"},"modified":"2025-12-31T20:35:27","modified_gmt":"2025-12-31T19:35:27","slug":"armbagskontakt-jck108-245mm-3-2","status":"publish","type":"product","link":"https:\/\/secureus.se\/fr\/armbagskontakt-jck108-245mm-3-2\/","title":{"rendered":"Connecteur coud\u00e9 JCK108 \u2013 245mm"},"content":{"rendered":"<h1>Connecteur coud\u00e9 JCK108<\/h1>\n<section>JCK108 est un connecteur coud\u00e9 en aluminium robuste.<\/section>\n<section><\/section>\n<section>Le mod\u00e8le est dot\u00e9 d&#039;une plaque de pression concave avec des embouts noirs contrast\u00e9s et est particuli\u00e8rement adapt\u00e9 \u00e0 une installation dans des environnements exigeants.<\/section>\n<section>\nLe JCK108 est livr\u00e9 avec 2 microswitches en IP67.<\/section>\n<section>\n<h4>Sp\u00e9cification technique<\/h4>\n<ul>\n<li>Fabriqu\u00e9 en Su\u00e8de.<\/li>\n<li>Mat\u00e9riau : Alu.6060-T6, plastique POM (plastique ac\u00e9tal).<\/li>\n<li>Dimensions l\/l\/h : 245x80x28 mm.<\/li>\n<li>Microinterrupteur : Standard 2 pi\u00e8ces NO IP67. Peut \u00eatre command\u00e9 avec NO\/NC.<\/li>\n<\/ul>\n<\/section>","protected":false},"excerpt":{"rendered":"<p>Dimensions du produit : 245 x 80 x 28 mm.<\/p>\n<p>Raccord coud\u00e9 avec plaque de pression concave en aluminium anodis\u00e9 argent et embouts noirs.<\/p>\n<p>Des embouts blancs sont disponibles en option.<\/p>","protected":false},"featured_media":142008,"template":"","meta":{"_acf_changed":false},"product_brand":[],"product_cat":[1422,4706],"product_tag":[2989],"class_list":{"0":"post-58522","1":"product","2":"type-product","3":"status-publish","4":"has-post-thumbnail","6":"product_cat-armbagskontakter-dorrautomatik","7":"product_cat-metall","8":"product_tag-egen-logo-ej-taggar-kort","9":"product_shipping_class-tunga-paket","10":"pa_brands-jc-kontakter","11":"tm-has-options","13":"first","14":"instock","15":"sale","16":"featured","17":"taxable","18":"shipping-taxable","19":"purchasable","20":"product-type-simple"},"acf":[],"_links":{"self":[{"href":"https:\/\/secureus.se\/fr\/wp-json\/wp\/v2\/product\/58522","targetHints":{"allow":["GET"]}}],"collection":[{"href":"https:\/\/secureus.se\/fr\/wp-json\/wp\/v2\/product"}],"about":[{"href":"https:\/\/secureus.se\/fr\/wp-json\/wp\/v2\/types\/product"}],"wp:featuredmedia":[{"embeddable":true,"href":"https:\/\/secureus.se\/fr\/wp-json\/wp\/v2\/media\/142008"}],"wp:attachment":[{"href":"https:\/\/secureus.se\/fr\/wp-json\/wp\/v2\/media?parent=58522"}],"wp:term":[{"taxonomy":"product_brand","embeddable":true,"href":"https:\/\/secureus.se\/fr\/wp-json\/wp\/v2\/product_brand?post=58522"},{"taxonomy":"product_cat","embeddable":true,"href":"https:\/\/secureus.se\/fr\/wp-json\/wp\/v2\/product_cat?post=58522"},{"taxonomy":"product_tag","embeddable":true,"href":"https:\/\/secureus.se\/fr\/wp-json\/wp\/v2\/product_tag?post=58522"}],"curies":[{"name":"wp","href":"https:\/\/api.w.org\/{rel}","templated":true}]}}