{"id":59032,"date":"2022-07-10T13:27:40","date_gmt":"2022-07-10T11:27:40","guid":{"rendered":"https:\/\/secureus.se\/produkt\/sticker-sjalvhaftande-mifare1k-pappers-30mm\/"},"modified":"2025-12-31T20:24:32","modified_gmt":"2025-12-31T19:24:32","slug":"rfid-stickers-sjalvhaftande-mifare1k-pappers-30mm","status":"publish","type":"product","link":"https:\/\/secureus.se\/fr\/rfid-stickers-sjalvhaftande-mifare1k-pappers-30mm\/","title":{"rendered":"Autocollants RFID autocollants Mifare1k \u2013 Papier 30mm"},"content":{"rendered":"<p>Livr\u00e9 1 et 1 avec surface autocollante et puce int\u00e9gr\u00e9e (Mifare1k)<\/p>\n<p>Parce qu\u2019il est en papier, il est extr\u00eamement fin et relativement fragile.<\/p>\n<p>Si vous souhaitez un b\u00e2ton qui r\u00e9siste mieux aux influences ext\u00e9rieures, choisissez un b\u00e2ton en PVC.<\/p>\n<div>\n<div>\n<div data-tid=\"messageBodyContainer\">\n<div data-tid=\"messageBodyContent\">\n<div>\n<div>\n<div>L&#039;autocollant est un produit bon march\u00e9 et de bonne qualit\u00e9 avec une puce originale pour toutes les applications.<\/div>\n<\/div>\n<\/div>\n<\/div>\n<\/div>\n<\/div>\n<\/div>","protected":false},"excerpt":{"rendered":"<p>Livr\u00e9 1 et 1 avec surface autocollante et puce int\u00e9gr\u00e9e (Mifare1k) Etant en papier, il est extr\u00eamement fin et relativement fragile. Si vous souhaitez rester comme<\/p>","protected":false},"featured_media":141754,"template":"","meta":{"_acf_changed":false},"product_brand":[],"product_cat":[1357],"product_tag":[2958],"class_list":{"0":"post-59032","1":"product","2":"type-product","3":"status-publish","4":"has-post-thumbnail","6":"product_cat-rfid-sticker","7":"product_tag-stonehouse-produkt","8":"product_shipping_class-postnord-varubrev","9":"pa_brands-stonehouse-security","10":"tm-no-options","12":"first","13":"instock","14":"sale","15":"featured","16":"taxable","17":"shipping-taxable","18":"purchasable","19":"product-type-simple"},"acf":[],"_links":{"self":[{"href":"https:\/\/secureus.se\/fr\/wp-json\/wp\/v2\/product\/59032","targetHints":{"allow":["GET"]}}],"collection":[{"href":"https:\/\/secureus.se\/fr\/wp-json\/wp\/v2\/product"}],"about":[{"href":"https:\/\/secureus.se\/fr\/wp-json\/wp\/v2\/types\/product"}],"wp:featuredmedia":[{"embeddable":true,"href":"https:\/\/secureus.se\/fr\/wp-json\/wp\/v2\/media\/141754"}],"wp:attachment":[{"href":"https:\/\/secureus.se\/fr\/wp-json\/wp\/v2\/media?parent=59032"}],"wp:term":[{"taxonomy":"product_brand","embeddable":true,"href":"https:\/\/secureus.se\/fr\/wp-json\/wp\/v2\/product_brand?post=59032"},{"taxonomy":"product_cat","embeddable":true,"href":"https:\/\/secureus.se\/fr\/wp-json\/wp\/v2\/product_cat?post=59032"},{"taxonomy":"product_tag","embeddable":true,"href":"https:\/\/secureus.se\/fr\/wp-json\/wp\/v2\/product_tag?post=59032"}],"curies":[{"name":"wp","href":"https:\/\/api.w.org\/{rel}","templated":true}]}}