{"id":67606,"date":"2022-11-14T16:34:02","date_gmt":"2022-11-14T15:34:02","guid":{"rendered":"https:\/\/secureus.se\/produkt\/ackumulator-6-volt-3-4ah-agility-ny-version-mer-kraft\/"},"modified":"2026-04-02T11:32:02","modified_gmt":"2026-04-02T09:32:02","slug":"batteri-6v-34-ah","status":"publish","type":"product","link":"https:\/\/secureus.se\/fr\/batteri-6v-34-ah\/","title":{"rendered":"Batterie 6V 3,4Ah"},"content":{"rendered":"<h1>Batterie 6V 3,4 Ah<\/h1>\n<p data-start=\"434\" data-end=\"817\">La batterie 6V 3,4 Ah est un composant important dans les syst\u00e8mes d&#039;alarme et de t\u00e9l\u00e9communications qui n\u00e9cessitent une alimentation \u00e9lectrique s\u00fbre et stable.<\/p>\n<p data-start=\"434\" data-end=\"817\">Cette batterie est particuli\u00e8rement utile pour les alarmes Agility et autres syst\u00e8mes utilisant des alimentations 6V.<\/p>\n<p data-start=\"434\" data-end=\"817\">Pour garantir que le syst\u00e8me dispose toujours d\u2019une alimentation de secours fiable, il est recommand\u00e9 de remplacer la batterie apr\u00e8s environ trois ans, quel que soit son \u00e9tat actuel.<\/p>\n<p data-start=\"819\" data-end=\"1097\">Le panneau de contr\u00f4le du syst\u00e8me d&#039;alarme Agility teste r\u00e9guli\u00e8rement le fonctionnement de la batterie, garantissant qu&#039;elle est toujours op\u00e9rationnelle lorsque cela est le plus n\u00e9cessaire.<\/p>\n<p data-start=\"819\" data-end=\"1097\">Cela vous permet d\u2019\u00eatre assur\u00e9 que votre alarme fonctionne correctement et est pr\u00e9par\u00e9e \u00e0 toute urgence.<\/p>\n<p data-start=\"1099\" data-end=\"1466\">La batterie ne n\u00e9cessite aucun entretien, ce qui la rend facile \u00e0 utiliser et \u00e0 installer.<\/p>\n<p data-start=\"1099\" data-end=\"1466\">Avec ses dimensions compactes (134x34x66 mm) et son poids de seulement 0,635 kg, il est facile \u00e0 installer dans divers syst\u00e8mes d&#039;alarme et syst\u00e8mes de s\u00e9curit\u00e9.<\/p>\n<p data-start=\"1099\" data-end=\"1466\">Ses performances durables et fiables en font un excellent choix pour tous les types de syst\u00e8mes d&#039;alarme et de t\u00e9l\u00e9communications o\u00f9 la plus grande fiabilit\u00e9 est requise.<\/p>\n<p data-start=\"1468\" data-end=\"1498\"><strong data-start=\"1468\" data-end=\"1496\">Caract\u00e9ristiques principales\u00a0:<\/strong><\/p>\n<ul data-start=\"1499\" data-end=\"1776\">\n<li data-start=\"1499\" data-end=\"1519\">\n<p data-start=\"1501\" data-end=\"1519\"><strong data-start=\"1501\" data-end=\"1514\">tension:<\/strong> 6V<\/p>\n<\/li>\n<li data-start=\"1520\" data-end=\"1545\">\n<p data-start=\"1522\" data-end=\"1545\"><strong data-start=\"1522\" data-end=\"1536\">Capacit\u00e9:<\/strong> 3,4 Ah<\/p>\n<\/li>\n<li data-start=\"1546\" data-end=\"1587\">\n<p data-start=\"1548\" data-end=\"1587\"><strong data-start=\"1548\" data-end=\"1560\">Taille:<\/strong> 134 x 34 x 66 mm (L x l x H)<\/p>\n<\/li>\n<li data-start=\"1588\" data-end=\"1610\">\n<p data-start=\"1590\" data-end=\"1610\"><strong data-start=\"1590\" data-end=\"1599\">Poids:<\/strong> 0,635kg<\/p>\n<\/li>\n<li data-start=\"1611\" data-end=\"1671\">\n<p data-start=\"1613\" data-end=\"1671\"><strong data-start=\"1613\" data-end=\"1628\">Utiliser:<\/strong> Syst\u00e8mes d&#039;alarme et de t\u00e9l\u00e9communication, alarmes Agility<\/p>\n<\/li>\n<li data-start=\"1672\" data-end=\"1699\">\n<p data-start=\"1674\" data-end=\"1699\"><strong data-start=\"1674\" data-end=\"1694\">Sans entretien :<\/strong> Oui<\/p>\n<\/li>\n<li data-start=\"1700\" data-end=\"1732\">\n<p data-start=\"1702\" data-end=\"1732\"><strong data-start=\"1702\" data-end=\"1716\">Vie:<\/strong> Jusqu&#039;\u00e0 3 ans<\/p>\n<\/li>\n<li data-start=\"1733\" data-end=\"1776\">\n<p data-start=\"1735\" data-end=\"1776\"><strong data-start=\"1735\" data-end=\"1764\">Num\u00e9ro d&#039;article du fournisseur :<\/strong> 500034-6V<\/p>\n<\/li>\n<\/ul>\n<p data-start=\"1778\" data-end=\"1793\"><strong data-start=\"1778\" data-end=\"1791\">Avantages :<\/strong><\/p>\n<ul data-start=\"1794\" data-end=\"2113\">\n<li data-start=\"1794\" data-end=\"1847\">\n<p data-start=\"1796\" data-end=\"1847\"><strong data-start=\"1796\" data-end=\"1815\">Sans entretien<\/strong> \u2013 N\u00e9cessite une supervision minimale<\/p>\n<\/li>\n<li data-start=\"1848\" data-end=\"1923\">\n<p data-start=\"1850\" data-end=\"1923\"><strong data-start=\"1850\" data-end=\"1874\">Haute fiabilit\u00e9<\/strong> \u2013 Parfait pour les applications d\u2019alarme et de s\u00e9curit\u00e9<\/p>\n<\/li>\n<li data-start=\"1924\" data-end=\"2031\">\n<p data-start=\"1926\" data-end=\"2031\"><strong data-start=\"1926\" data-end=\"1946\">Garantie de s\u00e9curit\u00e9<\/strong> \u2013 Tests r\u00e9guliers du syst\u00e8me Agility pour garantir le fonctionnement de la batterie<\/p>\n<\/li>\n<li data-start=\"2032\" data-end=\"2113\">\n<p data-start=\"2034\" data-end=\"2113\"><strong data-start=\"2034\" data-end=\"2052\">Longue dur\u00e9e de vie<\/strong> \u2013 Jusqu\u2019\u00e0 3 ans d\u2019utilisation pour une alimentation de secours s\u00fbre et stable<\/p>\n<\/li>\n<\/ul>\n<p data-start=\"2115\" data-end=\"2410\">En r\u00e9sum\u00e9, la batterie 6V 3,4 Ah est une solution fiable pour les syst\u00e8mes de s\u00e9curit\u00e9 et de t\u00e9l\u00e9communications qui n\u00e9cessitent une alimentation \u00e9lectrique stable.<\/p>\n<p data-start=\"2115\" data-end=\"2410\">Il offre des performances et une s\u00e9curit\u00e9 durables, ce qui en fait un excellent choix pour quiconque cherche \u00e0 maintenir un fonctionnement fiable de ses syst\u00e8mes de s\u00e9curit\u00e9.<\/p>","protected":false},"excerpt":{"rendered":"<p>La batterie 6V 3,4 Ah est une batterie sans entretien con\u00e7ue pour \u00eatre utilis\u00e9e dans les syst\u00e8mes d&#039;alarme et de t\u00e9l\u00e9communications, y compris les syst\u00e8mes d&#039;alarme Agility.<\/p>\n<p>Il assure une alimentation de secours fiable jusqu&#039;\u00e0 trois ans et doit \u00eatre remplac\u00e9 apr\u00e8s cette p\u00e9riode pour maintenir la fonctionnalit\u00e9 et la s\u00e9curit\u00e9.<\/p>","protected":false},"featured_media":142069,"template":"","meta":{"_acf_changed":false},"product_brand":[],"product_cat":[1596,2428,1862],"product_tag":[4513,2419,2426],"class_list":{"0":"post-67606","1":"product","2":"type-product","3":"status-publish","4":"has-post-thumbnail","6":"product_cat-ackumulatorer-12v-agm-batterier","7":"product_cat-stromforsorjning-batterier","8":"product_cat-batterier-knappcell","9":"product_tag-batteri-1-6-ah","10":"product_tag-rel-batteri","11":"product_tag-rel-risco","12":"product_shipping_class-tunga-paket","13":"pa_brands-stonehouse-security","14":"pa_risco-produkter-agility-2","15":"pa_risco-produkter-agility-3","16":"pa_risco-produkter-agility-4","17":"tm-no-options","19":"first","20":"instock","21":"sale","22":"featured","23":"taxable","24":"shipping-taxable","25":"purchasable","26":"product-type-simple"},"acf":[],"_links":{"self":[{"href":"https:\/\/secureus.se\/fr\/wp-json\/wp\/v2\/product\/67606","targetHints":{"allow":["GET"]}}],"collection":[{"href":"https:\/\/secureus.se\/fr\/wp-json\/wp\/v2\/product"}],"about":[{"href":"https:\/\/secureus.se\/fr\/wp-json\/wp\/v2\/types\/product"}],"wp:featuredmedia":[{"embeddable":true,"href":"https:\/\/secureus.se\/fr\/wp-json\/wp\/v2\/media\/142069"}],"wp:attachment":[{"href":"https:\/\/secureus.se\/fr\/wp-json\/wp\/v2\/media?parent=67606"}],"wp:term":[{"taxonomy":"product_brand","embeddable":true,"href":"https:\/\/secureus.se\/fr\/wp-json\/wp\/v2\/product_brand?post=67606"},{"taxonomy":"product_cat","embeddable":true,"href":"https:\/\/secureus.se\/fr\/wp-json\/wp\/v2\/product_cat?post=67606"},{"taxonomy":"product_tag","embeddable":true,"href":"https:\/\/secureus.se\/fr\/wp-json\/wp\/v2\/product_tag?post=67606"}],"curies":[{"name":"wp","href":"https:\/\/api.w.org\/{rel}","templated":true}]}}