{"id":68285,"date":"2022-11-21T17:14:52","date_gmt":"2022-11-21T16:14:52","guid":{"rendered":"https:\/\/secureus.se\/produkt\/visonic-kf-234-pg2-powerg-wireless-keyfob-transmitter\/"},"modified":"2026-04-09T11:36:27","modified_gmt":"2026-04-09T09:36:27","slug":"fjarrkontroll-kf-234-pg2-visonic","status":"publish","type":"product","link":"https:\/\/secureus.se\/fr\/fjarrkontroll-kf-234-pg2-visonic\/","title":{"rendered":"T\u00e9l\u00e9commande KF-234 PG2 PowerG \u2013 Visonic"},"content":{"rendered":"<h1>T\u00e9l\u00e9commande KF-234 PG2 \u2013 T\u00e9l\u00e9commande pratique et s\u00e9curis\u00e9e pour votre syst\u00e8me d&#039;alarme<\/h1>\n<p>Le KF-234 PG2 est la solution parfaite pour g\u00e9rer facilement votre syst\u00e8me d&#039;alarme Visonic PowerMaster.<\/p>\n<p>Gr\u00e2ce \u00e0 ses quatre boutons de fonction, vous pouvez activer, d\u00e9sactiver et activer le mode de protection de la coque ainsi que d\u00e9clencher une alarme de panique, le tout par simple pression sur un bouton.<\/p>\n<p>Gr\u00e2ce aux protocoles de s\u00e9curit\u00e9 avanc\u00e9s de la technologie PowerG, le KF-234 PG2 offre une port\u00e9e qui d\u00e9passe les normes de l&#039;industrie, ce qui le rend id\u00e9al m\u00eame pour les grands espaces sans avoir besoin de r\u00e9p\u00e9teurs suppl\u00e9mentaires.<\/p>\n<p>Avec une dur\u00e9e de vie des piles allant jusqu&#039;\u00e0 8 ans, vous devez rarement penser \u00e0 changer les piles, ce qui facilite encore plus l&#039;utilisation.<\/p>\n<h4>Avantages :<\/h4>\n<ul>\n<li><strong>S\u00e9curit\u00e9 et confort<\/strong>: Activation et d\u00e9sactivation faciles de l&#039;alarme.<\/li>\n<li><strong>Communication bidirectionnelle<\/strong>: Obtenez la confirmation des commandes ex\u00e9cut\u00e9es via des indicateurs LED.<\/li>\n<li><strong>Longue dur\u00e9e de vie de la batterie<\/strong>:Jusqu&#039;\u00e0 8 ans pour une utilisation fiable.<\/li>\n<li><strong>Conception compacte<\/strong>:Petit et pratique, facile \u00e0 transporter.<\/li>\n<\/ul>\n<p>Le KF-234 PG2 est le choix ultime pour ceux qui recherchent s\u00e9curit\u00e9 et facilit\u00e9 d&#039;utilisation dans un seul appareil.<\/p>","protected":false},"excerpt":{"rendered":"<p>La KF-234 PG2 est une t\u00e9l\u00e9commande sans fil \u00e0 quatre boutons qui facilite le contr\u00f4le de votre syst\u00e8me d&#039;alarme Visonic PowerMaster.<\/p>\n<p>Dot\u00e9 de la technologie PowerG et d&#039;une autonomie de batterie allant jusqu&#039;\u00e0 8 ans, il est \u00e0 la fois fiable et s\u00fbr.<\/p>","protected":false},"featured_media":141174,"template":"","meta":{"_acf_changed":false},"product_brand":[],"product_cat":[3378,2732],"product_tag":[2327],"class_list":{"0":"post-68285","1":"product","2":"type-product","3":"status-publish","4":"has-post-thumbnail","6":"product_cat-visonic-larmstyrning-knappsatser","7":"product_cat-visonic-larm-tradlost","8":"product_tag-visonic-fjarr-assistansknapp","9":"product_shipping_class-postnord-varubrev","10":"pa_brands-5visonic","11":"pa_farg-svart","12":"tm-no-options","14":"first","15":"instock","16":"sale","17":"featured","18":"taxable","19":"shipping-taxable","20":"purchasable","21":"product-type-simple"},"acf":[],"_links":{"self":[{"href":"https:\/\/secureus.se\/fr\/wp-json\/wp\/v2\/product\/68285","targetHints":{"allow":["GET"]}}],"collection":[{"href":"https:\/\/secureus.se\/fr\/wp-json\/wp\/v2\/product"}],"about":[{"href":"https:\/\/secureus.se\/fr\/wp-json\/wp\/v2\/types\/product"}],"wp:featuredmedia":[{"embeddable":true,"href":"https:\/\/secureus.se\/fr\/wp-json\/wp\/v2\/media\/141174"}],"wp:attachment":[{"href":"https:\/\/secureus.se\/fr\/wp-json\/wp\/v2\/media?parent=68285"}],"wp:term":[{"taxonomy":"product_brand","embeddable":true,"href":"https:\/\/secureus.se\/fr\/wp-json\/wp\/v2\/product_brand?post=68285"},{"taxonomy":"product_cat","embeddable":true,"href":"https:\/\/secureus.se\/fr\/wp-json\/wp\/v2\/product_cat?post=68285"},{"taxonomy":"product_tag","embeddable":true,"href":"https:\/\/secureus.se\/fr\/wp-json\/wp\/v2\/product_tag?post=68285"}],"curies":[{"name":"wp","href":"https:\/\/api.w.org\/{rel}","templated":true}]}}