{"id":68291,"date":"2022-11-21T17:14:37","date_gmt":"2022-11-21T16:14:37","guid":{"rendered":"https:\/\/secureus.se\/produkt\/visonic-kp-241-pg2-powerg-wireless-2-way-portable-keypad-with-built-in-proximity-tag-reader\/"},"modified":"2026-04-23T13:32:39","modified_gmt":"2026-04-23T11:32:39","slug":"panel-kp-241-pg2-visonic","status":"publish","type":"product","link":"https:\/\/secureus.se\/fr\/panel-kp-241-pg2-visonic\/","title":{"rendered":"Panneau KP-241 PG2 PowerG \u2013 Visonic"},"content":{"rendered":"<h1>Panneau KP-241 PG2 \u2013 Le clavier parfait pour la s\u00e9curit\u00e9 et le contr\u00f4le<\/h1>\n<p>Le KP-241 PG2 de Visonic est un clavier portable sans fil con\u00e7u pour offrir aux utilisateurs un contr\u00f4le pratique et s\u00e9curis\u00e9 des syst\u00e8mes d&#039;alarme PowerMaster.<\/p>\n<p>Avec son design moderne et \u00e9l\u00e9gant, il s&#039;int\u00e8gre parfaitement dans les environnements domestiques et professionnels.<\/p>\n<p>Le clavier dispose d&#039;une communication bidirectionnelle int\u00e9gr\u00e9e qui garantit que les commandes sont ex\u00e9cut\u00e9es et que l&#039;\u00e9tat du syst\u00e8me est indiqu\u00e9 visuellement et sonorement.<\/p>\n<p>Le lecteur de proximit\u00e9 int\u00e9gr\u00e9 facilite l&#039;armement et le d\u00e9sarmement du syst\u00e8me sans code.<\/p>\n<p>Des fonctionnalit\u00e9s telles que l&#039;alarme d&#039;urgence, les boutons \u00e9clair\u00e9s et la longue port\u00e9e de transmission font du KP-241 PG2 un \u00e9l\u00e9ment indispensable de votre syst\u00e8me de s\u00e9curit\u00e9.<\/p>\n<p>Il peut \u00eatre utilis\u00e9 comme unit\u00e9 portable ou mont\u00e9 sur le mur avec un interrupteur anti-sabotage pour plus de s\u00e9curit\u00e9.<\/p>\n<p>Avec une longue dur\u00e9e de vie de la batterie allant jusqu&#039;\u00e0 trois ans et une installation facile, le KP-241 PG2 est \u00e0 la fois pratique et \u00e9conomique.<\/p>","protected":false},"excerpt":{"rendered":"<p>Le KP-241 PG2 est un clavier sans fil moderne avec communication bidirectionnelle et lecteur de proximit\u00e9 int\u00e9gr\u00e9.<\/p>\n<p>Id\u00e9al pour un contr\u00f4le facile des syst\u00e8mes d&#039;alarme PowerMaster, avec indication d&#039;\u00e9tat visible et sonore et conception ergonomique pour une utilisation portable ou murale.<\/p>","protected":false},"featured_media":141319,"template":"","meta":{"_acf_changed":false},"product_brand":[],"product_cat":[3378],"product_tag":[2330],"class_list":{"0":"post-68291","1":"product","2":"type-product","3":"status-publish","4":"has-post-thumbnail","6":"product_cat-visonic-larmstyrning-knappsatser","7":"product_tag-visonic-manoverpanel","8":"product_shipping_class-tunga-paket","9":"pa_brands-5visonic","10":"tm-no-options","12":"first","13":"onbackorder","14":"sale","15":"taxable","16":"shipping-taxable","17":"purchasable","18":"product-type-simple"},"acf":[],"_links":{"self":[{"href":"https:\/\/secureus.se\/fr\/wp-json\/wp\/v2\/product\/68291","targetHints":{"allow":["GET"]}}],"collection":[{"href":"https:\/\/secureus.se\/fr\/wp-json\/wp\/v2\/product"}],"about":[{"href":"https:\/\/secureus.se\/fr\/wp-json\/wp\/v2\/types\/product"}],"wp:featuredmedia":[{"embeddable":true,"href":"https:\/\/secureus.se\/fr\/wp-json\/wp\/v2\/media\/141319"}],"wp:attachment":[{"href":"https:\/\/secureus.se\/fr\/wp-json\/wp\/v2\/media?parent=68291"}],"wp:term":[{"taxonomy":"product_brand","embeddable":true,"href":"https:\/\/secureus.se\/fr\/wp-json\/wp\/v2\/product_brand?post=68291"},{"taxonomy":"product_cat","embeddable":true,"href":"https:\/\/secureus.se\/fr\/wp-json\/wp\/v2\/product_cat?post=68291"},{"taxonomy":"product_tag","embeddable":true,"href":"https:\/\/secureus.se\/fr\/wp-json\/wp\/v2\/product_tag?post=68291"}],"curies":[{"name":"wp","href":"https:\/\/api.w.org\/{rel}","templated":true}]}}