{"id":68295,"date":"2022-11-21T17:14:21","date_gmt":"2022-11-21T16:14:21","guid":{"rendered":"https:\/\/secureus.se\/produkt\/visonic-9-103891-4g-lte-communicator-for-pm360-360r\/"},"modified":"2025-12-31T20:30:56","modified_gmt":"2025-12-31T19:30:56","slug":"larmsandare-4g-powermaster-visonic","status":"publish","type":"product","link":"https:\/\/secureus.se\/fr\/larmsandare-4g-powermaster-visonic\/","title":{"rendered":"Transmetteur d&#039;alarme 4G Powermaster LTE Communicateur pour Pm360 \/ 360R \u2013 Visonic"},"content":{"rendered":"<h1>Transmetteur d&#039;alarme 4G Powermaster LTE Communicator \u2013 S\u00e9curit\u00e9 et maison intelligente en parfaite harmonie<\/h1>\n<p>Faites passer votre PowerMaster 360\/360R au niveau sup\u00e9rieur avec le communicateur 4G Powermaster LTE, un module de communication r\u00e9volutionnaire qui combine s\u00e9curit\u00e9, s\u00fbret\u00e9 et domotique intelligente.<\/p>\n<p>Id\u00e9al pour les clients qui souhaitent une solution int\u00e9gr\u00e9e pour la s\u00e9curit\u00e9 et le contr\u00f4le de la maison intelligente.<\/p>\n<p>Ce module permet la connexion via 4G\/LTE et est compatible avec PowerMaster 360\/360R \u00e0 partir de la version 19.<\/p>\n<p>Avec une plateforme bas\u00e9e sur le cloud et une application mobile conviviale, vous pouvez facilement contr\u00f4ler votre maison, surveiller la s\u00e9curit\u00e9 et g\u00e9rer les appareils \u00e9lectrom\u00e9nagers, le tout depuis votre smartphone.<\/p>\n<p><strong>Principales caract\u00e9ristiques\u00a0:<\/strong><\/p>\n<ul>\n<li><strong>Technologie de s\u00e9curit\u00e9 PowerG\u2122 :<\/strong> Communication sans fil s\u00e9curis\u00e9e et stable.<\/li>\n<li><strong>Wi-Fi et Z-Wave :<\/strong> Int\u00e9grez les appareils domestiques intelligents \u00e0 votre syst\u00e8me de s\u00e9curit\u00e9.<\/li>\n<li><strong>Contr\u00f4le bas\u00e9 sur le cloud :<\/strong> Acc\u00e9dez au syst\u00e8me \u00e0 tout moment via l&#039;application mobile.<\/li>\n<li><strong>Batterie de secours\u00a0:<\/strong> Assure le fonctionnement m\u00eame en cas de panne de courant.<\/li>\n<li><strong>Flexibilit\u00e9:<\/strong> Utiliser comme passerelle unique pour la s\u00e9curit\u00e9, la s\u00fbret\u00e9 et la domotique intelligente.<\/li>\n<\/ul>\n<p>Avec son installation facile et son exp\u00e9rience utilisateur intuitive, cette solution est parfaite pour les maisons et les entreprises.<\/p>","protected":false},"excerpt":{"rendered":"<p>L&#039;\u00e9metteur d&#039;alarme 4G Powermaster LTE Communicator est un module 4G\/LTE pour PowerMaster 360\/360R.<\/p>\n<p>Il combine s\u00e9curit\u00e9, domotique intelligente et contr\u00f4le bas\u00e9 sur le cloud via l&#039;application mobile.<\/p>","protected":false},"featured_media":142101,"template":"","meta":{"_acf_changed":false},"product_brand":[],"product_cat":[3375],"product_tag":[2331],"class_list":{"0":"post-68295","1":"product","2":"type-product","3":"status-publish","4":"has-post-thumbnail","6":"product_cat-visonic-larmsandare-ip-4g","7":"product_tag-visonic-larmoverforing","8":"product_shipping_class-postnord-varubrev","9":"pa_brands-5visonic","10":"tm-no-options","12":"first","13":"instock","14":"featured","15":"taxable","16":"shipping-taxable","17":"purchasable","18":"product-type-simple"},"acf":[],"_links":{"self":[{"href":"https:\/\/secureus.se\/fr\/wp-json\/wp\/v2\/product\/68295","targetHints":{"allow":["GET"]}}],"collection":[{"href":"https:\/\/secureus.se\/fr\/wp-json\/wp\/v2\/product"}],"about":[{"href":"https:\/\/secureus.se\/fr\/wp-json\/wp\/v2\/types\/product"}],"wp:featuredmedia":[{"embeddable":true,"href":"https:\/\/secureus.se\/fr\/wp-json\/wp\/v2\/media\/142101"}],"wp:attachment":[{"href":"https:\/\/secureus.se\/fr\/wp-json\/wp\/v2\/media?parent=68295"}],"wp:term":[{"taxonomy":"product_brand","embeddable":true,"href":"https:\/\/secureus.se\/fr\/wp-json\/wp\/v2\/product_brand?post=68295"},{"taxonomy":"product_cat","embeddable":true,"href":"https:\/\/secureus.se\/fr\/wp-json\/wp\/v2\/product_cat?post=68295"},{"taxonomy":"product_tag","embeddable":true,"href":"https:\/\/secureus.se\/fr\/wp-json\/wp\/v2\/product_tag?post=68295"}],"curies":[{"name":"wp","href":"https:\/\/api.w.org\/{rel}","templated":true}]}}