{"id":68299,"date":"2022-11-21T17:14:06","date_gmt":"2022-11-21T16:14:06","guid":{"rendered":"https:\/\/secureus.se\/produkt\/visonic-0-103371-pmaster-10-swe-triple-panel\/"},"modified":"2026-03-27T10:30:16","modified_gmt":"2026-03-27T09:30:16","slug":"visonic-powermaster-10-centralenhet-v20-panel","status":"publish","type":"product","link":"https:\/\/secureus.se\/fr\/visonic-powermaster-10-centralenhet-v20-panel\/","title":{"rendered":"Visonic PowerMaster 10 Unit\u00e9 centrale V20 Panneau"},"content":{"rendered":"<div id=\"content-2\">\n<div id=\"textholder_1\" class=\"overflow-text u-typography-body-medium full-content\">\n<div id=\"content-1\" class=\"accordion-content\">\n<h1>Unit\u00e9 centrale Visonic PowerMaster 10 \u2013 S\u00e9curit\u00e9 et automatisation professionnelles<\/h1>\n<p>Le PowerMaster-10 est une unit\u00e9 centrale sans fil con\u00e7ue pour offrir un maximum de s\u00e9curit\u00e9 et de commodit\u00e9 \u00e0 votre maison ou votre entreprise.<\/p>\n<p>Dot\u00e9 de la technologie avanc\u00e9e PowerG de Visonics, le syst\u00e8me offre une port\u00e9e sup\u00e9rieure, des performances robustes et une faible consommation d&#039;\u00e9nergie.<\/p>\n<p>Le syst\u00e8me prend en charge 28 zones sans fil et une zone filaire, ce qui le rend flexible pour tous les types de besoins de s\u00e9curit\u00e9.<\/p>\n<p>Avec des chemins de rapport triples via PSTN, Ethernet et GPRS, l&#039;alarme peut toujours communiquer, quelle que soit la situation.<\/p>\n<p><strong>Principales caract\u00e9ristiques\u00a0:<\/strong><\/p>\n<ul>\n<li><strong>Technologie PowerG<\/strong>:Port\u00e9e sans fil sup\u00e9rieure et cryptage AES-128.<\/li>\n<li><strong>Prise en charge de 28 zones<\/strong>:Id\u00e9al pour les installations de petite et moyenne taille.<\/li>\n<li><strong>Chemins de reporting triples<\/strong>:Connexion s\u00e9curis\u00e9e via PSTN, Ethernet ou GPRS.<\/li>\n<li><strong>Sir\u00e8ne int\u00e9gr\u00e9e et \u00e9cran LCD<\/strong>:Convivial et efficace.<\/li>\n<li><strong>Longue dur\u00e9e de vie de la batterie<\/strong>:Jusqu&#039;\u00e0 24 heures de r\u00e9serve de marche avec batterie de secours.<\/li>\n<\/ul>\n<p>Que vous recherchiez une solution pour votre maison ou votre bureau, le PowerMaster-10 est le choix parfait pour prot\u00e9ger ce qui est important pour vous.<\/p>\n<\/div>\n<\/div>\n<\/div>","protected":false},"excerpt":{"rendered":"<p><strong>Unit\u00e9 centrale PowerMaster-10 \u2013 Votre solution de s\u00e9curit\u00e9<\/strong><br \/>\nLe PowerMaster-10 offre une solution professionnelle sans fil pour la s\u00e9curit\u00e9 et l&#039;automatisation.<\/p>\n<p>Avec la prise en charge de 28 zones, une sir\u00e8ne int\u00e9gr\u00e9e et une batterie de secours, ce syst\u00e8me est parfait pour les maisons et les entreprises.<\/p>","protected":false},"featured_media":142108,"template":"","meta":{"_acf_changed":false},"product_brand":[],"product_cat":[3374],"product_tag":[2472,2330],"class_list":{"0":"post-68299","1":"product","2":"type-product","3":"status-publish","4":"has-post-thumbnail","6":"product_cat-visonic-centralenhet-panel","7":"product_tag-sbsc-larmklassr","8":"product_tag-visonic-manoverpanel","9":"product_shipping_class-tunga-paket","10":"pa_brands-5visonic","11":"tm-no-options","13":"first","14":"outofstock","15":"sale","16":"featured","17":"taxable","18":"shipping-taxable","19":"purchasable","20":"product-type-simple"},"acf":[],"_links":{"self":[{"href":"https:\/\/secureus.se\/fr\/wp-json\/wp\/v2\/product\/68299","targetHints":{"allow":["GET"]}}],"collection":[{"href":"https:\/\/secureus.se\/fr\/wp-json\/wp\/v2\/product"}],"about":[{"href":"https:\/\/secureus.se\/fr\/wp-json\/wp\/v2\/types\/product"}],"wp:featuredmedia":[{"embeddable":true,"href":"https:\/\/secureus.se\/fr\/wp-json\/wp\/v2\/media\/142108"}],"wp:attachment":[{"href":"https:\/\/secureus.se\/fr\/wp-json\/wp\/v2\/media?parent=68299"}],"wp:term":[{"taxonomy":"product_brand","embeddable":true,"href":"https:\/\/secureus.se\/fr\/wp-json\/wp\/v2\/product_brand?post=68299"},{"taxonomy":"product_cat","embeddable":true,"href":"https:\/\/secureus.se\/fr\/wp-json\/wp\/v2\/product_cat?post=68299"},{"taxonomy":"product_tag","embeddable":true,"href":"https:\/\/secureus.se\/fr\/wp-json\/wp\/v2\/product_tag?post=68299"}],"curies":[{"name":"wp","href":"https:\/\/api.w.org\/{rel}","templated":true}]}}