{"id":68307,"date":"2022-11-21T17:13:43","date_gmt":"2022-11-21T16:13:43","guid":{"rendered":"https:\/\/secureus.se\/produkt\/visonic-9-103877-til-kontrolpanel-lte-868-cat4-pm-10-30-33\/"},"modified":"2026-04-02T15:07:47","modified_gmt":"2026-04-02T13:07:47","slug":"4g-visonic","status":"publish","type":"product","link":"https:\/\/secureus.se\/fr\/4g-visonic\/","title":{"rendered":"Module de communication Visonic 4G\/LTE pour PowerMaster 10\/30\/33"},"content":{"rendered":"<h2 data-start=\"429\" data-end=\"495\"><strong data-start=\"432\" data-end=\"495\">Module de communication Visonic 4G\/LTE pour PowerMaster 10\/30\/33<\/strong><\/h2>\n<p data-start=\"497\" data-end=\"768\">Le module de communication Visonic 4G\/LTE facilite la mise \u00e0 niveau de votre syst\u00e8me d&#039;alarme PowerMaster 10, 30 ou 33 existant vers une communication 4G moderne.<br data-start=\"630\" data-end=\"633\" \/>Ce module remplace les anciens modules 2G ou 3G et garantit le fonctionnement continu de votre syst\u00e8me m\u00eame lorsque les anciens r\u00e9seaux mobiles seront progressivement abandonn\u00e9s.<\/p>\n<p data-start=\"770\" data-end=\"1024\">L&#039;installation est simple et peut \u00eatre r\u00e9alis\u00e9e par vous-m\u00eame. Le module de communication existant est retir\u00e9 et remplac\u00e9 par le nouveau module Visonic 4G d&#039;origine, qui se monte directement dans l&#039;unit\u00e9 centrale. Des instructions d&#039;installation claires sont fournies et aucun outil sp\u00e9cifique n&#039;est requis.<\/p>\n<p data-start=\"1026\" data-end=\"1266\">Le module Visonic 4G\/LTE assure une communication rapide, stable et s\u00e9curis\u00e9e pour le signalement d&#039;\u00e9v\u00e9nements et le contr\u00f4le \u00e0 distance. Il utilise le r\u00e9seau LTE (4G) comme voie de communication principale, mais peut basculer automatiquement sur un autre r\u00e9seau en cas de besoin afin de garantir un fonctionnement continu.<\/p>\n<p data-start=\"1268\" data-end=\"1415\">Le module est compatible avec PowerMaster 10, 30 et 33 (version 18.04 ou sup\u00e9rieure) et prend en charge la communication via les protocoles SIA\/IP, SIA et Contact ID.<\/p>\n<hr data-start=\"1417\" data-end=\"1420\" \/>\n<h3 data-start=\"1422\" data-end=\"1453\"><strong data-start=\"1426\" data-end=\"1453\">Caract\u00e9ristiques et avantages<\/strong><\/h3>\n<ul data-start=\"1454\" data-end=\"1927\">\n<li data-start=\"1454\" data-end=\"1512\">\n<p data-start=\"1456\" data-end=\"1512\">Passez facilement de la communication 2G\/3G \u00e0 la 4G\/LTE<\/p>\n<\/li>\n<li data-start=\"1513\" data-end=\"1587\">\n<p data-start=\"1515\" data-end=\"1587\">Connexion rapide et stable pour le signalement d&#039;\u00e9v\u00e9nements et le contr\u00f4le \u00e0 distance<\/p>\n<\/li>\n<li data-start=\"1588\" data-end=\"1660\">\n<p data-start=\"1590\" data-end=\"1660\">Compatible avec PowerMaster 10, 30 et 33 (version 18.04 ou sup\u00e9rieure)<\/p>\n<\/li>\n<li data-start=\"1661\" data-end=\"1726\">\n<p data-start=\"1663\" data-end=\"1726\">Installation facile \u2013 remplacez votre ancien module. Manuel et instructions inclus.<\/p>\n<\/li>\n<li data-start=\"1727\" data-end=\"1794\">\n<p data-start=\"1729\" data-end=\"1794\">Communication bidirectionnelle compl\u00e8te via SIA\/IP, SIA et identifiant de contact<\/p>\n<\/li>\n<li data-start=\"1795\" data-end=\"1862\">\n<p data-start=\"1797\" data-end=\"1862\">Possibilit\u00e9 de connecter une antenne externe pour am\u00e9liorer la puissance du signal.<\/p>\n<\/li>\n<li data-start=\"1863\" data-end=\"1927\">\n<p data-start=\"1865\" data-end=\"1927\">Solution s\u00e9curis\u00e9e et p\u00e9renne en cas de mise hors service des r\u00e9seaux existants<\/p>\n<\/li>\n<\/ul>\n<hr data-start=\"1929\" data-end=\"1932\" \/>\n<h3 data-start=\"1934\" data-end=\"1957\"><strong data-start=\"1938\" data-end=\"1957\">Caract\u00e9ristiques<\/strong><\/h3>\n<ul data-start=\"1958\" data-end=\"2329\">\n<li data-start=\"1986\" data-end=\"2044\">\n<p data-start=\"1988\" data-end=\"2044\"><strong data-start=\"1988\" data-end=\"2006\">Communication:<\/strong> 4G\/LTE (compatible avec repli 2G)<\/p>\n<\/li>\n<li data-start=\"2045\" data-end=\"2139\">\n<p data-start=\"2047\" data-end=\"2139\"><strong data-start=\"2047\" data-end=\"2072\">Panneaux de commande compatibles\u00a0:<\/strong> PowerMaster 10, PowerMaster 30, PowerMaster 33 (version \u2265 18.04)<\/p>\n<\/li>\n<li data-start=\"2140\" data-end=\"2182\">\n<p data-start=\"2142\" data-end=\"2182\"><strong data-start=\"2142\" data-end=\"2156\">Protocole:<\/strong> SIA\/IP, SIA, Identifiant de contact<\/p>\n<\/li>\n<li data-start=\"2183\" data-end=\"2225\">\n<p data-start=\"2185\" data-end=\"2225\"><strong data-start=\"2185\" data-end=\"2199\">Montage:<\/strong> Directement dans l&#039;unit\u00e9 centrale<\/p>\n<\/li>\n<li data-start=\"2226\" data-end=\"2268\">\n<p data-start=\"2228\" data-end=\"2268\"><strong data-start=\"2228\" data-end=\"2249\">Alimentation\u00a0:<\/strong> Via l&#039;unit\u00e9 centrale<\/p>\n<\/li>\n<li data-start=\"2269\" data-end=\"2297\">\n<p data-start=\"2271\" data-end=\"2297\"><strong data-start=\"2271\" data-end=\"2287\">Fabricant:<\/strong> Visonique<\/p>\n<\/li>\n<li data-start=\"2298\" data-end=\"2329\">\n<p data-start=\"2300\" data-end=\"2329\"><strong data-start=\"2300\" data-end=\"2318\">Num\u00e9ro d&#039;article\u00a0:<\/strong> 9-103877<\/p>\n<\/li>\n<\/ul>\n<hr data-start=\"2331\" data-end=\"2334\" \/>\n<h3 data-start=\"2336\" data-end=\"2394\"><strong data-start=\"2340\" data-end=\"2394\">Comment v\u00e9rifier la version de votre PowerMaster 10<\/strong><\/h3>\n<p data-start=\"2395\" data-end=\"2510\">Pour vous assurer que votre panneau de commande est compatible avec ce module (n\u00e9cessite la version 18.04 ou sup\u00e9rieure), proc\u00e9dez comme suit\u00a0:<\/p>\n<ol data-start=\"2511\" data-end=\"2718\">\n<li data-start=\"2511\" data-end=\"2568\">\n<p data-start=\"2514\" data-end=\"2568\">Aller \u00e0 <strong data-start=\"2522\" data-end=\"2543\">Menu d&#039;installation<\/strong> sur votre PowerMaster 10.<\/p>\n<\/li>\n<li data-start=\"2569\" data-end=\"2595\">\n<p data-start=\"2572\" data-end=\"2595\">Choisir <strong data-start=\"2577\" data-end=\"2592\">Num\u00e9ro de s\u00e9rie<\/strong>.<\/p>\n<\/li>\n<li data-start=\"2596\" data-end=\"2628\">\n<p data-start=\"2599\" data-end=\"2628\">Presse <strong data-start=\"2608\" data-end=\"2615\">&gt;&gt;&gt;<\/strong>cl\u00e9.<\/p>\n<\/li>\n<li data-start=\"2629\" data-end=\"2718\">\n<p data-start=\"2632\" data-end=\"2718\">Les derniers chiffres affich\u00e9s indiquent la version du micrologiciel. Par exemple\u00a0: \u00ab\u00a0<em>JS702271<\/em> <strong>I18.040\u2033 = 18.04<\/strong><\/p>\n<\/li>\n<\/ol>\n<p data-start=\"2720\" data-end=\"2800\">Si la version est <strong data-start=\"2736\" data-end=\"2757\">18,04 ou plus<\/strong>, votre panneau de commande est compatible avec le module 4G.<\/p>\n<p data-start=\"2720\" data-end=\"2800\">","protected":false},"excerpt":{"rendered":"<p>Le module de communication Visonic 4G\/LTE met \u00e0 niveau les PowerMaster 10, 30 et 33 vers une communication 4G moderne.<br data-start=\"2958\" data-end=\"2961\" \/>Assure une connexion rapide, stable et s\u00e9curis\u00e9e pour la transmission de rapports et le contr\u00f4le \u00e0 distance. Installation facile\u00a0: remplacez le module existant par le nouveau. Compatible avec la version\u00a018.04 et les versions ult\u00e9rieures.<\/p>","protected":false},"featured_media":141344,"template":"","meta":{"_acf_changed":false},"product_brand":[],"product_cat":[3375],"product_tag":[2331],"class_list":{"0":"post-68307","1":"product","2":"type-product","3":"status-publish","4":"has-post-thumbnail","6":"product_cat-visonic-larmsandare-ip-4g","7":"product_tag-visonic-larmoverforing","8":"pa_brands-5visonic","9":"pa_farg-vit","10":"tm-no-options","12":"first","13":"instock","14":"sale","15":"featured","16":"taxable","17":"shipping-taxable","18":"purchasable","19":"product-type-simple"},"acf":[],"_links":{"self":[{"href":"https:\/\/secureus.se\/fr\/wp-json\/wp\/v2\/product\/68307","targetHints":{"allow":["GET"]}}],"collection":[{"href":"https:\/\/secureus.se\/fr\/wp-json\/wp\/v2\/product"}],"about":[{"href":"https:\/\/secureus.se\/fr\/wp-json\/wp\/v2\/types\/product"}],"wp:featuredmedia":[{"embeddable":true,"href":"https:\/\/secureus.se\/fr\/wp-json\/wp\/v2\/media\/141344"}],"wp:attachment":[{"href":"https:\/\/secureus.se\/fr\/wp-json\/wp\/v2\/media?parent=68307"}],"wp:term":[{"taxonomy":"product_brand","embeddable":true,"href":"https:\/\/secureus.se\/fr\/wp-json\/wp\/v2\/product_brand?post=68307"},{"taxonomy":"product_cat","embeddable":true,"href":"https:\/\/secureus.se\/fr\/wp-json\/wp\/v2\/product_cat?post=68307"},{"taxonomy":"product_tag","embeddable":true,"href":"https:\/\/secureus.se\/fr\/wp-json\/wp\/v2\/product_tag?post=68307"}],"curies":[{"name":"wp","href":"https:\/\/api.w.org\/{rel}","templated":true}]}}