{"id":68311,"date":"2022-11-21T17:13:27","date_gmt":"2022-11-21T16:13:27","guid":{"rendered":"https:\/\/secureus.se\/produkt\/visonic-k-305177-2-pack-mcs-740-powermax-siren-lithium-battery\/"},"modified":"2026-03-27T10:30:03","modified_gmt":"2026-03-27T09:30:03","slug":"batteripaket-for-siren-sr-740","status":"publish","type":"product","link":"https:\/\/secureus.se\/fr\/batteripaket-for-siren-sr-740\/","title":{"rendered":"Pack batterie pour SIREN SR-740 Outdoor - Visonic"},"content":{"rendered":"<h1>Pack de batteries pour sir\u00e8ne ext\u00e9rieure SR-740 \u2013 Alimentation fiable<\/h1>\n<p>Am\u00e9liorez votre configuration d&#039;alarme ext\u00e9rieure avec cette batterie con\u00e7ue pour la sir\u00e8ne Visonic SR-740.<\/p>\n<p>Avec deux batteries au lithium ER18505M de haute qualit\u00e9, ce pack offre une alimentation fiable et durable pour votre sir\u00e8ne ext\u00e9rieure.<\/p>\n<p>Il est con\u00e7u sur mesure pour garantir des performances optimales et est compatible avec les syst\u00e8mes Visonics PowerG.<\/p>\n<h4>Avantages du pack batterie :<\/h4>\n<ul>\n<li><strong>Longue dur\u00e9e de vie<\/strong>:Avec une capacit\u00e9 de 3,5 Ah, les batteries peuvent durer 2 \u00e0 3 ans en fonctionnement normal.<\/li>\n<li><strong>Conception robuste<\/strong>:Les batteries sont con\u00e7ues pour fonctionner \u00e0 des temp\u00e9ratures comprises entre -33\u00b0C et 70\u00b0C, ce qui les rend id\u00e9ales pour les conditions ext\u00e9rieures difficiles.<\/li>\n<li><strong>Compatibilit\u00e9<\/strong>:D\u00e9velopp\u00e9 pour s&#039;adapter parfaitement au Siren SR-740 et aux autres syst\u00e8mes PowerMaster.<\/li>\n<\/ul>\n<h3>Optimal pour les syst\u00e8mes PowerG<\/h3>\n<p>La sir\u00e8ne SR-740 est une sir\u00e8ne ext\u00e9rieure sans fil haute performance dot\u00e9e de la technologie PowerG avanc\u00e9e.<\/p>\n<p>Avec ce pack de batteries, vous obtenez l&#039;alimentation \u00e9lectrique n\u00e9cessaire pour assurer un fonctionnement efficace et \u00e0 long terme.<\/p>\n<p>Les batteries sont faciles \u00e0 installer et \u00e0 remplacer, ce qui facilite l&#039;entretien.<\/p>\n<p>Donnez \u00e0 votre solution de s\u00e9curit\u00e9 la fiabilit\u00e9 qu&#039;elle m\u00e9rite avec ce pack de batteries pour la sir\u00e8ne SR-740.<\/p>","protected":false},"excerpt":{"rendered":"<p>La batterie pour Visonic Siren SR-740 Outdoor fournit une alimentation \u00e9lectrique fiable avec une longue dur\u00e9e de vie.<\/p>\n<p>Id\u00e9al pour les syst\u00e8mes de s\u00e9curit\u00e9 PowerG.<\/p>","protected":false},"featured_media":141352,"template":"","meta":{"_acf_changed":false},"product_brand":[],"product_cat":[1562,3379,3377,1862],"product_tag":[2333],"class_list":{"0":"post-68311","1":"product","2":"type-product","3":"status-publish","4":"has-post-thumbnail","6":"product_cat-larmdon-blixtljus","7":"product_cat-visonic-batteri-reservdelar","8":"product_cat-visonic-siren","9":"product_cat-batterier-knappcell","10":"product_tag-visonic-siren","11":"product_shipping_class-tunga-paket","12":"pa_brands-5visonic","13":"tm-no-options","15":"first","16":"outofstock","17":"sale","18":"taxable","19":"shipping-taxable","20":"purchasable","21":"product-type-simple"},"acf":[],"_links":{"self":[{"href":"https:\/\/secureus.se\/fr\/wp-json\/wp\/v2\/product\/68311","targetHints":{"allow":["GET"]}}],"collection":[{"href":"https:\/\/secureus.se\/fr\/wp-json\/wp\/v2\/product"}],"about":[{"href":"https:\/\/secureus.se\/fr\/wp-json\/wp\/v2\/types\/product"}],"wp:featuredmedia":[{"embeddable":true,"href":"https:\/\/secureus.se\/fr\/wp-json\/wp\/v2\/media\/141352"}],"wp:attachment":[{"href":"https:\/\/secureus.se\/fr\/wp-json\/wp\/v2\/media?parent=68311"}],"wp:term":[{"taxonomy":"product_brand","embeddable":true,"href":"https:\/\/secureus.se\/fr\/wp-json\/wp\/v2\/product_brand?post=68311"},{"taxonomy":"product_cat","embeddable":true,"href":"https:\/\/secureus.se\/fr\/wp-json\/wp\/v2\/product_cat?post=68311"},{"taxonomy":"product_tag","embeddable":true,"href":"https:\/\/secureus.se\/fr\/wp-json\/wp\/v2\/product_tag?post=68311"}],"curies":[{"name":"wp","href":"https:\/\/api.w.org\/{rel}","templated":true}]}}