{"id":68313,"date":"2022-11-21T17:13:20","date_gmt":"2022-11-21T16:13:20","guid":{"rendered":"https:\/\/secureus.se\/produkt\/visonic-mc-302e-pg2-powermaster-wireless-two-way-door-window-magnetic-contact-transmitter-with-wired-input\/"},"modified":"2026-03-26T14:25:33","modified_gmt":"2026-03-26T13:25:33","slug":"magnetkontakt-mc-302e-pg2-visonic","status":"publish","type":"product","link":"https:\/\/secureus.se\/fr\/magnetkontakt-mc-302e-pg2-visonic\/","title":{"rendered":"Contact magn\u00e9tique MC-302E PG2 \u2013 Visonic"},"content":{"rendered":"<h1>Contact magn\u00e9tique MC-302E PG2 \u2013 S\u00e9curit\u00e9 sans fil avec technologie PowerG<\/h1>\n<p>Prot\u00e9gez vos portes et fen\u00eatres avec le contact magn\u00e9tique MC-302E PG2, une solution de s\u00e9curit\u00e9 sans fil haute performance de Visonic.<\/p>\n<p>Con\u00e7u pour fonctionner en toute transparence avec les syst\u00e8mes d&#039;alarme PowerMaster, il combine technologie de pointe et facilit\u00e9 d&#039;utilisation.<\/p>\n<h4>Avantages du MC-302E PG2 :<\/h4>\n<ul>\n<li><strong>Longue port\u00e9e<\/strong>:La technologie PowerG permet des installations sans r\u00e9p\u00e9teur m\u00eame dans les propri\u00e9t\u00e9s plus grandes.<\/li>\n<li><strong>Longue dur\u00e9e de vie de la batterie<\/strong>:Jusqu&#039;\u00e0 8 ans de fonctionnement avec une pile au lithium 3V CR-123.<\/li>\n<li><strong>Versatilit\u00e9<\/strong>:Prise en charge de capteurs suppl\u00e9mentaires via l&#039;entr\u00e9e auxiliaire, offrant une flexibilit\u00e9 accrue.<\/li>\n<\/ul>\n<h3>S\u00e9curit\u00e9 simple et fiable<\/h3>\n<p>Le MC-302E PG2 est non seulement facile \u00e0 installer, mais offre \u00e9galement des performances robustes avec un interrupteur anti-sabotage et un indicateur LED de batterie faible.<\/p>\n<p>Qu&#039;il s&#039;agisse de maisons priv\u00e9es ou de propri\u00e9t\u00e9s commerciales, c&#039;est une solution \u00e0 laquelle vous pouvez faire confiance.<\/p>\n<p>Investissez dans l\u2019avenir de la s\u00e9curit\u00e9 avec le MC-302E PG2 \u2013 un produit qui allie fiabilit\u00e9, innovation et facilit\u00e9 d\u2019utilisation.<\/p>","protected":false},"excerpt":{"rendered":"<p>Le contact magn\u00e9tique MC-302E PG2 prot\u00e8ge les portes et les fen\u00eatres avec la technologie PowerG.<\/p>\n<p>Installation facile et longue dur\u00e9e de vie de la batterie pour une s\u00e9curit\u00e9 fiable.<\/p>","protected":false},"featured_media":141203,"template":"","meta":{"_acf_changed":false},"product_brand":[],"product_cat":[3376,3381],"product_tag":[2472,3125],"class_list":{"0":"post-68313","1":"product","2":"type-product","3":"status-publish","4":"has-post-thumbnail","6":"product_cat-visonic-larmenheter","7":"product_cat-visonic-magnetkontakter","8":"product_tag-sbsc-larmklassr","9":"product_tag-visonic-magnet","10":"product_shipping_class-postnord-varubrev","11":"pa_brands-5visonic","12":"tm-no-options","14":"first","15":"outofstock","16":"sale","17":"taxable","18":"shipping-taxable","19":"purchasable","20":"product-type-simple"},"acf":[],"_links":{"self":[{"href":"https:\/\/secureus.se\/fr\/wp-json\/wp\/v2\/product\/68313","targetHints":{"allow":["GET"]}}],"collection":[{"href":"https:\/\/secureus.se\/fr\/wp-json\/wp\/v2\/product"}],"about":[{"href":"https:\/\/secureus.se\/fr\/wp-json\/wp\/v2\/types\/product"}],"wp:featuredmedia":[{"embeddable":true,"href":"https:\/\/secureus.se\/fr\/wp-json\/wp\/v2\/media\/141203"}],"wp:attachment":[{"href":"https:\/\/secureus.se\/fr\/wp-json\/wp\/v2\/media?parent=68313"}],"wp:term":[{"taxonomy":"product_brand","embeddable":true,"href":"https:\/\/secureus.se\/fr\/wp-json\/wp\/v2\/product_brand?post=68313"},{"taxonomy":"product_cat","embeddable":true,"href":"https:\/\/secureus.se\/fr\/wp-json\/wp\/v2\/product_cat?post=68313"},{"taxonomy":"product_tag","embeddable":true,"href":"https:\/\/secureus.se\/fr\/wp-json\/wp\/v2\/product_tag?post=68313"}],"curies":[{"name":"wp","href":"https:\/\/api.w.org\/{rel}","templated":true}]}}