{"id":68315,"date":"2022-11-21T17:13:14","date_gmt":"2022-11-21T16:13:14","guid":{"rendered":"https:\/\/secureus.se\/produkt\/visonic-kf-235-pg2-powerg-wireless-4-button-keyfob-transmitter\/"},"modified":"2026-04-09T11:39:13","modified_gmt":"2026-04-09T09:39:13","slug":"fjarrkontroll-kf-235-pg2-visonic","status":"publish","type":"product","link":"https:\/\/secureus.se\/fr\/fjarrkontroll-kf-235-pg2-visonic\/","title":{"rendered":"T\u00e9l\u00e9commande KF-235 PG2 PowerG \u2013 Visonic"},"content":{"rendered":"<h1>T\u00e9l\u00e9commande KF-235 PG2 \u2013 S\u00e9curit\u00e9 optimale gr\u00e2ce \u00e0 la technologie PowerG<\/h1>\n<p>La KF-235 PG2 est la t\u00e9l\u00e9commande parfaite pour g\u00e9rer facilement votre syst\u00e8me d&#039;alarme PowerMaster.<\/p>\n<p>Dot\u00e9 de quatre boutons conviviaux pour l&#039;armement et le d\u00e9sarmement, l&#039;alarme de panique et l&#039;\u00e9tat du syst\u00e8me, il offre \u00e0 la fois commodit\u00e9 et s\u00e9curit\u00e9.<\/p>\n<h4>Avantages du KF-235 PG2 :<\/h4>\n<ul>\n<li><strong>Longue port\u00e9e<\/strong>:Gr\u00e2ce \u00e0 la technologie PowerG, le syst\u00e8me peut \u00eatre install\u00e9 sans r\u00e9p\u00e9teur, m\u00eame dans les propri\u00e9t\u00e9s plus grandes.<\/li>\n<li><strong>Longue dur\u00e9e de vie de la batterie<\/strong>:Jusqu&#039;\u00e0 8 ans avec une utilisation normale, ce qui facilite l&#039;entretien.<\/li>\n<li><strong>Compatibilit\u00e9<\/strong>:Con\u00e7u pour fonctionner de mani\u00e8re transparente avec les syst\u00e8mes PowerMaster et les r\u00e9cepteurs PowerG.<\/li>\n<\/ul>\n<h3>Style et fonctionnalit\u00e9<\/h3>\n<p>La conception compacte et \u00e9l\u00e9gante du KF-235 PG2 le rend facile \u00e0 transporter et il est suffisamment petit pour tenir dans une poche.<\/p>\n<p>La t\u00e9l\u00e9commande offre \u00e9galement des indications visuelles sur la batterie faible et l&#039;\u00e9tat du syst\u00e8me, vous assurant ainsi d&#039;\u00eatre toujours \u00e0 jour.<\/p>\n<h4>Pourquoi choisir le KF-235 PG2 ?<\/h4>\n<ul>\n<li>Technologie PowerG r\u00e9volutionnaire pour une communication s\u00e9curis\u00e9e et stable.<\/li>\n<li>Facile \u00e0 utiliser, aussi pratique qu&#039;une cl\u00e9 de voiture.<\/li>\n<li>Un choix s\u00fbr pour la maison et l&#039;entreprise.<\/li>\n<\/ul>\n<p>La KF-235 PG2 n&#039;est pas seulement une t\u00e9l\u00e9commande : c&#039;est votre cl\u00e9 vers une maison plus s\u00fbre.<\/p>","protected":false},"excerpt":{"rendered":"<p>La t\u00e9l\u00e9commande KF-235 PG2 allie s\u00e9curit\u00e9 et commodit\u00e9.<\/p>\n<p>Avec la technologie PowerG et une longue dur\u00e9e de vie de la batterie, c&#039;est une solution parfaite pour votre syst\u00e8me d&#039;alarme.<\/p>","protected":false},"featured_media":141071,"template":"","meta":{"_acf_changed":false},"product_brand":[],"product_cat":[3378],"product_tag":[2327],"class_list":{"0":"post-68315","1":"product","2":"type-product","3":"status-publish","4":"has-post-thumbnail","6":"product_cat-visonic-larmstyrning-knappsatser","7":"product_tag-visonic-fjarr-assistansknapp","8":"product_shipping_class-postnord-varubrev","9":"pa_brands-5visonic","10":"tm-no-options","12":"first","13":"instock","14":"sale","15":"featured","16":"taxable","17":"shipping-taxable","18":"purchasable","19":"product-type-simple"},"acf":[],"_links":{"self":[{"href":"https:\/\/secureus.se\/fr\/wp-json\/wp\/v2\/product\/68315","targetHints":{"allow":["GET"]}}],"collection":[{"href":"https:\/\/secureus.se\/fr\/wp-json\/wp\/v2\/product"}],"about":[{"href":"https:\/\/secureus.se\/fr\/wp-json\/wp\/v2\/types\/product"}],"wp:featuredmedia":[{"embeddable":true,"href":"https:\/\/secureus.se\/fr\/wp-json\/wp\/v2\/media\/141071"}],"wp:attachment":[{"href":"https:\/\/secureus.se\/fr\/wp-json\/wp\/v2\/media?parent=68315"}],"wp:term":[{"taxonomy":"product_brand","embeddable":true,"href":"https:\/\/secureus.se\/fr\/wp-json\/wp\/v2\/product_brand?post=68315"},{"taxonomy":"product_cat","embeddable":true,"href":"https:\/\/secureus.se\/fr\/wp-json\/wp\/v2\/product_cat?post=68315"},{"taxonomy":"product_tag","embeddable":true,"href":"https:\/\/secureus.se\/fr\/wp-json\/wp\/v2\/product_tag?post=68315"}],"curies":[{"name":"wp","href":"https:\/\/api.w.org\/{rel}","templated":true}]}}