{"id":68317,"date":"2022-11-21T17:13:06","date_gmt":"2022-11-21T16:13:06","guid":{"rendered":"https:\/\/secureus.se\/produkt\/visonic-sr-720b-pg2-powerg-wireless-2-way-indoor-siren\/"},"modified":"2026-04-23T13:36:15","modified_gmt":"2026-04-23T11:36:15","slug":"siren-sr-720b-inomhus-tradlos-visonic","status":"publish","type":"product","link":"https:\/\/secureus.se\/fr\/siren-sr-720b-inomhus-tradlos-visonic\/","title":{"rendered":"Sir\u00e8ne SR-720B PG2 Int\u00e9rieure Sans Fil PowerG \u2013 Visonic"},"content":{"rendered":"<h1>Sir\u00e8ne SR-720B PG2 \u2013 Sir\u00e8ne d&#039;int\u00e9rieur \u00e9l\u00e9gante et efficace<\/h1>\n<p>Donnez \u00e0 votre syst\u00e8me de s\u00e9curit\u00e9 une mise \u00e0 niveau avec la sir\u00e8ne SR-720B PG2.<\/p>\n<p>Cette sir\u00e8ne int\u00e9rieure sans fil allie un design moderne \u00e0 une technologie haute performance pour vous offrir une s\u00e9curit\u00e9 \u00e0 la fois visible et audible.<\/p>\n<p>Avec un son puissant de 110 dB et une lumi\u00e8re stroboscopique blanche de haute intensit\u00e9, il est impossible d&#039;ignorer une alarme.<\/p>\n<h4>Pourquoi choisir le SR-720B PG2 ?<\/h4>\n<ul>\n<li><strong>Technologie PowerG<\/strong>: Communication bidirectionnelle s\u00e9curis\u00e9e et fiable qui \u00e9limine le besoin de r\u00e9p\u00e9teurs.<\/li>\n<li><strong>Un puissant avertissement<\/strong>:Le son pi\u00e9zo de 110 dB et la lumi\u00e8re stroboscopique clignotante attirent imm\u00e9diatement l&#039;attention.<\/li>\n<li><strong>Longue dur\u00e9e de vie de la batterie<\/strong>:Jusqu&#039;\u00e0 8 ans en utilisation normale, ce qui le rend rentable et n\u00e9cessite peu d&#039;entretien.<\/li>\n<\/ul>\n<h3>Convivial et flexible<\/h3>\n<p>Cette sir\u00e8ne est compatible avec tous les syst\u00e8mes PowerMaster et peut \u00eatre facilement programm\u00e9e via le panneau de commande.<\/p>\n<p>Sa double protection anti-effraction et son indicateur de qualit\u00e9 du signal visible offrent une s\u00e9curit\u00e9 suppl\u00e9mentaire et une facilit\u00e9 d&#039;utilisation.<\/p>\n<p>Investissez dans la sir\u00e8ne SR-720B PG2 pour am\u00e9liorer votre s\u00e9curit\u00e9 int\u00e9rieure et cr\u00e9er un environnement s\u00fbr pour la maison et l&#039;entreprise.<\/p>","protected":false},"excerpt":{"rendered":"<p>La sir\u00e8ne SR-720B PG2 est une sir\u00e8ne int\u00e9rieure sans fil \u00e9l\u00e9gante et puissante dot\u00e9e de la technologie PowerG.<\/p>\n<p>Id\u00e9al pour les maisons et les entreprises s\u00e9curis\u00e9es.<\/p>","protected":false},"featured_media":141360,"template":"","meta":{"_acf_changed":false},"product_brand":[],"product_cat":[1562,3377],"product_tag":[2472,2333],"class_list":{"0":"post-68317","1":"product","2":"type-product","3":"status-publish","4":"has-post-thumbnail","6":"product_cat-larmdon-blixtljus","7":"product_cat-visonic-siren","8":"product_tag-sbsc-larmklassr","9":"product_tag-visonic-siren","10":"product_shipping_class-tunga-paket","11":"pa_brands-5visonic","12":"tm-no-options","14":"first","15":"instock","16":"sale","17":"taxable","18":"shipping-taxable","19":"purchasable","20":"product-type-simple"},"acf":[],"_links":{"self":[{"href":"https:\/\/secureus.se\/fr\/wp-json\/wp\/v2\/product\/68317","targetHints":{"allow":["GET"]}}],"collection":[{"href":"https:\/\/secureus.se\/fr\/wp-json\/wp\/v2\/product"}],"about":[{"href":"https:\/\/secureus.se\/fr\/wp-json\/wp\/v2\/types\/product"}],"wp:featuredmedia":[{"embeddable":true,"href":"https:\/\/secureus.se\/fr\/wp-json\/wp\/v2\/media\/141360"}],"wp:attachment":[{"href":"https:\/\/secureus.se\/fr\/wp-json\/wp\/v2\/media?parent=68317"}],"wp:term":[{"taxonomy":"product_brand","embeddable":true,"href":"https:\/\/secureus.se\/fr\/wp-json\/wp\/v2\/product_brand?post=68317"},{"taxonomy":"product_cat","embeddable":true,"href":"https:\/\/secureus.se\/fr\/wp-json\/wp\/v2\/product_cat?post=68317"},{"taxonomy":"product_tag","embeddable":true,"href":"https:\/\/secureus.se\/fr\/wp-json\/wp\/v2\/product_tag?post=68317"}],"curies":[{"name":"wp","href":"https:\/\/api.w.org\/{rel}","templated":true}]}}