{"id":68325,"date":"2022-11-21T17:12:42","date_gmt":"2022-11-21T16:12:42","guid":{"rendered":"https:\/\/secureus.se\/produkt\/visonic-powerlink3-1-plug-and-play-broadband-ip-communicator-for-central-stations\/"},"modified":"2026-03-11T16:59:35","modified_gmt":"2026-03-11T15:59:35","slug":"ip-modul-powermaster-visonic","status":"publish","type":"product","link":"https:\/\/secureus.se\/fr\/ip-modul-powermaster-visonic\/","title":{"rendered":"Module IP Powermaster \u2013 PowerLink 3.1 \u2013 10 30 &amp; 33 \u2013 Plug &amp; Play \u2013 Visonic"},"content":{"rendered":"<h1>Module IP Powermaster \u2013 PowerLink 3.1 \u2013 Un module IP r\u00e9volutionnaire pour PowerMaster<\/h1>\n<p>Visonics PowerLink 3.1 offre une solution simple et avanc\u00e9e pour la gestion et la surveillance des syst\u00e8mes de s\u00e9curit\u00e9 PowerMaster.<\/p>\n<p>Avec la fonctionnalit\u00e9 Plug &amp; Play, il est parfait pour les maisons et les entreprises qui souhaitent faire passer leur s\u00e9curit\u00e9 au niveau sup\u00e9rieur.<\/p>\n<p>Avec le module Powerlink IP, vous pouvez vous connecter au r\u00e9seau et avec Visonic-GO, vous pouvez contr\u00f4ler l&#039;alarme via leur serveur visonic.tycomonitor.com<\/p>\n<p>Le Powermaster Central doit \u00eatre en version 18 ou ult\u00e9rieure. Impossible de s&#039;asseoir dans le panneau de contr\u00f4le tout en utilisant un module mobile\/gprs.<\/p>\n<h4>Des fonctionnalit\u00e9s qui font la diff\u00e9rence :<\/h4>\n<ul>\n<li><strong>Installation simple<\/strong>:Connectez le PowerLink 3.1 au routeur \u2013 aucune configuration suppl\u00e9mentaire n\u2019est requise.<\/li>\n<li><strong>V\u00e9rification de l&#039;alarme d&#039;image<\/strong>:Envoyez des images au moment de l&#039;alarme en fonction de la d\u00e9tection de mouvement des d\u00e9tecteurs NEXT CAM.<\/li>\n<li><strong>Contr\u00f4le total \u00e0 distance<\/strong>:G\u00e9rez le syst\u00e8me via la plateforme Visonics PowerManage et l&#039;application mobile.<\/li>\n<\/ul>\n<h3>Am\u00e9liorez la s\u00e9curit\u00e9 gr\u00e2ce \u00e0 la technologie IP<\/h3>\n<p>PowerLink 3.1 offre une messagerie d&#039;\u00e9v\u00e9nements bas\u00e9e sur IP, ce qui permet aux stations centrales de g\u00e9rer facilement les alarmes en temps r\u00e9el.<\/p>\n<p>Gr\u00e2ce \u00e0 la v\u00e9rification par image, les propri\u00e9taires et le personnel de s\u00e9curit\u00e9 peuvent rapidement d\u00e9terminer si l\u2019alarme est r\u00e9elle ou fausse, r\u00e9duisant ainsi les appels inutiles.<\/p>\n<h4>Adapt\u00e9 aussi bien aux particuliers qu&#039;aux entreprises :<\/h4>\n<ul>\n<li>Envoyez des images et des \u00e9v\u00e9nements d&#039;alarme par e-mail ou sur mobile.<\/li>\n<li>Configuration et maintenance \u00e0 distance du syst\u00e8me PowerMaster.<\/li>\n<li>Possibilit\u00e9 d&#039;int\u00e9grer jusqu&#039;\u00e0 15 d\u00e9tecteurs Next CAM pour une surveillance compl\u00e8te.<\/li>\n<\/ul>\n<p>Avec PowerLink 3.1, vous obtenez une solution compl\u00e8te de s\u00e9curit\u00e9 et de confort, sans installations compliqu\u00e9es.<\/p>","protected":false},"excerpt":{"rendered":"<p>PowerLink 3.1 est un module IP pour les syst\u00e8mes PowerMaster qui permet un contr\u00f4le \u00e0 distance facile et une communication d&#039;alarme bas\u00e9e sur IP.<\/p>\n<p>Solution Plug &amp; Play.<\/p>\n<p>Le Powermaster Central doit \u00eatre en version 18 ou ult\u00e9rieure. Impossible de s&#039;asseoir dans le panneau de contr\u00f4le tout en utilisant un module mobile\/gprs.<\/p>","protected":false},"featured_media":142126,"template":"","meta":{"_acf_changed":false},"product_brand":[],"product_cat":[3375],"product_tag":[2330],"class_list":{"0":"post-68325","1":"product","2":"type-product","3":"status-publish","4":"has-post-thumbnail","6":"product_cat-visonic-larmsandare-ip-4g","7":"product_tag-visonic-manoverpanel","8":"product_shipping_class-postnord-varubrev","9":"pa_brands-5visonic","10":"tm-no-options","12":"first","13":"instock","14":"sale","15":"featured","16":"taxable","17":"shipping-taxable","18":"purchasable","19":"product-type-simple"},"acf":[],"_links":{"self":[{"href":"https:\/\/secureus.se\/fr\/wp-json\/wp\/v2\/product\/68325","targetHints":{"allow":["GET"]}}],"collection":[{"href":"https:\/\/secureus.se\/fr\/wp-json\/wp\/v2\/product"}],"about":[{"href":"https:\/\/secureus.se\/fr\/wp-json\/wp\/v2\/types\/product"}],"wp:featuredmedia":[{"embeddable":true,"href":"https:\/\/secureus.se\/fr\/wp-json\/wp\/v2\/media\/142126"}],"wp:attachment":[{"href":"https:\/\/secureus.se\/fr\/wp-json\/wp\/v2\/media?parent=68325"}],"wp:term":[{"taxonomy":"product_brand","embeddable":true,"href":"https:\/\/secureus.se\/fr\/wp-json\/wp\/v2\/product_brand?post=68325"},{"taxonomy":"product_cat","embeddable":true,"href":"https:\/\/secureus.se\/fr\/wp-json\/wp\/v2\/product_cat?post=68325"},{"taxonomy":"product_tag","embeddable":true,"href":"https:\/\/secureus.se\/fr\/wp-json\/wp\/v2\/product_tag?post=68325"}],"curies":[{"name":"wp","href":"https:\/\/api.w.org\/{rel}","templated":true}]}}