{"id":68327,"date":"2022-11-21T17:12:35","date_gmt":"2022-11-21T16:12:35","guid":{"rendered":"https:\/\/secureus.se\/produkt\/visonic-0-9912-g-battery-replacement-for-security-alarm-system-9-6v-2100-mah\/"},"modified":"2026-04-09T11:39:34","modified_gmt":"2026-04-09T09:39:34","slug":"batteri-powermax-pro-2100-9-6v-visonic","status":"publish","type":"product","link":"https:\/\/secureus.se\/fr\/batteri-powermax-pro-2100-9-6v-visonic\/","title":{"rendered":"Batterie Powermax Pro 1800 mAh 9,6 V Extra Power pour Visonic"},"content":{"rendered":"<h1>Batterie PowerMax Pro 9,6 V 1\u00a0800 mAh \u2013 Alimentation de secours s\u00fbre et durable<\/h1>\n<p>Donnez \u00e0 votre syst\u00e8me de s\u00e9curit\u00e9 Visonic PowerMax Pro l\u2019alimentation de secours fiable dont il a besoin avec cette batterie haute capacit\u00e9.<\/p>\n<p>Avec la technologie NiMH de 1800 mAh et 9,6 V, il est con\u00e7u pour fournir une alimentation \u00e9lectrique durable et stable, m\u00eame en cas de panne de courant.<\/p>\n<h4>Avantages de la batterie PowerMax Pro :<\/h4>\n<ul>\n<li><strong>Longue dur\u00e9e de fonctionnement<\/strong>:Jusqu&#039;\u00e0 12 heures d&#039;alimentation de secours en cas de panne de courant.<\/li>\n<li><strong>Solution respectueuse de l&#039;environnement<\/strong>:Fabriqu\u00e9 avec des mat\u00e9riaux contenant du nickel qui facilitent le recyclage.<\/li>\n<li><strong>Commodit\u00e9 rechargeable<\/strong>:La batterie est charg\u00e9e en permanence par l&#039;unit\u00e9 centrale pour \u00eatre toujours pr\u00eate.<\/li>\n<\/ul>\n<h3>Parfait pour la maison et l&#039;entreprise<\/h3>\n<p>Cette batterie est compatible avec les syst\u00e8mes d&#039;alarme PowerMax Pro et PowerMax Complete.<\/p>\n<p>Cela garantit que votre unit\u00e9 centrale continue de fonctionner sans interruption, m\u00eame en cas de panne de courant impr\u00e9vue, vous offrant ainsi une tranquillit\u00e9 d&#039;esprit et une s\u00e9curit\u00e9 lorsque vous en avez le plus besoin.<\/p>\n<p>Optez pour cette batterie haute capacit\u00e9 pour optimiser votre syst\u00e8me de s\u00e9curit\u00e9 et obtenir une solution d\u2019alimentation de secours fiable.<\/p>","protected":false},"excerpt":{"rendered":"<p>Batterie rechargeable pour PowerMax Pro.<\/p>\n<p>Avec une capacit\u00e9 de 2100 mAh, il garantit jusqu&#039;\u00e0 12 heures de fonctionnement en cas de panne de courant - une alimentation de secours s\u00fbre.<\/p>","protected":false},"featured_media":141375,"template":"","meta":{"_acf_changed":false},"product_brand":[],"product_cat":[3379,1862],"product_tag":[2334],"class_list":{"0":"post-68327","1":"product","2":"type-product","3":"status-publish","4":"has-post-thumbnail","6":"product_cat-visonic-batteri-reservdelar","7":"product_cat-batterier-knappcell","8":"product_tag-visonic-reservdel","9":"product_shipping_class-tunga-paket","10":"pa_brands-5visonic","11":"tm-no-options","13":"first","14":"onbackorder","15":"sale","16":"taxable","17":"shipping-taxable","18":"purchasable","19":"product-type-simple"},"acf":[],"_links":{"self":[{"href":"https:\/\/secureus.se\/fr\/wp-json\/wp\/v2\/product\/68327","targetHints":{"allow":["GET"]}}],"collection":[{"href":"https:\/\/secureus.se\/fr\/wp-json\/wp\/v2\/product"}],"about":[{"href":"https:\/\/secureus.se\/fr\/wp-json\/wp\/v2\/types\/product"}],"wp:featuredmedia":[{"embeddable":true,"href":"https:\/\/secureus.se\/fr\/wp-json\/wp\/v2\/media\/141375"}],"wp:attachment":[{"href":"https:\/\/secureus.se\/fr\/wp-json\/wp\/v2\/media?parent=68327"}],"wp:term":[{"taxonomy":"product_brand","embeddable":true,"href":"https:\/\/secureus.se\/fr\/wp-json\/wp\/v2\/product_brand?post=68327"},{"taxonomy":"product_cat","embeddable":true,"href":"https:\/\/secureus.se\/fr\/wp-json\/wp\/v2\/product_cat?post=68327"},{"taxonomy":"product_tag","embeddable":true,"href":"https:\/\/secureus.se\/fr\/wp-json\/wp\/v2\/product_tag?post=68327"}],"curies":[{"name":"wp","href":"https:\/\/api.w.org\/{rel}","templated":true}]}}