{"id":68335,"date":"2022-11-21T17:12:04","date_gmt":"2022-11-21T16:12:04","guid":{"rendered":"https:\/\/secureus.se\/produkt\/visonic-tower-cam-pg2-wireless-outdoor-pir-mirror-detector-and-integrated-camera\/"},"modified":"2026-04-09T11:40:08","modified_gmt":"2026-04-09T09:40:08","slug":"tower-cam-pg2-utomhus-kamera-visonic","status":"publish","type":"product","link":"https:\/\/secureus.se\/fr\/tower-cam-pg2-utomhus-kamera-visonic\/","title":{"rendered":"TOWER CAM PG2 \u2013 D\u00e9tecteur miroir PIR ext\u00e9rieur + cam\u00e9ra int\u00e9gr\u00e9e \u2013 Visonic"},"content":{"rendered":"<h1>TOWER CAM PG2 \u2013 S\u00e9curit\u00e9 ext\u00e9rieure avanc\u00e9e avec cam\u00e9ra<\/h1>\n<p>TOWER CAM PG2 est une solution innovante pour la s\u00e9curit\u00e9 ext\u00e9rieure.<\/p>\n<p>Il combine une d\u00e9tection de mouvement avanc\u00e9e avec une cam\u00e9ra int\u00e9gr\u00e9e pour une v\u00e9rification instantan\u00e9e de l&#039;image en cas d&#039;alarme.<\/p>\n<p>Id\u00e9al pour les maisons et les entreprises qui n\u00e9cessitent une s\u00e9curit\u00e9 \u00e9lev\u00e9e et un risque minimal de fausses alarmes.<\/p>\n<h4>Principales caract\u00e9ristiques\u00a0:<\/h4>\n<ul>\n<li><strong>D\u00e9tection avanc\u00e9e<\/strong>:Technologie Octa-Quad avec huit capteurs PIR pour une d\u00e9tection de mouvement pr\u00e9cise.<\/li>\n<li><strong>V\u00e9rification d&#039;image<\/strong>:Envoie des images imm\u00e9diates au centre d&#039;alarme d\u00e8s d\u00e9tection pour r\u00e9duire les co\u00fbts et les fausses alarmes.<\/li>\n<li><strong>Conception robuste<\/strong>:Construction r\u00e9sistante aux intemp\u00e9ries avec protection anti-effraction et technologie anti-masquage.<\/li>\n<\/ul>\n<h3>Installation et utilisation faciles<\/h3>\n<p>TOWER CAM PG2 est con\u00e7u pour s&#039;int\u00e9grer facilement aux syst\u00e8mes PowerMaster.<\/p>\n<p>Ses fonctionnalit\u00e9s Plug &amp; Play rendent l&#039;installation transparente, tandis que la configuration \u00e0 distance permet d&#039;\u00e9conomiser du temps et des ressources pour les installateurs et les utilisateurs.<\/p>\n<h4>Avantages pour les utilisateurs finaux :<\/h4>\n<ul>\n<li>Longue dur\u00e9e de vie de la batterie jusqu&#039;\u00e0 3 ans.<\/li>\n<li>L&#039;\u00e9clairage IR de la cam\u00e9ra permet de prendre des images dans l&#039;obscurit\u00e9 totale.<\/li>\n<li>Immunit\u00e9 aux animaux jusqu&#039;\u00e0 18 kg.<\/li>\n<\/ul>\n<p>Avec TOWER CAM PG2, vous obtenez la tranquillit\u00e9 d&#039;esprit et le contr\u00f4le de votre s\u00e9curit\u00e9 ext\u00e9rieure.<\/p>","protected":false},"excerpt":{"rendered":"<p>TOWER CAM PG2 est un d\u00e9tecteur PIR ext\u00e9rieur avanc\u00e9 avec cam\u00e9ra int\u00e9gr\u00e9e.<\/p>\n<p>D\u00e9tection de mouvement s\u00e9curis\u00e9e et v\u00e9rification d&#039;image pour une s\u00e9curit\u00e9 optimale.<\/p>","protected":false},"featured_media":141390,"template":"","meta":{"_acf_changed":false},"product_brand":[],"product_cat":[3376,3380],"product_tag":[2472,2326],"class_list":{"0":"post-68335","1":"product","2":"type-product","3":"status-publish","4":"has-post-thumbnail","6":"product_cat-visonic-larmenheter","7":"product_cat-visonic-utomhusdetektorer","8":"product_tag-sbsc-larmklassr","9":"product_tag-visonic-kamera","10":"product_shipping_class-tunga-paket","11":"pa_brands-5visonic","12":"tm-no-options","14":"first","15":"onbackorder","16":"sale","17":"taxable","18":"shipping-taxable","19":"purchasable","20":"product-type-simple"},"acf":[],"_links":{"self":[{"href":"https:\/\/secureus.se\/fr\/wp-json\/wp\/v2\/product\/68335","targetHints":{"allow":["GET"]}}],"collection":[{"href":"https:\/\/secureus.se\/fr\/wp-json\/wp\/v2\/product"}],"about":[{"href":"https:\/\/secureus.se\/fr\/wp-json\/wp\/v2\/types\/product"}],"wp:featuredmedia":[{"embeddable":true,"href":"https:\/\/secureus.se\/fr\/wp-json\/wp\/v2\/media\/141390"}],"wp:attachment":[{"href":"https:\/\/secureus.se\/fr\/wp-json\/wp\/v2\/media?parent=68335"}],"wp:term":[{"taxonomy":"product_brand","embeddable":true,"href":"https:\/\/secureus.se\/fr\/wp-json\/wp\/v2\/product_brand?post=68335"},{"taxonomy":"product_cat","embeddable":true,"href":"https:\/\/secureus.se\/fr\/wp-json\/wp\/v2\/product_cat?post=68335"},{"taxonomy":"product_tag","embeddable":true,"href":"https:\/\/secureus.se\/fr\/wp-json\/wp\/v2\/product_tag?post=68335"}],"curies":[{"name":"wp","href":"https:\/\/api.w.org\/{rel}","templated":true}]}}