{"id":68343,"date":"2022-11-21T17:11:42","date_gmt":"2022-11-21T16:11:42","guid":{"rendered":"https:\/\/secureus.se\/produkt\/visonic-k-303466-chicklets-proximity-tag-on-keychain-3-pack-multi-color\/"},"modified":"2026-03-26T14:30:20","modified_gmt":"2026-03-26T13:30:20","slug":"tag-powermaster-pg2-3pack-prox-visonic","status":"publish","type":"product","link":"https:\/\/secureus.se\/fr\/tag-powermaster-pg2-3pack-prox-visonic\/","title":{"rendered":"TAG POWERMASTER PG2 3PACK \u2013 \u00c9tiquette PROX \u2013 Visonic"},"content":{"rendered":"<div class=\"product-information u-m-b-06\"><\/div>\n<h1 class=\"tw-data-text tw-text-large tw-ta\" dir=\"ltr\" data-placeholder=\"\u00d6vers\u00e4ttning\" data-ved=\"2ahUKEwi-9J3M9LaDAxXmTaQEHaxxC3AQ3ewLegQIBRAQ\">Pack de 3 TAG PowerMaster PG2 \u2013 Gestion d&#039;alarme simple et s\u00e9curis\u00e9e<\/h1>\n<p>Rendez la gestion de votre syst\u00e8me d&#039;alarme PowerMaster \u00e0 la fois plus simple et plus s\u00e9curis\u00e9e avec le TAG PowerMaster PG2.<\/p>\n<p>Ces \u00e9tiquettes Prox pratiques sont livr\u00e9es dans un pack de 3 et sont con\u00e7ues pour fournir un acc\u00e8s rapide \u00e0 votre domicile ou \u00e0 votre entreprise sans avoir \u00e0 m\u00e9moriser des codes.<\/p>\n<h4>Avantages du TAG PowerMaster PG2 :<\/h4>\n<ul>\n<li><strong>Rapide et facile \u00e0 utiliser<\/strong>: Placez le tag contre le lecteur pour armer ou d\u00e9sarmer le syst\u00e8me.<\/li>\n<li><strong>La s\u00e9curit\u00e9 au centre des pr\u00e9occupations<\/strong>:Si une \u00e9tiquette est perdue, elle peut \u00eatre facilement bloqu\u00e9e pour emp\u00eacher tout acc\u00e8s non autoris\u00e9.<\/li>\n<li><strong>Personnalisation multi-utilisateur<\/strong>:Disponible en diff\u00e9rentes couleurs, ce qui facilite l&#039;attribution de balises uniques \u00e0 chaque utilisateur.<\/li>\n<\/ul>\n<h3>Id\u00e9al pour la maison et l&#039;entreprise<\/h3>\n<p>TAG PowerMaster PG2 est compatible avec les panneaux de commande et les claviers de la s\u00e9rie PowerMaster, version 13 et ult\u00e9rieure.<\/p>\n<p>Sa conception l\u00e9g\u00e8re et sa capacit\u00e9 \u00e0 s&#039;attacher \u00e0 un porte-cl\u00e9s le rendent pratique pour un usage quotidien.<\/p>\n<p>Avec ces balises, vous obtenez une solution intelligente et efficace pour g\u00e9rer l&#039;acc\u00e8s et la s\u00e9curit\u00e9 de vos locaux.<\/p>","protected":false},"excerpt":{"rendered":"<p>Le pack TAG PowerMaster PG2 3 offre un acc\u00e8s rapide et facile \u00e0 votre syst\u00e8me d&#039;alarme.<\/p>\n<p>Id\u00e9al pour les maisons et les entreprises avec plusieurs utilisateurs.<\/p>","protected":false},"featured_media":141619,"template":"","meta":{"_acf_changed":false},"product_brand":[],"product_cat":[3378],"product_tag":[2330],"class_list":{"0":"post-68343","1":"product","2":"type-product","3":"status-publish","4":"has-post-thumbnail","6":"product_cat-visonic-larmstyrning-knappsatser","7":"product_tag-visonic-manoverpanel","8":"product_shipping_class-postnord-varubrev","9":"pa_brands-5visonic","10":"tm-no-options","12":"first","13":"instock","14":"sale","15":"featured","16":"taxable","17":"shipping-taxable","18":"purchasable","19":"product-type-simple"},"acf":[],"_links":{"self":[{"href":"https:\/\/secureus.se\/fr\/wp-json\/wp\/v2\/product\/68343","targetHints":{"allow":["GET"]}}],"collection":[{"href":"https:\/\/secureus.se\/fr\/wp-json\/wp\/v2\/product"}],"about":[{"href":"https:\/\/secureus.se\/fr\/wp-json\/wp\/v2\/types\/product"}],"wp:featuredmedia":[{"embeddable":true,"href":"https:\/\/secureus.se\/fr\/wp-json\/wp\/v2\/media\/141619"}],"wp:attachment":[{"href":"https:\/\/secureus.se\/fr\/wp-json\/wp\/v2\/media?parent=68343"}],"wp:term":[{"taxonomy":"product_brand","embeddable":true,"href":"https:\/\/secureus.se\/fr\/wp-json\/wp\/v2\/product_brand?post=68343"},{"taxonomy":"product_cat","embeddable":true,"href":"https:\/\/secureus.se\/fr\/wp-json\/wp\/v2\/product_cat?post=68343"},{"taxonomy":"product_tag","embeddable":true,"href":"https:\/\/secureus.se\/fr\/wp-json\/wp\/v2\/product_tag?post=68343"}],"curies":[{"name":"wp","href":"https:\/\/api.w.org\/{rel}","templated":true}]}}