{"id":68347,"date":"2022-11-21T17:11:32","date_gmt":"2022-11-21T16:11:32","guid":{"rendered":"https:\/\/secureus.se\/produkt\/visonic-tower-32am-pg2-powerg-high-performance-wireless-mirror-dual-technology-detector-with-anti-masking\/"},"modified":"2026-04-09T11:41:03","modified_gmt":"2026-04-09T09:41:03","slug":"kombidetektor-tower-32-am-pg2-visonic","status":"publish","type":"product","link":"https:\/\/secureus.se\/fr\/kombidetektor-tower-32-am-pg2-visonic\/","title":{"rendered":"D\u00e9tecteur combin\u00e9 TOWER-32 AM PG2 \u2013 Visonic"},"content":{"rendered":"<h1>D\u00e9tecteur combin\u00e9 TOWER-32AM PG2 \u2013 D\u00e9tecteur combin\u00e9 avec technologie de s\u00e9curit\u00e9 avanc\u00e9e<\/h1>\n<p>Le TOWER-32AM PG2 est un d\u00e9tecteur sans fil haute performance qui combine la technologie PIR et micro-ondes pour minimiser les fausses alarmes et assurer une d\u00e9tection de mouvement fiable.<\/p>\n<p>Parfait pour les installations commerciales et r\u00e9sidentielles r\u00e9sistantes aux intemp\u00e9ries, il offre une s\u00e9curit\u00e9 robuste avec une gamme de fonctionnalit\u00e9s avanc\u00e9es.<\/p>\n<h4>Avantages de TOWER-32AM PG2 :<\/h4>\n<ul>\n<li><strong>Double technologie<\/strong>:Combine la technologie PIR et micro-ondes en bande K pour une d\u00e9tection pr\u00e9cise.<\/li>\n<li><strong>Anti-masquage avanc\u00e9<\/strong>:Prot\u00e8ge contre les tentatives de masquage des capteurs, y compris par pulv\u00e9risation ou recouvrement.<\/li>\n<li><strong>Longue port\u00e9e<\/strong>:Couverture jusqu&#039;\u00e0 15 m avec angle de d\u00e9tection de 90\u00b0 et zone de d\u00e9tection.<\/li>\n<\/ul>\n<h3>Installation et entretien faciles<\/h3>\n<p>Avec la technologie PowerG, le TOWER-32AM PG2 offre une connexion sans fil s\u00e9curis\u00e9e et stable.<\/p>\n<p>L&#039;installation est fluide avec un indicateur LED pour la qualit\u00e9 de la liaison RF, et la configuration \u00e0 distance permet de gagner du temps pour les installateurs et les utilisateurs.<\/p>\n<h4>Parfait pour\u00a0:<\/h4>\n<ul>\n<li>Environnements prot\u00e9g\u00e9s des intemp\u00e9ries tels que les v\u00e9randas ou les garages froids.<\/li>\n<li>Applications commerciales exigeantes.<\/li>\n<li>Installations o\u00f9 une technologie adapt\u00e9e aux animaux de compagnie est requise (immunis\u00e9e contre les animaux jusqu&#039;\u00e0 40 kg).<\/li>\n<\/ul>\n<p>Avec le d\u00e9tecteur combin\u00e9 TOWER-32AM PG2, vous obtenez une solution fiable et \u00e9conomique pour prot\u00e9ger vos locaux contre les cambriolages.<\/p>","protected":false},"excerpt":{"rendered":"<p>Le TOWER-32AM PG2 combine la technologie PIR et micro-ondes pour une d\u00e9tection de mouvement pr\u00e9cise.<\/p>\n<p>Id\u00e9al pour les environnements prot\u00e9g\u00e9s des intemp\u00e9ries et les syst\u00e8mes PowerMaster.<\/p>","protected":false},"featured_media":142143,"template":"","meta":{"_acf_changed":false},"product_brand":[],"product_cat":[3376,3382],"product_tag":[2472,2332],"class_list":{"0":"post-68347","1":"product","2":"type-product","3":"status-publish","4":"has-post-thumbnail","6":"product_cat-visonic-larmenheter","7":"product_cat-rorelse-och-kamera-visonic-larmenheter","8":"product_tag-sbsc-larmklassr","9":"product_tag-visonic-rorelsedetektor","10":"product_shipping_class-tunga-paket","11":"pa_brands-5visonic","12":"tm-no-options","14":"first","15":"onbackorder","16":"sale","17":"taxable","18":"shipping-taxable","19":"purchasable","20":"product-type-simple"},"acf":[],"_links":{"self":[{"href":"https:\/\/secureus.se\/fr\/wp-json\/wp\/v2\/product\/68347","targetHints":{"allow":["GET"]}}],"collection":[{"href":"https:\/\/secureus.se\/fr\/wp-json\/wp\/v2\/product"}],"about":[{"href":"https:\/\/secureus.se\/fr\/wp-json\/wp\/v2\/types\/product"}],"wp:featuredmedia":[{"embeddable":true,"href":"https:\/\/secureus.se\/fr\/wp-json\/wp\/v2\/media\/142143"}],"wp:attachment":[{"href":"https:\/\/secureus.se\/fr\/wp-json\/wp\/v2\/media?parent=68347"}],"wp:term":[{"taxonomy":"product_brand","embeddable":true,"href":"https:\/\/secureus.se\/fr\/wp-json\/wp\/v2\/product_brand?post=68347"},{"taxonomy":"product_cat","embeddable":true,"href":"https:\/\/secureus.se\/fr\/wp-json\/wp\/v2\/product_cat?post=68347"},{"taxonomy":"product_tag","embeddable":true,"href":"https:\/\/secureus.se\/fr\/wp-json\/wp\/v2\/product_tag?post=68347"}],"curies":[{"name":"wp","href":"https:\/\/api.w.org\/{rel}","templated":true}]}}