{"id":68349,"date":"2022-11-21T17:11:29","date_gmt":"2022-11-21T16:11:29","guid":{"rendered":"https:\/\/secureus.se\/produkt\/visonic-powerg-0-102736-touch-screen-keypad-kp-160-white\/"},"modified":"2026-04-09T11:41:15","modified_gmt":"2026-04-09T09:41:15","slug":"manoverpanel-kp-160-n-visonic","status":"publish","type":"product","link":"https:\/\/secureus.se\/fr\/manoverpanel-kp-160-n-visonic\/","title":{"rendered":"Panneau de commande KP-160 N PowerG \u2013 \u00c9cran tactile pour syst\u00e8me d&#039;alarme PowerMaster"},"content":{"rendered":"<h1>Panneau de contr\u00f4le KP-160 N PowerG \u2013 Gestion des alarmes fluide et s\u00e9curis\u00e9e<\/h1>\n<p>Le KP-160 N PowerG est un \u00e9cran tactile avanc\u00e9 qui rend la gestion des syst\u00e8mes d&#039;alarme PowerMaster simple et intuitive.<\/p>\n<p>Dot\u00e9 d&#039;un grand \u00e9cran tactile graphique et d&#039;une prise en charge des balises de code, il offre s\u00e9curit\u00e9 et commodit\u00e9 dans un format moderne.<\/p>\n<h4>Caract\u00e9ristiques et avantages\u00a0:<\/h4>\n<ul>\n<li><strong>\u00c9cran tactile intuitif<\/strong>:Grand \u00e9cran convivial pour une navigation et un contr\u00f4le faciles.<\/li>\n<li><strong>Balises de code<\/strong>:Possibilit\u00e9 d&#039;armer et de d\u00e9sarmer rapidement les alarmes avec un lecteur de badge.<\/li>\n<li><strong>Partitionnement<\/strong>:Prise en charge de trois zones maximum pouvant \u00eatre g\u00e9r\u00e9es individuellement.<\/li>\n<li><strong>Fonctions d&#039;alarme multiples<\/strong>:D\u00e9marrez les alarmes d&#039;urgence, d&#039;incendie et de panique d&#039;une simple pression.<\/li>\n<li><strong>Utilisation flexible<\/strong>:Peut \u00eatre mont\u00e9 sur le mur ou utilis\u00e9 comme unit\u00e9 portable.<\/li>\n<\/ul>\n<h3>Id\u00e9al pour la maison et l&#039;entreprise<\/h3>\n<p>Le KP-160 N PowerG est con\u00e7u pour s&#039;adapter aux environnements r\u00e9sidentiels et aux petites entreprises.<\/p>\n<p>Avec des fonctionnalit\u00e9s telles que la domotique et la maintenance \u00e0 distance, il offre une solution compl\u00e8te de s\u00e9curit\u00e9 et de contr\u00f4le.<\/p>\n<h4>Pourquoi choisir KP-160 N PowerG ?<\/h4>\n<ul>\n<li>Longue dur\u00e9e de vie de la batterie jusqu&#039;\u00e0 5 ans.<\/li>\n<li>Protection anti-effraction pour le couvercle de la batterie et le support de montage.<\/li>\n<li>Avertissement visuel et sonore \u00e0 l&#039;entr\u00e9e\/sortie.<\/li>\n<\/ul>\n<p>Avec le KP-160 N PowerG, vous obtenez un outil qui simplifie la gestion de la s\u00e9curit\u00e9 et vous offre une tranquillit\u00e9 d&#039;esprit au quotidien.<\/p>","protected":false},"excerpt":{"rendered":"<p>Le KP-160 N PowerG est un \u00e9cran tactile sans fil qui simplifie la gestion des alarmes.<\/p>\n<p>Avec la prise en charge des balises de code et du partitionnement, il est id\u00e9al pour les maisons et les entreprises.<\/p>","protected":false},"featured_media":141224,"template":"","meta":{"_acf_changed":false},"product_brand":[],"product_cat":[3378],"product_tag":[2330],"class_list":{"0":"post-68349","1":"product","2":"type-product","3":"status-publish","4":"has-post-thumbnail","6":"product_cat-visonic-larmstyrning-knappsatser","7":"product_tag-visonic-manoverpanel","8":"product_shipping_class-tunga-paket","9":"pa_brands-5visonic","10":"tm-no-options","12":"first","13":"onbackorder","14":"sale","15":"taxable","16":"shipping-taxable","17":"purchasable","18":"product-type-simple"},"acf":[],"_links":{"self":[{"href":"https:\/\/secureus.se\/fr\/wp-json\/wp\/v2\/product\/68349","targetHints":{"allow":["GET"]}}],"collection":[{"href":"https:\/\/secureus.se\/fr\/wp-json\/wp\/v2\/product"}],"about":[{"href":"https:\/\/secureus.se\/fr\/wp-json\/wp\/v2\/types\/product"}],"wp:featuredmedia":[{"embeddable":true,"href":"https:\/\/secureus.se\/fr\/wp-json\/wp\/v2\/media\/141224"}],"wp:attachment":[{"href":"https:\/\/secureus.se\/fr\/wp-json\/wp\/v2\/media?parent=68349"}],"wp:term":[{"taxonomy":"product_brand","embeddable":true,"href":"https:\/\/secureus.se\/fr\/wp-json\/wp\/v2\/product_brand?post=68349"},{"taxonomy":"product_cat","embeddable":true,"href":"https:\/\/secureus.se\/fr\/wp-json\/wp\/v2\/product_cat?post=68349"},{"taxonomy":"product_tag","embeddable":true,"href":"https:\/\/secureus.se\/fr\/wp-json\/wp\/v2\/product_tag?post=68349"}],"curies":[{"name":"wp","href":"https:\/\/api.w.org\/{rel}","templated":true}]}}