{"id":68355,"date":"2022-11-21T17:11:09","date_gmt":"2022-11-21T16:11:09","guid":{"rendered":"https:\/\/secureus.se\/produkt\/visonic-tower-20am-pg2-powerg-wireless-outdoor-pir-motion-mirror-detector-with-anti-masking\/"},"modified":"2026-03-27T10:28:39","modified_gmt":"2026-03-27T09:28:39","slug":"detektor-tower-20-am-utomhus-visonic","status":"publish","type":"product","link":"https:\/\/secureus.se\/fr\/detektor-tower-20-am-utomhus-visonic\/","title":{"rendered":"D\u00e9tecteur TOWER-20 AM PIR mouvement ext\u00e9rieur PG2 PowerG \u2013 Visonic"},"content":{"rendered":"<h1>D\u00e9tecteur TOWER-20 AM PG2 \u2013 D\u00e9tection de mouvement avanc\u00e9e pour les environnements ext\u00e9rieurs<\/h1>\n<p>TOWER-20 AM PG2 est un d\u00e9tecteur PIR sans fil con\u00e7u pour offrir une s\u00e9curit\u00e9 maximale \u00e0 l&#039;ext\u00e9rieur.<\/p>\n<p>Dot\u00e9 d&#039;une optique miroir et d&#039;un anti-masquage avanc\u00e9, il prot\u00e8ge votre maison ou votre entreprise des menaces potentielles sans provoquer de fausses alarmes.<\/p>\n<h4>Principales caract\u00e9ristiques\u00a0:<\/h4>\n<ul>\n<li><strong>Technologie de pointe<\/strong>:Technologie Octa-Quad\u2122 avec huit capteurs PIR pour une d\u00e9tection pr\u00e9cise.<\/li>\n<li><strong>Anti-masquage<\/strong>:Prot\u00e8ge contre les tentatives de manipulation du d\u00e9tecteur.<\/li>\n<li><strong>Conception robuste<\/strong>:R\u00e9sistant aux intemp\u00e9ries avec certification IP55 et protection contre le vandalisme.<\/li>\n<\/ul>\n<h3>Id\u00e9al pour la maison et l&#039;entreprise<\/h3>\n<p>Le TOWER-20 AM PG2 offre une couverture de 12\u00d712 m avec un angle de 90\u00b0, ce qui le rend id\u00e9al pour les grands espaces ext\u00e9rieurs.<\/p>\n<p>Il est immunis\u00e9 contre les fausses alarmes caus\u00e9es par les animaux domestiques (jusqu&#039;\u00e0 18 kg), la lumi\u00e8re du soleil et les conditions m\u00e9t\u00e9orologiques, ce qui en fait une solution de s\u00e9curit\u00e9 fiable.<\/p>\n<h4>Avantages :<\/h4>\n<ul>\n<li>Installation facile avec indicateur de puissance du signal LED.<\/li>\n<li>Autonomie de la batterie jusqu&#039;\u00e0 3 ans.<\/li>\n<li>Compatibilit\u00e9 avec les syst\u00e8mes PowerMaster version 16 et ult\u00e9rieures.<\/li>\n<\/ul>\n<p>Avec le d\u00e9tecteur TOWER-20 AM PG2, vous obtenez une solution puissante et fiable pour prot\u00e9ger vos espaces ext\u00e9rieurs.<\/p>","protected":false},"excerpt":{"rendered":"<p>TOWER-20 AM PG2 est un d\u00e9tecteur PIR sans fil pour une utilisation en ext\u00e9rieur.<\/p>\n<p>Dot\u00e9 d&#039;une protection avanc\u00e9e anti-masquage et contre les fausses alarmes, il est id\u00e9al pour la s\u00e9curit\u00e9.<\/p>","protected":false},"featured_media":142148,"template":"","meta":{"_acf_changed":false},"product_brand":[],"product_cat":[3376,3380],"product_tag":[3152,2472,2332],"class_list":{"0":"post-68355","1":"product","2":"type-product","3":"status-publish","4":"has-post-thumbnail","6":"product_cat-visonic-larmenheter","7":"product_cat-visonic-utomhusdetektorer","8":"product_tag-cr123-tillbehor","9":"product_tag-sbsc-larmklassr","10":"product_tag-visonic-rorelsedetektor","11":"product_shipping_class-tunga-paket","12":"pa_brands-5visonic","13":"tm-no-options","15":"first","16":"outofstock","17":"sale","18":"taxable","19":"shipping-taxable","20":"purchasable","21":"product-type-simple"},"acf":[],"_links":{"self":[{"href":"https:\/\/secureus.se\/fr\/wp-json\/wp\/v2\/product\/68355","targetHints":{"allow":["GET"]}}],"collection":[{"href":"https:\/\/secureus.se\/fr\/wp-json\/wp\/v2\/product"}],"about":[{"href":"https:\/\/secureus.se\/fr\/wp-json\/wp\/v2\/types\/product"}],"wp:featuredmedia":[{"embeddable":true,"href":"https:\/\/secureus.se\/fr\/wp-json\/wp\/v2\/media\/142148"}],"wp:attachment":[{"href":"https:\/\/secureus.se\/fr\/wp-json\/wp\/v2\/media?parent=68355"}],"wp:term":[{"taxonomy":"product_brand","embeddable":true,"href":"https:\/\/secureus.se\/fr\/wp-json\/wp\/v2\/product_brand?post=68355"},{"taxonomy":"product_cat","embeddable":true,"href":"https:\/\/secureus.se\/fr\/wp-json\/wp\/v2\/product_cat?post=68355"},{"taxonomy":"product_tag","embeddable":true,"href":"https:\/\/secureus.se\/fr\/wp-json\/wp\/v2\/product_tag?post=68355"}],"curies":[{"name":"wp","href":"https:\/\/api.w.org\/{rel}","templated":true}]}}