{"id":68369,"date":"2022-11-21T17:10:18","date_gmt":"2022-11-21T16:10:18","guid":{"rendered":"https:\/\/secureus.se\/produkt\/visonic-tower-32am-pg2-powerg-high-performance-wireless-pir-mirror-dual-technology-detector-with-anti-masking\/"},"modified":"2026-04-09T11:37:03","modified_gmt":"2026-04-09T09:37:03","slug":"detektor-tower-32am-kombi-visonic","status":"publish","type":"product","link":"https:\/\/secureus.se\/fr\/detektor-tower-32am-kombi-visonic\/","title":{"rendered":"D\u00e9tecteur TOWER-32AM D\u00e9tecteur combin\u00e9 K9-90 PG2 \u2013 Visonic"},"content":{"rendered":"<h1>TOWER-32AM PG2 \u2013 D\u00e9tecteur combin\u00e9 avanc\u00e9 pour des environnements plus s\u00fbrs<\/h1>\n<p>Le TOWER-32AM PG2 est un d\u00e9tecteur combin\u00e9 sans fil haute performance con\u00e7u pour les installations r\u00e9sidentielles et commerciales.<\/p>\n<p>Dot\u00e9 d&#039;une technologie PIR et micro-ondes avanc\u00e9e, il offre une grande pr\u00e9cision et un risque minimal de fausses alarmes.<\/p>\n<h4>Caract\u00e9ristiques et avantages\u00a0:<\/h4>\n<ul>\n<li><strong>Double technologie<\/strong>:PIR et micro-ondes en bande K pour assurer une d\u00e9tection pr\u00e9cise.<\/li>\n<li><strong>Anti-masquage<\/strong>:Prot\u00e8ge contre la manipulation des capteurs.<\/li>\n<li><strong>Immunit\u00e9 animale<\/strong>:Peut supporter des animaux jusqu&#039;\u00e0 40 kg, ce qui minimise les fausses alarmes.<\/li>\n<li><strong>Conception robuste<\/strong>:R\u00e9sistant au vandalisme avec technologie V-Slot.<\/li>\n<\/ul>\n<h3>Id\u00e9al pour la maison et l&#039;entreprise<\/h3>\n<p>Le TOWER-32AM PG2 est compatible avec les syst\u00e8mes PowerMaster et offre une installation et une maintenance \u00e0 distance faciles.<\/p>\n<p>Sa faible consommation d&#039;\u00e9nergie garantit une longue dur\u00e9e de vie de la batterie et une grande fiabilit\u00e9.<\/p>\n<h4>Avantages :<\/h4>\n<ul>\n<li>Couvre jusqu&#039;\u00e0 15 m avec un angle de 90\u00b0.<\/li>\n<li>Adapt\u00e9 aux environnements difficiles et aux temp\u00e9ratures extr\u00eames.<\/li>\n<li>Conforme \u00e0 la norme EN 50131-2-4 Grade 2 Classe II.<\/li>\n<\/ul>\n<p>Avec le TOWER-32AM PG2, vous obtenez une solution de s\u00e9curit\u00e9 qui offre des performances et une s\u00e9curit\u00e9 fiables dans tous les environnements.<\/p>","protected":false},"excerpt":{"rendered":"<p>TOWER-32AM PG2 est un d\u00e9tecteur combin\u00e9 sans fil dot\u00e9 d&#039;une technologie avanc\u00e9e.<\/p>\n<p>Id\u00e9al pour la s\u00e9curit\u00e9 dans les environnements r\u00e9sidentiels et commerciaux.<\/p>","protected":false},"featured_media":141413,"template":"","meta":{"_acf_changed":false},"product_brand":[],"product_cat":[3376,3382],"product_tag":[2472,2332],"class_list":{"0":"post-68369","1":"product","2":"type-product","3":"status-publish","4":"has-post-thumbnail","6":"product_cat-visonic-larmenheter","7":"product_cat-rorelse-och-kamera-visonic-larmenheter","8":"product_tag-sbsc-larmklassr","9":"product_tag-visonic-rorelsedetektor","10":"product_shipping_class-tunga-paket","11":"pa_brands-5visonic","12":"tm-no-options","14":"first","15":"onbackorder","16":"sale","17":"taxable","18":"shipping-taxable","19":"purchasable","20":"product-type-simple"},"acf":[],"_links":{"self":[{"href":"https:\/\/secureus.se\/fr\/wp-json\/wp\/v2\/product\/68369","targetHints":{"allow":["GET"]}}],"collection":[{"href":"https:\/\/secureus.se\/fr\/wp-json\/wp\/v2\/product"}],"about":[{"href":"https:\/\/secureus.se\/fr\/wp-json\/wp\/v2\/types\/product"}],"wp:featuredmedia":[{"embeddable":true,"href":"https:\/\/secureus.se\/fr\/wp-json\/wp\/v2\/media\/141413"}],"wp:attachment":[{"href":"https:\/\/secureus.se\/fr\/wp-json\/wp\/v2\/media?parent=68369"}],"wp:term":[{"taxonomy":"product_brand","embeddable":true,"href":"https:\/\/secureus.se\/fr\/wp-json\/wp\/v2\/product_brand?post=68369"},{"taxonomy":"product_cat","embeddable":true,"href":"https:\/\/secureus.se\/fr\/wp-json\/wp\/v2\/product_cat?post=68369"},{"taxonomy":"product_tag","embeddable":true,"href":"https:\/\/secureus.se\/fr\/wp-json\/wp\/v2\/product_tag?post=68369"}],"curies":[{"name":"wp","href":"https:\/\/api.w.org\/{rel}","templated":true}]}}