{"id":68377,"date":"2022-11-21T17:09:53","date_gmt":"2022-11-21T16:09:53","guid":{"rendered":"https:\/\/secureus.se\/produkt\/visonic-pb-102-pg2-868-0030-powerg-2-button-supervised-handheld-wireless-panic-button-868mhz\/"},"modified":"2026-03-26T14:26:54","modified_gmt":"2026-03-26T13:26:54","slug":"overfallskontakt-pb-102-pg2-visonic","status":"publish","type":"product","link":"https:\/\/secureus.se\/fr\/overfallskontakt-pb-102-pg2-visonic\/","title":{"rendered":"Contact d&#039;assaut PB-102 Bouton panique avec 2 boutons 868MHz \u2013 Visonic"},"content":{"rendered":"<h1>Interrupteur anti-panique PB-102 PG2 \u2013 Bouton anti-panique \u00e0 deux boutons pour une s\u00e9curit\u00e9 accrue<\/h1>\n<p>Le PB-102 PG2 est un bouton panique \u00e9l\u00e9gant et ergonomique qui permet une gestion rapide et s\u00fbre des alarmes.<\/p>\n<p>Avec deux boutons et un m\u00e9canisme de s\u00e9curit\u00e9 int\u00e9gr\u00e9, le risque de fausses alarmes est r\u00e9duit, tout en offrant \u00e0 l&#039;utilisateur s\u00e9curit\u00e9 et tranquillit\u00e9 d&#039;esprit.<\/p>\n<h4>Caract\u00e9ristiques et avantages\u00a0:<\/h4>\n<ul>\n<li><strong>Conception \u00e0 double bouton<\/strong>:Deux boutons pour une activation facile des alarmes d&#039;urgence.<\/li>\n<li><strong>M\u00e9canisme de s\u00e9curit\u00e9<\/strong>:Obligation de maintenir le bouton enfonc\u00e9 pendant deux secondes pour \u00e9viter toute mauvaise pression.<\/li>\n<li><strong>Portable et polyvalent<\/strong>:Peut \u00eatre port\u00e9 autour du cou, \u00e0 la ceinture ou fix\u00e9 au mur.<\/li>\n<\/ul>\n<h3>Id\u00e9al pour la maison et l&#039;entreprise<\/h3>\n<p>Le PB-102 PG2 est compatible avec les syst\u00e8mes PowerMaster et offre une solution simple pour l&#039;armement et le d\u00e9sarmement.<\/p>\n<p>Sa dur\u00e9e de vie de la batterie allant jusqu&#039;\u00e0 5 ans le rend \u00e0 la fois \u00e9conomique et fiable.<\/p>\n<h4>Avantages :<\/h4>\n<ul>\n<li>Technologie PowerG pour une communication fiable.<\/li>\n<li>Livr\u00e9 avec clip ceinture, porte-cl\u00e9s et cordon.<\/li>\n<li>Fonctionne \u00e0 des temp\u00e9ratures de 0\u00b0C \u00e0 50\u00b0C.<\/li>\n<\/ul>\n<p>Avec l&#039;interrupteur panique PB-102 PG2, vous obtenez une solution pratique et s\u00fbre pour g\u00e9rer les alarmes d&#039;urgence dans les maisons ou les environnements commerciaux.<\/p>","protected":false},"excerpt":{"rendered":"<p>Le PB-102 PG2 est un bouton panique ergonomique sans fil dot\u00e9 de deux boutons et d&#039;un m\u00e9canisme de s\u00e9curit\u00e9.<\/p>\n<p>Id\u00e9al pour une gestion rapide et s\u00fbre des alarmes d&#039;urgence.<\/p>","protected":false},"featured_media":141430,"template":"","meta":{"_acf_changed":false},"product_brand":[],"product_cat":[3378],"product_tag":[2327],"class_list":{"0":"post-68377","1":"product","2":"type-product","3":"status-publish","4":"has-post-thumbnail","6":"product_cat-visonic-larmstyrning-knappsatser","7":"product_tag-visonic-fjarr-assistansknapp","8":"product_shipping_class-tunga-paket","9":"pa_brands-5visonic","10":"tm-no-options","12":"first","13":"outofstock","14":"sale","15":"taxable","16":"shipping-taxable","17":"purchasable","18":"product-type-simple"},"acf":[],"_links":{"self":[{"href":"https:\/\/secureus.se\/fr\/wp-json\/wp\/v2\/product\/68377","targetHints":{"allow":["GET"]}}],"collection":[{"href":"https:\/\/secureus.se\/fr\/wp-json\/wp\/v2\/product"}],"about":[{"href":"https:\/\/secureus.se\/fr\/wp-json\/wp\/v2\/types\/product"}],"wp:featuredmedia":[{"embeddable":true,"href":"https:\/\/secureus.se\/fr\/wp-json\/wp\/v2\/media\/141430"}],"wp:attachment":[{"href":"https:\/\/secureus.se\/fr\/wp-json\/wp\/v2\/media?parent=68377"}],"wp:term":[{"taxonomy":"product_brand","embeddable":true,"href":"https:\/\/secureus.se\/fr\/wp-json\/wp\/v2\/product_brand?post=68377"},{"taxonomy":"product_cat","embeddable":true,"href":"https:\/\/secureus.se\/fr\/wp-json\/wp\/v2\/product_cat?post=68377"},{"taxonomy":"product_tag","embeddable":true,"href":"https:\/\/secureus.se\/fr\/wp-json\/wp\/v2\/product_tag?post=68377"}],"curies":[{"name":"wp","href":"https:\/\/api.w.org\/{rel}","templated":true}]}}