{"id":68379,"date":"2022-11-21T17:09:43","date_gmt":"2022-11-21T16:09:43","guid":{"rendered":"https:\/\/secureus.se\/produkt\/visonic-mp-862-pg2-powerg-wireless-360-ceiling-mount-pir-detector-10m-32-8\/"},"modified":"2026-04-09T11:35:44","modified_gmt":"2026-04-09T09:35:44","slug":"detektor-mp-862-360-tak-pg2-10m-visonic","status":"publish","type":"product","link":"https:\/\/secureus.se\/fr\/detektor-mp-862-360-tak-pg2-10m-visonic\/","title":{"rendered":"D\u00e9tecteur MP-862 360 d\u00e9tecteur de mouvement PIR mont\u00e9 au plafond PG2 10m \u2013 Visonic"},"content":{"rendered":"<h1>D\u00e9tecteur MP-862 PG2 \u2013 D\u00e9tection de mouvement \u00e0 360\u00b0 pour une s\u00e9curit\u00e9 optimale<\/h1>\n<p>Le MP-862 PG2 est un d\u00e9tecteur PIR sans fil mont\u00e9 au plafond qui offre une d\u00e9tection de mouvement sup\u00e9rieure sous tous les angles.<\/p>\n<p>Avec son design moderne et sa technologie de pointe, il est parfait pour les maisons et les entreprises qui n\u00e9cessitent une s\u00e9curit\u00e9 \u00e9lev\u00e9e.<\/p>\n<h4>Caract\u00e9ristiques et avantages\u00a0:<\/h4>\n<ul>\n<li><strong>Couverture \u00e0 360\u00b0<\/strong>: Surveillance compl\u00e8te de la pi\u00e8ce avec un seul d\u00e9tecteur.<\/li>\n<li><strong>Technologie PowerG<\/strong>: Communication bidirectionnelle s\u00e9curis\u00e9e et fiable.<\/li>\n<li><strong>Design moderne<\/strong>:Compact et discret pour se fondre dans n&#039;importe quel environnement.<\/li>\n<\/ul>\n<h3>Id\u00e9al pour la maison et l&#039;entreprise<\/h3>\n<p>Le MP-862 PG2 est con\u00e7u pour prot\u00e9ger les pi\u00e8ces de petite et moyenne taille avec une zone de couverture allant jusqu&#039;\u00e0 10 m\u00e8tres.<\/p>\n<p>Avec une installation facile et une faible consommation d&#039;\u00e9nergie, c&#039;est une solution id\u00e9ale pour la plupart des besoins de s\u00e9curit\u00e9.<\/p>\n<h4>Avantages :<\/h4>\n<ul>\n<li>Autonomie de la batterie jusqu&#039;\u00e0 5 ans en utilisation normale.<\/li>\n<li>Compatible avec les syst\u00e8mes PowerMaster et autres syst\u00e8mes bas\u00e9s sur PowerG.<\/li>\n<li>Installation et entretien faciles gr\u00e2ce aux indicateurs int\u00e9gr\u00e9s.<\/li>\n<\/ul>\n<p>Le MP-862 PG2 est le choix parfait pour ceux qui recherchent une s\u00e9curit\u00e9 avanc\u00e9e sans compromis.<\/p>\n<p>&nbsp;<\/p>\n<p><iframe src=\"https:\/\/www.youtube.com\/embed\/M60TugKrWpY\" width=\"505\" height=\"284\" frameborder=\"0\" allowfullscreen=\"allowfullscreen\"><\/iframe><\/p>","protected":false},"excerpt":{"rendered":"<p>Le d\u00e9tecteur MP-862 PG2 est un d\u00e9tecteur PIR mont\u00e9 au plafond avec une couverture \u00e0 360\u00b0 et la technologie PowerG.<\/p>\n<p>S\u00e9curis\u00e9, discret et id\u00e9al pour la maison et l&#039;entreprise.<\/p>","protected":false},"featured_media":141437,"template":"","meta":{"_acf_changed":false},"product_brand":[],"product_cat":[3376,3382],"product_tag":[2472,2332],"class_list":{"0":"post-68379","1":"product","2":"type-product","3":"status-publish","4":"has-post-thumbnail","6":"product_cat-visonic-larmenheter","7":"product_cat-rorelse-och-kamera-visonic-larmenheter","8":"product_tag-sbsc-larmklassr","9":"product_tag-visonic-rorelsedetektor","10":"product_shipping_class-tunga-paket","11":"pa_brands-5visonic","12":"tm-no-options","14":"first","15":"onbackorder","16":"sale","17":"taxable","18":"shipping-taxable","19":"purchasable","20":"product-type-simple"},"acf":[],"_links":{"self":[{"href":"https:\/\/secureus.se\/fr\/wp-json\/wp\/v2\/product\/68379","targetHints":{"allow":["GET"]}}],"collection":[{"href":"https:\/\/secureus.se\/fr\/wp-json\/wp\/v2\/product"}],"about":[{"href":"https:\/\/secureus.se\/fr\/wp-json\/wp\/v2\/types\/product"}],"wp:featuredmedia":[{"embeddable":true,"href":"https:\/\/secureus.se\/fr\/wp-json\/wp\/v2\/media\/141437"}],"wp:attachment":[{"href":"https:\/\/secureus.se\/fr\/wp-json\/wp\/v2\/media?parent=68379"}],"wp:term":[{"taxonomy":"product_brand","embeddable":true,"href":"https:\/\/secureus.se\/fr\/wp-json\/wp\/v2\/product_brand?post=68379"},{"taxonomy":"product_cat","embeddable":true,"href":"https:\/\/secureus.se\/fr\/wp-json\/wp\/v2\/product_cat?post=68379"},{"taxonomy":"product_tag","embeddable":true,"href":"https:\/\/secureus.se\/fr\/wp-json\/wp\/v2\/product_tag?post=68379"}],"curies":[{"name":"wp","href":"https:\/\/api.w.org\/{rel}","templated":true}]}}