{"id":68381,"date":"2022-11-21T17:09:42","date_gmt":"2022-11-21T16:09:42","guid":{"rendered":"https:\/\/secureus.se\/produkt\/visonic-clip-pg2-powerg-ultra-small-wireless-curtain-detector\/"},"modified":"2026-04-09T11:36:01","modified_gmt":"2026-04-09T09:36:01","slug":"detektor-clip-pg2-ultraliten-pir-visonic","status":"publish","type":"product","link":"https:\/\/secureus.se\/fr\/detektor-clip-pg2-ultraliten-pir-visonic\/","title":{"rendered":"D\u00e9tecteur CLIP PG2 \u2013 Ultra petit \u2013 Mod\u00e8le PIR \u2013 Visonic"},"content":{"rendered":"<h1>D\u00e9tecteur CLIP PG2 \u2013 S\u00e9curit\u00e9 compacte et \u00e9l\u00e9gante<\/h1>\n<p>CLIP PG2 est le plus petit d\u00e9tecteur PIR rideau sans fil au monde, con\u00e7u pour offrir une s\u00e9curit\u00e9 maximale avec un impact visuel minimal.<\/p>\n<p>Parfait pour les environnements int\u00e9rieurs o\u00f9 l\u2019esth\u00e9tique et la performance sont importantes.<\/p>\n<h4>Caract\u00e9ristiques et avantages\u00a0:<\/h4>\n<ul>\n<li><strong>Conception ultra-compacte<\/strong>:Compact et discret pour se fondre dans n&#039;importe quel environnement.<\/li>\n<li><strong>Haute performance<\/strong>: True Motion Recognition\u2122 pour \u00e9liminer les fausses alarmes.<\/li>\n<li><strong>Couverture flexible<\/strong>:Port\u00e9e r\u00e9glable entre 2, 4 et 6 m\u00e8tres.<\/li>\n<\/ul>\n<h3>Id\u00e9al pour la maison et le bureau<\/h3>\n<p>Avec CLIP PG2 vous obtenez un d\u00e9tecteur \u00e0 la fois fiable et facile \u00e0 installer.<\/p>\n<p>Il est id\u00e9al pour prot\u00e9ger les pi\u00e8ces, les couloirs et autres espaces int\u00e9rieurs.<\/p>\n<h4>Avantages :<\/h4>\n<ul>\n<li>Jusqu&#039;\u00e0 7 ans d&#039;autonomie de la batterie pour un entretien minimal.<\/li>\n<li>Couverture maximale de 9 x 13,5 m avec un angle de 100\u00b0.<\/li>\n<li>Montage facile au mur et dans les coins.<\/li>\n<\/ul>\n<p>Investissez dans CLIP PG2 pour combiner s\u00e9curit\u00e9, performance et esth\u00e9tique en une seule solution.<\/p>","protected":false},"excerpt":{"rendered":"<p>Le d\u00e9tecteur CLIP PG2 est un d\u00e9tecteur PIR rideau ultra-petit, \u00e9l\u00e9gant et sans fil.<\/p>\n<p>Avec des performances \u00e9lev\u00e9es et un minimum de fausses alarmes, il est id\u00e9al pour une utilisation \u00e0 la maison et au bureau.<\/p>","protected":false},"featured_media":141128,"template":"","meta":{"_acf_changed":false},"product_brand":[],"product_cat":[3376,3382],"product_tag":[2472,2332],"class_list":{"0":"post-68381","1":"product","2":"type-product","3":"status-publish","4":"has-post-thumbnail","6":"product_cat-visonic-larmenheter","7":"product_cat-rorelse-och-kamera-visonic-larmenheter","8":"product_tag-sbsc-larmklassr","9":"product_tag-visonic-rorelsedetektor","10":"product_shipping_class-tunga-paket","11":"pa_brands-5visonic","12":"tm-no-options","14":"first","15":"onbackorder","16":"sale","17":"taxable","18":"shipping-taxable","19":"purchasable","20":"product-type-simple"},"acf":[],"_links":{"self":[{"href":"https:\/\/secureus.se\/fr\/wp-json\/wp\/v2\/product\/68381","targetHints":{"allow":["GET"]}}],"collection":[{"href":"https:\/\/secureus.se\/fr\/wp-json\/wp\/v2\/product"}],"about":[{"href":"https:\/\/secureus.se\/fr\/wp-json\/wp\/v2\/types\/product"}],"wp:featuredmedia":[{"embeddable":true,"href":"https:\/\/secureus.se\/fr\/wp-json\/wp\/v2\/media\/141128"}],"wp:attachment":[{"href":"https:\/\/secureus.se\/fr\/wp-json\/wp\/v2\/media?parent=68381"}],"wp:term":[{"taxonomy":"product_brand","embeddable":true,"href":"https:\/\/secureus.se\/fr\/wp-json\/wp\/v2\/product_brand?post=68381"},{"taxonomy":"product_cat","embeddable":true,"href":"https:\/\/secureus.se\/fr\/wp-json\/wp\/v2\/product_cat?post=68381"},{"taxonomy":"product_tag","embeddable":true,"href":"https:\/\/secureus.se\/fr\/wp-json\/wp\/v2\/product_tag?post=68381"}],"curies":[{"name":"wp","href":"https:\/\/api.w.org\/{rel}","templated":true}]}}