{"id":68385,"date":"2022-11-21T17:09:28","date_gmt":"2022-11-21T16:09:28","guid":{"rendered":"https:\/\/secureus.se\/produkt\/visonic-rp-600-pg2-powerg-wireless-repeater-with-1300mah-8v-4-rechargeable-back-up-battery\/"},"modified":"2026-03-27T10:27:21","modified_gmt":"2026-03-27T09:27:21","slug":"repeater-rp-600-pg2-visonic","status":"publish","type":"product","link":"https:\/\/secureus.se\/fr\/repeater-rp-600-pg2-visonic\/","title":{"rendered":"R\u00e9p\u00e9teur RP-600 PG2 PowerG \u2013 Visonic"},"content":{"rendered":"<h1>R\u00e9p\u00e9teur RP-600 PG2 \u2013 Communication \u00e9tendue pour les syst\u00e8mes PowerMaster<\/h1>\n<p>Le RP-600 PG2 est un r\u00e9p\u00e9teur sans fil avanc\u00e9 con\u00e7u pour \u00e9tendre la port\u00e9e de communication entre les syst\u00e8mes PowerMaster et les \u00e9metteurs PowerG.<\/p>\n<p>Il est parfait pour les grandes installations o\u00f9 la distance ou les obstacles peuvent affecter la force du signal.<\/p>\n<h4>Caract\u00e9ristiques et avantages\u00a0:<\/h4>\n<ul>\n<li><strong>Port\u00e9e \u00e9tendue<\/strong>: Assure une communication fiable m\u00eame dans des b\u00e2timents de grande taille ou complexes.<\/li>\n<li><strong>Technologie robuste<\/strong>:PowerG Frequency Hopping Spread Spectrum FHSS-TDMA pour une communication bidirectionnelle stable.<\/li>\n<li><strong>Installation simple<\/strong>:Conception compacte avec indicateurs LED pour le diagnostic et l&#039;\u00e9tat.<\/li>\n<\/ul>\n<h3>Id\u00e9al pour la maison et l&#039;entreprise<\/h3>\n<p>Le RP-600 PG2 am\u00e9liore la s\u00e9curit\u00e9 et la commodit\u00e9 en \u00e9liminant les probl\u00e8mes de communication entre les appareils.<\/p>\n<p>Sa batterie de secours int\u00e9gr\u00e9e assure le fonctionnement m\u00eame en cas de panne de courant.<\/p>\n<h4>Avantages :<\/h4>\n<ul>\n<li>Batterie de secours de 48 heures pour un fonctionnement ininterrompu.<\/li>\n<li>Protection contre les manipulations avec sabotage avant et arri\u00e8re.<\/li>\n<li>Compatibilit\u00e9 avec les syst\u00e8mes Visonic et Qolsys.<\/li>\n<\/ul>\n<p>Le r\u00e9p\u00e9teur RP-600 PG2 est un composant indispensable pour cr\u00e9er des syst\u00e8mes de s\u00e9curit\u00e9 fiables et efficaces.<\/p>","protected":false},"excerpt":{"rendered":"<p>Le RP-600 PG2 \u00e9tend la communication entre les syst\u00e8mes PowerMaster et les appareils PowerG.<\/p>\n<p>Conception compacte et installation facile.<\/p>","protected":false},"featured_media":141449,"template":"","meta":{"_acf_changed":false},"product_brand":[],"product_cat":[3378],"product_tag":[2331],"class_list":{"0":"post-68385","1":"product","2":"type-product","3":"status-publish","4":"has-post-thumbnail","6":"product_cat-visonic-larmstyrning-knappsatser","7":"product_tag-visonic-larmoverforing","8":"product_shipping_class-tunga-paket","9":"pa_brands-5visonic","10":"tm-no-options","12":"first","13":"outofstock","14":"sale","15":"taxable","16":"shipping-taxable","17":"purchasable","18":"product-type-simple"},"acf":[],"_links":{"self":[{"href":"https:\/\/secureus.se\/fr\/wp-json\/wp\/v2\/product\/68385","targetHints":{"allow":["GET"]}}],"collection":[{"href":"https:\/\/secureus.se\/fr\/wp-json\/wp\/v2\/product"}],"about":[{"href":"https:\/\/secureus.se\/fr\/wp-json\/wp\/v2\/types\/product"}],"wp:featuredmedia":[{"embeddable":true,"href":"https:\/\/secureus.se\/fr\/wp-json\/wp\/v2\/media\/141449"}],"wp:attachment":[{"href":"https:\/\/secureus.se\/fr\/wp-json\/wp\/v2\/media?parent=68385"}],"wp:term":[{"taxonomy":"product_brand","embeddable":true,"href":"https:\/\/secureus.se\/fr\/wp-json\/wp\/v2\/product_brand?post=68385"},{"taxonomy":"product_cat","embeddable":true,"href":"https:\/\/secureus.se\/fr\/wp-json\/wp\/v2\/product_cat?post=68385"},{"taxonomy":"product_tag","embeddable":true,"href":"https:\/\/secureus.se\/fr\/wp-json\/wp\/v2\/product_tag?post=68385"}],"curies":[{"name":"wp","href":"https:\/\/api.w.org\/{rel}","templated":true}]}}