{"id":68389,"date":"2022-11-21T17:09:10","date_gmt":"2022-11-21T16:09:10","guid":{"rendered":"https:\/\/secureus.se\/produkt\/visonic-next-cam-pg2-powerg-two-way-wireless-pir-motion-detector-with-integrated-camera\/"},"modified":"2026-01-30T12:25:42","modified_gmt":"2026-01-30T11:25:42","slug":"detektor-next-cam-pg2-pir-kamera-visonic","status":"publish","type":"product","link":"https:\/\/secureus.se\/fr\/detektor-next-cam-pg2-pir-kamera-visonic\/","title":{"rendered":"Fin de s\u00e9rie \u2013 Visonic Next CAM PG2 \u2013 D\u00e9tecteur de mouvement PIR bidirectionnel avec cam\u00e9ra int\u00e9gr\u00e9e"},"content":{"rendered":"<h1>D\u00e9tecteur NEXT CAM PG2 \u2013 Votre solution de s\u00e9curit\u00e9 pour la v\u00e9rification visuelle<\/h1>\n<p>NEXT CAM PG2 est un d\u00e9tecteur PIR sans fil r\u00e9volutionnaire avec cam\u00e9ra int\u00e9gr\u00e9e qui offre une v\u00e9rification visuelle des alarmes de jour comme de nuit.<\/p>\n<p>Id\u00e9al pour les couloirs, les escaliers et autres espaces o\u00f9 une surveillance suppl\u00e9mentaire est n\u00e9cessaire.<\/p>\n<h4>Caract\u00e9ristiques et avantages\u00a0:<\/h4>\n<ul>\n<li><strong>V\u00e9rification visuelle en temps r\u00e9el<\/strong>:La cam\u00e9ra est activ\u00e9e par le mouvement et envoie des images \u00e0 la station de surveillance.<\/li>\n<li><strong>Immunit\u00e9 animale<\/strong>:Ignore les animaux jusqu&#039;\u00e0 38 kg pour minimiser les fausses alarmes.<\/li>\n<li><strong>Technologie PowerG<\/strong>: Communication bidirectionnelle s\u00e9curis\u00e9e et robuste.<\/li>\n<\/ul>\n<h3>Installation et utilisation faciles<\/h3>\n<p>Avec sa conception compacte et ses fonctionnalit\u00e9s avanc\u00e9es, NEXT CAM PG2 est facile \u00e0 installer et \u00e0 utiliser.<\/p>\n<p>Il offre une s\u00e9curit\u00e9 et une s\u00fbret\u00e9 \u00e9lev\u00e9es tant pour les habitations que pour les locaux commerciaux.<\/p>\n<h4>Avantages :<\/h4>\n<ul>\n<li>Port\u00e9e de la cam\u00e9ra : 12 m avec \u00e9clairage IR pour la vision nocturne.<\/li>\n<li>Jusqu&#039;\u00e0 5 ans d&#039;autonomie de la batterie pour un entretien minimal.<\/li>\n<li>Compatible avec les syst\u00e8mes PowerMaster.<\/li>\n<\/ul>\n<p>NEXT CAM PG2 vous offre une solution de s\u00e9curit\u00e9 qui combine d\u00e9tection de mouvement et v\u00e9rification visuelle de mani\u00e8re simple et efficace.<\/p>","protected":false},"excerpt":{"rendered":"<p>Le d\u00e9tecteur NEXT CAM PG2 est un d\u00e9tecteur PIR sans fil avec une cam\u00e9ra int\u00e9gr\u00e9e pour la v\u00e9rification visuelle des alarmes, parfait pour la s\u00e9curit\u00e9 \u00e0 la maison ou \u00e0 l&#039;entreprise.<\/p>","protected":false},"featured_media":141249,"template":"","meta":{"_acf_changed":false},"product_brand":[],"product_cat":[3376,3382],"product_tag":[2472,2326,2332],"class_list":{"0":"post-68389","1":"product","2":"type-product","3":"status-publish","4":"has-post-thumbnail","6":"product_cat-visonic-larmenheter","7":"product_cat-rorelse-och-kamera-visonic-larmenheter","8":"product_tag-sbsc-larmklassr","9":"product_tag-visonic-kamera","10":"product_tag-visonic-rorelsedetektor","11":"product_shipping_class-tunga-paket","12":"pa_brands-5visonic","13":"tm-no-options","15":"first","16":"outofstock","17":"sale","18":"featured","19":"taxable","20":"shipping-taxable","21":"purchasable","22":"product-type-simple"},"acf":[],"_links":{"self":[{"href":"https:\/\/secureus.se\/fr\/wp-json\/wp\/v2\/product\/68389","targetHints":{"allow":["GET"]}}],"collection":[{"href":"https:\/\/secureus.se\/fr\/wp-json\/wp\/v2\/product"}],"about":[{"href":"https:\/\/secureus.se\/fr\/wp-json\/wp\/v2\/types\/product"}],"wp:featuredmedia":[{"embeddable":true,"href":"https:\/\/secureus.se\/fr\/wp-json\/wp\/v2\/media\/141249"}],"wp:attachment":[{"href":"https:\/\/secureus.se\/fr\/wp-json\/wp\/v2\/media?parent=68389"}],"wp:term":[{"taxonomy":"product_brand","embeddable":true,"href":"https:\/\/secureus.se\/fr\/wp-json\/wp\/v2\/product_brand?post=68389"},{"taxonomy":"product_cat","embeddable":true,"href":"https:\/\/secureus.se\/fr\/wp-json\/wp\/v2\/product_cat?post=68389"},{"taxonomy":"product_tag","embeddable":true,"href":"https:\/\/secureus.se\/fr\/wp-json\/wp\/v2\/product_tag?post=68389"}],"curies":[{"name":"wp","href":"https:\/\/api.w.org\/{rel}","templated":true}]}}