{"id":68837,"date":"2022-11-21T12:56:02","date_gmt":"2022-11-21T11:56:02","guid":{"rendered":"https:\/\/secureus.se\/produkt\/poeswitch-4-port-battbackup\/"},"modified":"2026-04-08T16:47:33","modified_gmt":"2026-04-08T14:47:33","slug":"poeswitch-4-port-battbackup","status":"publish","type":"product","link":"https:\/\/secureus.se\/fr\/poeswitch-4-port-battbackup\/","title":{"rendered":"Batterie de secours Poeswitch 4 ports"},"content":{"rendered":"<p>La tension secteur est indiqu\u00e9e par une LED verte et les erreurs par une LED rouge en fa\u00e7ade, relais d&#039;alarme. Peut \u00eatre \u00e9quip\u00e9 de cartes d&#039;alarme pour des alarmes de d\u00e9faut suppl\u00e9mentaires et de contacts d&#039;autoprotection dans des trous pr\u00e9-perc\u00e9s. L&#039;unit\u00e9 est prot\u00e9g\u00e9e contre les surcharges, les courts-circuits et dispose d&#039;une protection int\u00e9gr\u00e9e contre la d\u00e9charge profonde des batteries. Le secteur, la charge et la batterie sont prot\u00e9g\u00e9s par des fusibles. Conforme aux normes IEEE802.3af et IEEE802.3at. et peut fournir jusqu&#039;\u00e0 25 W\/port<\/p>","protected":false},"excerpt":{"rendered":"<p>La tension secteur est indiqu\u00e9e par une LED verte et les erreurs par une LED rouge en fa\u00e7ade, relais d&#039;alarme. Peut \u00eatre \u00e9quip\u00e9 de cartes d&#039;alarme pour des alarmes de d\u00e9faut suppl\u00e9mentaires et de contacts d&#039;autoprotection dans des trous pr\u00e9-perc\u00e9s. L&#039;unit\u00e9 est prot\u00e9g\u00e9e contre les surcharges,<\/p>","protected":false},"featured_media":141530,"template":"","meta":{"_acf_changed":false},"product_brand":[],"product_cat":[2123],"product_tag":[],"class_list":{"0":"post-68837","1":"product","2":"type-product","3":"status-publish","4":"has-post-thumbnail","6":"product_cat-poe-switch-med-batteribackup","7":"product_shipping_class-tunga-paket","8":"pa_brands-swansons","9":"tm-no-options","11":"first","12":"instock","13":"sale","14":"taxable","15":"shipping-taxable","16":"purchasable","17":"product-type-simple"},"acf":[],"_links":{"self":[{"href":"https:\/\/secureus.se\/fr\/wp-json\/wp\/v2\/product\/68837","targetHints":{"allow":["GET"]}}],"collection":[{"href":"https:\/\/secureus.se\/fr\/wp-json\/wp\/v2\/product"}],"about":[{"href":"https:\/\/secureus.se\/fr\/wp-json\/wp\/v2\/types\/product"}],"wp:featuredmedia":[{"embeddable":true,"href":"https:\/\/secureus.se\/fr\/wp-json\/wp\/v2\/media\/141530"}],"wp:attachment":[{"href":"https:\/\/secureus.se\/fr\/wp-json\/wp\/v2\/media?parent=68837"}],"wp:term":[{"taxonomy":"product_brand","embeddable":true,"href":"https:\/\/secureus.se\/fr\/wp-json\/wp\/v2\/product_brand?post=68837"},{"taxonomy":"product_cat","embeddable":true,"href":"https:\/\/secureus.se\/fr\/wp-json\/wp\/v2\/product_cat?post=68837"},{"taxonomy":"product_tag","embeddable":true,"href":"https:\/\/secureus.se\/fr\/wp-json\/wp\/v2\/product_tag?post=68837"}],"curies":[{"name":"wp","href":"https:\/\/api.w.org\/{rel}","templated":true}]}}