{"id":69351,"date":"2022-11-28T13:13:28","date_gmt":"2022-11-28T12:13:28","guid":{"rendered":"https:\/\/secureus.se\/produkt\/ridadetektor-inomhus-tradlos-svart\/"},"modified":"2026-03-09T17:42:22","modified_gmt":"2026-03-09T16:42:22","slug":"ajax-motionprotect-curtain-svart","status":"publish","type":"product","link":"https:\/\/secureus.se\/fr\/ajax-motionprotect-curtain-svart\/","title":{"rendered":"Ajax MotionProtect Curtain - D\u00e9tecteur \u00e9questre int\u00e9rieur - Noir"},"content":{"rendered":"<h3><strong>Rideau Ajax MotionProtect \u2013 La nouvelle norme pour la protection int\u00e9rieure<\/strong><\/h3>\n<p>Le rideau Ajax MotionProtect est un d\u00e9tecteur de mouvement sans fil avanc\u00e9 sp\u00e9cialement con\u00e7u pour fournir une s\u00e9curit\u00e9 fiable dans les environnements int\u00e9rieurs.<\/p>\n<p>C&#039;est une solution parfaite pour prot\u00e9ger les fen\u00eatres, les portes et autres zones \u00e9troites, l\u00e0 o\u00f9 les d\u00e9tecteurs traditionnels n&#039;offrent pas toujours la couverture souhait\u00e9e.<\/p>\n<p>Dot\u00e9 de fonctionnalit\u00e9s avanc\u00e9es telles que deux syst\u00e8mes optiques et la technologie ELSA, il offre une pr\u00e9cision de d\u00e9tection pr\u00e9cise, et ce sans interf\u00e9rer avec la libert\u00e9 de mouvement des personnes d\u00e9j\u00e0 pr\u00e9sentes dans la zone.<\/p>\n<p><strong>Syst\u00e8me de d\u00e9tection double \u2013 pour une haute pr\u00e9cision et un faible risque de fausse alarme<\/strong><\/p>\n<p>La conception unique du rideau Ajax MotionProtect comprend un double syst\u00e8me de d\u00e9tection avec deux syst\u00e8mes optiques ind\u00e9pendants.<\/p>\n<p>Ces syst\u00e8mes ont des champs de vision \u00e9troits et peuvent couvrir jusqu&#039;\u00e0 30 m\u00e8tres de longueur. Cela minimise le risque de fausses alarmes caus\u00e9es par des perturbations naturelles telles que le mouvement d&#039;animaux domestiques ou d&#039;objets dans la pi\u00e8ce.<\/p>\n<p>Les champs de vision \u00e9troits permettent \u00e9galement de cr\u00e9er une barri\u00e8re efficace sans bloquer la fluidit\u00e9 des mouvements dans l\u2019espace.<\/p>\n<p><strong>Technologie ELSA \u2013 Pour une pr\u00e9cision de d\u00e9tection \u00e9lev\u00e9e<\/strong><\/p>\n<p>Le rideau MotionProtect est \u00e9quip\u00e9 de la technologie ELSA (Extended Live Signal Analysis) qui permet de filtrer les mouvements ind\u00e9sirables tels que les animaux ou les perturbations naturelles.<\/p>\n<p>Cela garantit une grande pr\u00e9cision de d\u00e9tection, ce qui signifie que vous ne recevez des alertes qu&#039;en cas de menaces r\u00e9elles. La technologie ELSA analyse et s&#039;adapte en permanence \u00e0 l&#039;environnement, ce qui signifie que le syst\u00e8me reste pr\u00e9cis m\u00eame dans des environnements int\u00e9rieurs dynamiques.<\/p>\n<p><strong>D\u00e9tection deux-en-un et d\u00e9tection de proximit\u00e9<\/strong><\/p>\n<p>Ce d\u00e9tecteur combine deux capteurs en une seule unit\u00e9, ce qui lui permet de r\u00e9agir rapidement et de mani\u00e8re fiable aux mouvements humains.<\/p>\n<p>MotionProtect Curtain utilise \u00e9galement la d\u00e9tection de proximit\u00e9, qui permet \u00e0 l&#039;appareil de traiter les angles morts et de prot\u00e9ger des zones sp\u00e9cifiques, telles que les fen\u00eatres, sans affecter d&#039;autres zones.<\/p>\n<p>Ceci est particuli\u00e8rement utile dans les environnements o\u00f9 l&#039;espace est limit\u00e9 et o\u00f9 le d\u00e9tecteur doit se concentrer sur des points d&#039;intrusion sp\u00e9cifiques.<\/p>\n<p><strong>Protection contre les alt\u00e9rations et haute s\u00e9curit\u00e9<\/strong><\/p>\n<p>Pour garantir que votre s\u00e9curit\u00e9 n&#039;est pas compromise par la falsification, le rideau MotionProtect est con\u00e7u avec un syst\u00e8me avanc\u00e9 de masquage et de d\u00e9tection de falsification.<\/p>\n<p>Si quelqu&#039;un tente d&#039;alt\u00e9rer le capteur, une fonction d&#039;alarme imm\u00e9diate est activ\u00e9e, vous permettant de r\u00e9agir rapidement en cas d&#039;interventions non autoris\u00e9es. Cette protection garantit que le syst\u00e8me reste s\u00fbr et fiable tout au long de sa dur\u00e9e de vie.<\/p>\n<p><strong>Longue dur\u00e9e de vie de la batterie et installation facile<\/strong><\/p>\n<p>Le rideau Ajax MotionProtect est con\u00e7u pour offrir une autonomie \u00e0 long terme avec une autonomie impressionnante allant jusqu&#039;\u00e0 4 ans.<\/p>\n<p>Cela r\u00e9duit le besoin de changements fr\u00e9quents de batterie et offre une protection \u00e0 long terme sans entretien suppl\u00e9mentaire. L&#039;installation est simple et en scannant le code QR avec l&#039;application Ajax, vous pouvez rapidement ajouter le d\u00e9tecteur au syst\u00e8me. Tous les r\u00e9glages peuvent \u00eatre effectu\u00e9s en temps r\u00e9el via l&#039;application, permettant d&#039;adapter le d\u00e9tecteur \u00e0 vos besoins sp\u00e9cifiques sans aucun probl\u00e8me.<\/p>\n<p><strong>Compatibilit\u00e9 et flexibilit\u00e9<\/strong><\/p>\n<p>MotionProtect Curtain fonctionne de mani\u00e8re transparente avec tous les hubs Ajax, notamment Hub Plus, Hub 2 et Hub 2 Plus, ainsi qu&#039;avec les r\u00e9p\u00e9teurs de signal ReX.<\/p>\n<p>Cela permet au d\u00e9tecteur d&#039;\u00eatre utilis\u00e9 dans des installations petites et grandes et offre une flexibilit\u00e9 lorsqu&#039;il s&#039;agit de couvrir des zones plus grandes ou des propri\u00e9t\u00e9s plus complexes.<\/p>\n<p><strong>Sp\u00e9cifications techniques\u00a0:<\/strong><\/p>\n<ul>\n<li><strong>Type de d\u00e9tecteur\u00a0:<\/strong> D\u00e9tecteur de rideau sans fil pour usage int\u00e9rieur<\/li>\n<li><strong>Syst\u00e8me de d\u00e9tection\u00a0:<\/strong> Double syst\u00e8me optique avec deux capteurs<\/li>\n<li><strong>Distance de d\u00e9tection de mouvement\u00a0:<\/strong> Jusqu&#039;\u00e0 30 m\u00e8tres<\/li>\n<li><strong>Sensibilit\u00e9:<\/strong> R\u00e9glable pour optimiser la d\u00e9tection<\/li>\n<li><strong>Protection contre les alt\u00e9rations\u00a0:<\/strong> D\u00e9tection de masquage et de falsification<\/li>\n<li><strong>Alimentation\u00a0:<\/strong> 2 \u00d7 piles CR123A (pr\u00e9install\u00e9es)<\/li>\n<li><strong>Autonomie de la batterie\u00a0:<\/strong> Jusqu&#039;\u00e0 4 ans<\/li>\n<li><strong>Protocole de communication\u00a0:<\/strong> Bijoutier<\/li>\n<li><strong>Classe de protection\u00a0:<\/strong> IP40<\/li>\n<li><strong>Temp\u00e9rature de fonctionnement :<\/strong> -10\u00b0C \u00e0 +40\u00b0C<\/li>\n<li><strong>Humidit\u00e9:<\/strong> Jusqu&#039;\u00e0 95%<\/li>\n<li><strong>Dimensions:<\/strong> 183 \u00d7 70 \u00d7 65 mm<\/li>\n<li><strong>Poids:<\/strong> 322g<\/li>\n<li><strong>Hauteur de montage :<\/strong> Recommand\u00e9 0,8 \u00e0 1,3 m<\/li>\n<\/ul>\n<p><strong>Contenu du colis :<\/strong><\/p>\n<ul>\n<li>Rideau Ajax MotionProtect<\/li>\n<li>Panneau de montage SmartBracket<\/li>\n<li>2 \u00d7 piles CR123A (pr\u00e9install\u00e9es)<\/li>\n<li>Kit d&#039;installation<\/li>\n<li>Manuel d&#039;utilisation<\/li>\n<\/ul>\n<p><strong>Conclusion:<\/strong><\/p>\n<p>Le rideau Ajax MotionProtect est une solution parfaite pour cr\u00e9er une protection int\u00e9rieure efficace et fiable sans entraver la libert\u00e9 de mouvement des personnes dans la pi\u00e8ce.<\/p>\n<p>Dot\u00e9 de fonctionnalit\u00e9s avanc\u00e9es telles que le syst\u00e8me de double d\u00e9tection, la technologie ELSA et la d\u00e9tection d&#039;effraction, ce d\u00e9tecteur offre une haute s\u00e9curit\u00e9 et une longue dur\u00e9e de vie de la batterie.<\/p>\n<p>Il est facile \u00e0 installer et \u00e0 configurer, ce qui en fait un excellent choix pour les particuliers et les entreprises.<\/p>","protected":false},"excerpt":{"rendered":"<p>L&#039;Ajax MotionProtect Curtain est un d\u00e9tecteur de rideau sans fil pour usage int\u00e9rieur, con\u00e7u pour prot\u00e9ger votre maison ou votre entreprise contre les intrusions.<\/p>\n<p>Dot\u00e9 de deux syst\u00e8mes optiques ind\u00e9pendants, de la technologie ELSA et d&#039;une autonomie allant jusqu&#039;\u00e0 4 ans, il offre une protection fiable et pr\u00e9cise sans g\u00eaner la libert\u00e9 de mouvement des personnes dans la zone.<\/p>","protected":false},"featured_media":155628,"template":"","meta":{"_acf_changed":false},"product_brand":[],"product_cat":[3156,1319],"product_tag":[3127,4863],"class_list":{"0":"post-69351","1":"product","2":"type-product","3":"status-publish","4":"has-post-thumbnail","6":"product_cat-rorelse-och-kamera","7":"product_cat-ajax-larm","8":"product_tag-kontrollprodukt","9":"product_tag-pf","10":"product_shipping_class-postnord-varubrev","11":"pa_ajax-tradlosa-larm-detektorer","12":"pa_brands-ajax-systems","13":"pa_color-svart","14":"pa_farg-svart","15":"tm-no-options","17":"first","18":"onbackorder","19":"sale","20":"featured","21":"taxable","22":"shipping-taxable","23":"purchasable","24":"product-type-simple"},"acf":[],"_links":{"self":[{"href":"https:\/\/secureus.se\/fr\/wp-json\/wp\/v2\/product\/69351","targetHints":{"allow":["GET"]}}],"collection":[{"href":"https:\/\/secureus.se\/fr\/wp-json\/wp\/v2\/product"}],"about":[{"href":"https:\/\/secureus.se\/fr\/wp-json\/wp\/v2\/types\/product"}],"wp:featuredmedia":[{"embeddable":true,"href":"https:\/\/secureus.se\/fr\/wp-json\/wp\/v2\/media\/155628"}],"wp:attachment":[{"href":"https:\/\/secureus.se\/fr\/wp-json\/wp\/v2\/media?parent=69351"}],"wp:term":[{"taxonomy":"product_brand","embeddable":true,"href":"https:\/\/secureus.se\/fr\/wp-json\/wp\/v2\/product_brand?post=69351"},{"taxonomy":"product_cat","embeddable":true,"href":"https:\/\/secureus.se\/fr\/wp-json\/wp\/v2\/product_cat?post=69351"},{"taxonomy":"product_tag","embeddable":true,"href":"https:\/\/secureus.se\/fr\/wp-json\/wp\/v2\/product_tag?post=69351"}],"curies":[{"name":"wp","href":"https:\/\/api.w.org\/{rel}","templated":true}]}}