{"id":69370,"date":"2022-11-28T13:13:23","date_gmt":"2022-11-28T12:13:23","guid":{"rendered":"https:\/\/secureus.se\/produkt\/regnskydd-for-ir-detektor-utomhus-vit\/"},"modified":"2026-03-30T15:55:42","modified_gmt":"2026-03-30T13:55:42","slug":"ajax-hood-regnskydd-ir-utomhus","status":"publish","type":"product","link":"https:\/\/secureus.se\/fr\/ajax-hood-regnskydd-ir-utomhus\/","title":{"rendered":"AJAX Hood pour MotionProtect Outdoor, d\u00e9tecteur ext\u00e9rieur de protection contre la pluie"},"content":{"rendered":"<h3><strong>Housse de pluie Ajax Hood - Prot\u00e9gez vos appareils ext\u00e9rieurs des intemp\u00e9ries<\/strong><\/h3>\n<p>Pour garantir le bon fonctionnement de vos unit\u00e9s Ajax dans toutes les conditions m\u00e9t\u00e9orologiques, Ajax propose un accessoire pratique : l&#039;Ajax Hood Rain Cover. Cette housse de pluie est sp\u00e9cialement con\u00e7ue pour s&#039;adapter \u00e0 l&#039;Ajax MotionProtect Outdoor et \u00e0 la MotionCam Outdoor, deux des appareils les plus avanc\u00e9s du syst\u00e8me de s\u00e9curit\u00e9 Ajax.<\/p>\n<p>En prot\u00e9geant ces appareils de la pluie, de la neige et d&#039;autres influences m\u00e9t\u00e9orologiques, Hood garantit que votre s\u00e9curit\u00e9 n&#039;est pas affect\u00e9e par les intemp\u00e9ries.<\/p>\n<p><strong>Protection pour vos d\u00e9tecteurs de mouvements et cam\u00e9ras<\/strong><\/p>\n<p>La housse de pluie Ajax Hood est une housse robuste qui emp\u00eache la pluie et la neige de bloquer ou d&#039;affecter les unit\u00e9s, leur permettant ainsi de continuer \u00e0 fonctionner efficacement m\u00eame dans des conditions m\u00e9t\u00e9orologiques extr\u00eames.<\/p>\n<p>Cela rend la housse de pluie particuli\u00e8rement utile pour garantir que le d\u00e9tecteur de mouvement Ajax MotionProtect Outdoor et la cam\u00e9ra MotionCam Outdoor restent fonctionnels quelle que soit la m\u00e9t\u00e9o.<\/p>\n<p><strong>Installation facile<\/strong><\/p>\n<p>La hotte pour MotionProtect Outdoor peut \u00eatre facilement install\u00e9e sans avoir \u00e0 retirer le d\u00e9tecteur d\u00e9j\u00e0 install\u00e9 de la surface.<\/p>\n<p>La housse de pluie est livr\u00e9e avec un ruban Dual Lock \u00e0 l&#039;int\u00e9rieur de la housse qui rend l&#039;installation \u00e0 la fois rapide et s\u00e9curis\u00e9e.<\/p>\n<p>Pour l&#039;installer, retirez le film protecteur du ruban, fixez le capot au d\u00e9tecteur de mani\u00e8re \u00e0 ce qu&#039;une partie du ruban colle au corps du d\u00e9tecteur.<\/p>\n<p>Ensuite, desserrez le capot et lissez la partie du ruban adh\u00e9sif rest\u00e9e sur le d\u00e9tecteur, puis replacez le capot afin que les deux morceaux de ruban adh\u00e9sif soient fermement fix\u00e9s.<\/p>\n<p>Cette installation ne n\u00e9cessite aucun d\u00e9montage de l&#039;appareil et permet de prot\u00e9ger facilement vos capteurs et cam\u00e9ras sans perturber leur fonctionnement.<\/p>\n<p><strong>S\u00e9curit\u00e9 am\u00e9lior\u00e9e dans les espaces ext\u00e9rieurs<\/strong><\/p>\n<p>La housse Ajax Hood Rain emp\u00eache les intemp\u00e9ries d&#039;interf\u00e9rer avec le fonctionnement de vos dispositifs de s\u00e9curit\u00e9, offrant ainsi une protection continue contre le cambriolage, l&#039;incendie et d&#039;autres menaces de s\u00e9curit\u00e9.<\/p>\n<p>En installant cette housse de pluie, vous pouvez vous assurer que vos d\u00e9tecteurs et cam\u00e9ras restent exempts de probl\u00e8mes li\u00e9s aux conditions m\u00e9t\u00e9orologiques qui peuvent affecter leurs performances.<\/p>\n<p>Il est \u00e9galement important de noter que la housse de pluie Ajax Hood est con\u00e7ue pour une utilisation en int\u00e9rieur, ce qui signifie qu&#039;elle offre une protection fiable \u00e0 tous les appareils ext\u00e9rieurs qui font partie de votre syst\u00e8me de s\u00e9curit\u00e9 Ajax.<\/p>\n<p><strong>Compatibilit\u00e9 avec les appareils Ajax<\/strong><\/p>\n<p>La housse de pluie est compatible avec Ajax MotionProtect Outdoor, MotionCam Outdoor et MotionCam Outdoor PhOD, ce qui en fait un accessoire polyvalent pour tous vos appareils ext\u00e9rieurs.<\/p>\n<p>C&#039;est une solution parfaite pour garantir que toutes les parties de votre syst\u00e8me de s\u00e9curit\u00e9 Ajax continuent de fonctionner correctement, quelles que soient les conditions m\u00e9t\u00e9orologiques.<\/p>\n<p><strong>Sp\u00e9cifications techniques\u00a0:<\/strong><\/p>\n<ul>\n<li><strong>Type d&#039;accessoires :<\/strong> Housse de pluie pour usage ext\u00e9rieur<\/li>\n<li><strong>Compatibilit\u00e9:<\/strong> Compatible avec Ajax MotionProtect Outdoor, MotionCam Outdoor et MotionCam Outdoor PhOD<\/li>\n<li><strong>M\u00e9thode d&#039;installation :<\/strong> Facile \u00e0 installer avec le ruban Dual Lock<\/li>\n<li><strong>Mat\u00e9riel:<\/strong> Protection r\u00e9sistante aux intemp\u00e9ries contre la pluie et la neige<\/li>\n<li><strong>Caract\u00e9ristiques:<\/strong> Prot\u00e8ge contre les effets m\u00e9t\u00e9orologiques pour une meilleure d\u00e9tection et surveillance<\/li>\n<\/ul>\n<p><strong>Conclusion:<\/strong><\/p>\n<p>La housse de pluie Ajax Hood est un accessoire simple mais efficace qui garantit le fonctionnement de vos unit\u00e9s ext\u00e9rieures sans interf\u00e9rence de la pluie ou de la neige.<\/p>\n<p>En prot\u00e9geant Ajax MotionProtect Outdoor et MotionCam Outdoor des \u00e9l\u00e9ments, vous pouvez \u00eatre s\u00fbr que votre syst\u00e8me de s\u00e9curit\u00e9 continuera \u00e0 fonctionner correctement dans toutes les conditions m\u00e9t\u00e9orologiques, offrant ainsi une protection fiable et continue \u00e0 votre maison ou votre entreprise.<\/p>","protected":false},"excerpt":{"rendered":"<p>La housse de pluie Ajax Hood est con\u00e7ue pour prot\u00e9ger Ajax MotionProtect Outdoor et MotionCam Outdoor de la pluie et de la neige.<\/p>\n<p>Cet accessoire pratique garantit que vos appareils continuent de fonctionner correctement dans toutes les conditions m\u00e9t\u00e9orologiques.<\/p>","protected":false},"featured_media":152162,"template":"","meta":{"_acf_changed":false},"product_brand":[],"product_cat":[3157,1319],"product_tag":[4863],"class_list":{"0":"post-69370","1":"product","2":"type-product","3":"status-publish","4":"has-post-thumbnail","6":"product_cat-utomhussakerhet","7":"product_cat-ajax-larm","8":"product_tag-pf","9":"product_shipping_class-postnord-varubrev","10":"pa_ajax-tradlosa-larm-ovriga-tillbehor-monteringsfaste","11":"pa_brands-ajax-systems","12":"pa_color-vit","13":"pa_farg-vit","14":"tm-no-options","16":"first","17":"instock","18":"sale","19":"featured","20":"taxable","21":"shipping-taxable","22":"purchasable","23":"product-type-simple"},"acf":[],"_links":{"self":[{"href":"https:\/\/secureus.se\/fr\/wp-json\/wp\/v2\/product\/69370","targetHints":{"allow":["GET"]}}],"collection":[{"href":"https:\/\/secureus.se\/fr\/wp-json\/wp\/v2\/product"}],"about":[{"href":"https:\/\/secureus.se\/fr\/wp-json\/wp\/v2\/types\/product"}],"wp:featuredmedia":[{"embeddable":true,"href":"https:\/\/secureus.se\/fr\/wp-json\/wp\/v2\/media\/152162"}],"wp:attachment":[{"href":"https:\/\/secureus.se\/fr\/wp-json\/wp\/v2\/media?parent=69370"}],"wp:term":[{"taxonomy":"product_brand","embeddable":true,"href":"https:\/\/secureus.se\/fr\/wp-json\/wp\/v2\/product_brand?post=69370"},{"taxonomy":"product_cat","embeddable":true,"href":"https:\/\/secureus.se\/fr\/wp-json\/wp\/v2\/product_cat?post=69370"},{"taxonomy":"product_tag","embeddable":true,"href":"https:\/\/secureus.se\/fr\/wp-json\/wp\/v2\/product_tag?post=69370"}],"curies":[{"name":"wp","href":"https:\/\/api.w.org\/{rel}","templated":true}]}}