{"id":69390,"date":"2022-11-28T13:13:11","date_gmt":"2022-11-28T12:13:11","guid":{"rendered":"https:\/\/secureus.se\/produkt\/monteringsfaste-siren-inomhus-vit\/"},"modified":"2026-03-09T17:43:08","modified_gmt":"2026-03-09T16:43:08","slug":"ajax-smart-bracket-vit","status":"publish","type":"product","link":"https:\/\/secureus.se\/fr\/ajax-smart-bracket-vit\/","title":{"rendered":"Support de fixation intelligent Ajax - Pi\u00e8ce de rechange \/ Accessoires - Sir\u00e8ne int\u00e9rieure blanche"},"content":{"rendered":"<h3><strong>Support de montage pour sir\u00e8ne int\u00e9rieure Ajax Smart Bracket - Installation facile et couverture flexible<\/strong><\/h3>\n<p>L&#039;Ajax Smart Bracket est un support de montage pratique et convivial qui rend l&#039;installation des sir\u00e8nes Ajax en int\u00e9rieur simple et efficace.<\/p>\n<p>Il est con\u00e7u pour optimiser le placement de la sir\u00e8ne pour une meilleure transmission du son et garantir que votre appareil Ajax fonctionne de la meilleure fa\u00e7on possible.<\/p>\n<p>De conception durable et flexible, ce support permet une installation stable sur des surfaces verticales ou dans des coins, maximisant ainsi l&#039;efficacit\u00e9 du syst\u00e8me de s\u00e9curit\u00e9.<\/p>\n<p><strong>Installation simple et flexible<\/strong><\/p>\n<p>Smart Bracket est facile \u00e0 installer et peut \u00eatre rapidement mont\u00e9 \u00e0 l\u2019emplacement souhait\u00e9.<\/p>\n<p>Pour installer le d\u00e9tecteur, retirez le panneau Smart Bracket de la sir\u00e8ne et fixez-le \u00e0 une surface verticale ou \u00e0 un coin de la pi\u00e8ce.<\/p>\n<p>La fixation se fait \u00e0 l&#039;aide de ruban adh\u00e9sif double face ou d&#039;autres attaches temporaires.<\/p>\n<p>La hauteur d&#039;installation recommand\u00e9e est de 2,4 m\u00e8tres pour garantir un fonctionnement optimal de la sir\u00e8ne.<\/p>\n<p>Pour garantir la meilleure force de signal possible, vous pouvez effectuer des tests de force du signal \u00e0 l&#039;aide de l&#039;application Ajax.<\/p>\n<p>La force du signal recommand\u00e9e pour un syst\u00e8me stable est de deux ou trois barres.<\/p>\n<p>Si le signal est faible, vous pouvez facilement d\u00e9placer l&#039;appareil de quelques centim\u00e8tres pour am\u00e9liorer la r\u00e9ception du signal.<\/p>\n<p><strong>Test et ajustement des zones de d\u00e9tection<\/strong><\/p>\n<p>Lors de l&#039;installation de l&#039;Ajax Smart Bracket, vous pouvez \u00e9galement effectuer un test de zone de d\u00e9tection pour vous assurer que la sir\u00e8ne couvre la bonne zone et qu&#039;aucun obstacle ne bloque la transmission du son.<\/p>\n<p>En testant les zones de d\u00e9tection, vous pouvez \u00eatre s\u00fbr que la sir\u00e8ne fonctionne efficacement dans toutes les situations.<\/p>\n<p>Si vous remarquez que le d\u00e9tecteur ne r\u00e9pond pas correctement, vous pouvez ajuster le placement pour obtenir de meilleurs r\u00e9sultats.<\/p>\n<p><strong>Fonction durable et stable<\/strong><\/p>\n<p>Le support de montage Ajax Smart Bracket est fabriqu\u00e9 \u00e0 partir de mat\u00e9riaux durables et con\u00e7u pour une utilisation \u00e0 long terme.<\/p>\n<p>Pour garantir une installation stable, il est recommand\u00e9 de fixer le panneau de montage avec les vis fournies.<\/p>\n<p>Le panneau Smart Bracket poss\u00e8de des trous sp\u00e9cifiques qui permettent de le fixer correctement, et gr\u00e2ce aux parties perfor\u00e9es pour la d\u00e9tection d&#039;effraction, vous obtenez une s\u00e9curit\u00e9 suppl\u00e9mentaire pour votre installation.<\/p>\n<p><strong>Compatibilit\u00e9 et flexibilit\u00e9<\/strong><\/p>\n<p>Ce support de montage est parfait pour toutes les sir\u00e8nes Ajax et fonctionne bien avec les unit\u00e9s plus anciennes et plus r\u00e9centes.<\/p>\n<p>Il offre de la flexibilit\u00e9 aux utilisateurs qui souhaitent optimiser la s\u00e9curit\u00e9 de leur maison ou de leur entreprise en pla\u00e7ant la sir\u00e8ne au meilleur emplacement possible.<\/p>\n<p><strong>Caract\u00e9ristiques:<\/strong><\/p>\n<ul>\n<li><strong>Type d&#039;accessoires :<\/strong> Support de montage pour sir\u00e8ne Ajax en int\u00e9rieur<\/li>\n<li><strong>Hauteur d&#039;installation :<\/strong> Recommand\u00e9 2,4 m\u00e8tres<\/li>\n<li><strong>M\u00e9thode d&#039;installation :<\/strong> Se fixe aux surfaces verticales ou aux coins<\/li>\n<li><strong>Mat\u00e9riel:<\/strong> Durable et r\u00e9sistant aux intemp\u00e9ries<\/li>\n<li><strong>Compatibilit\u00e9:<\/strong> Compatible avec les sir\u00e8nes Ajax<\/li>\n<li><strong>Test de force du signal\u00a0:<\/strong> Oui, via l&#039;application Ajax<\/li>\n<li><strong>Ajustement de la zone de d\u00e9tection :<\/strong> Oui<\/li>\n<li><strong>Attaches\u00a0:<\/strong> Comprend des vis et la possibilit\u00e9 d&#039;utiliser d&#039;autres fixations<\/li>\n<\/ul>\n<p><strong>Conclusion:<\/strong><\/p>\n<p>Le support de fixation Ajax Smart Bracket pour sir\u00e8nes est un accessoire simple et efficace pour optimiser l&#039;installation de votre sir\u00e8ne.<\/p>\n<p>Offrant \u00e0 la fois durabilit\u00e9 et flexibilit\u00e9, ainsi qu&#039;une installation et un r\u00e9glage faciles, le Smart Bracket garantit que votre syst\u00e8me de s\u00e9curit\u00e9 fonctionne de mani\u00e8re optimale et offre une protection maximale \u00e0 votre maison ou votre entreprise.<\/p>\n<p>&nbsp;<\/p>","protected":false},"excerpt":{"rendered":"<p>L&#039;Ajax Smart Bracket est un support de montage pour les sir\u00e8nes Ajax int\u00e9rieures, con\u00e7u pour une installation et un r\u00e9glage faciles du placement.<\/p>\n<p>Cette solution permet une installation stable et s\u00e9curis\u00e9e pour une transmission d&#039;alarme efficace dans votre syst\u00e8me de s\u00e9curit\u00e9.<\/p>","protected":false},"featured_media":0,"template":"","meta":{"_acf_changed":false},"product_brand":[],"product_cat":[3128],"product_tag":[],"class_list":{"0":"post-69390","1":"product","2":"type-product","3":"status-publish","5":"product_cat-ajax-reservdelar-fasten","6":"product_shipping_class-postnord-varubrev","7":"pa_ajax-tradlosa-larm-ovriga-tillbehor-monteringsfaste","8":"pa_brands-ajax-systems","9":"pa_color-vit","10":"pa_farg-vit","11":"tm-no-options","13":"first","14":"instock","15":"sale","16":"featured","17":"taxable","18":"shipping-taxable","19":"purchasable","20":"product-type-simple"},"acf":[],"_links":{"self":[{"href":"https:\/\/secureus.se\/fr\/wp-json\/wp\/v2\/product\/69390","targetHints":{"allow":["GET"]}}],"collection":[{"href":"https:\/\/secureus.se\/fr\/wp-json\/wp\/v2\/product"}],"about":[{"href":"https:\/\/secureus.se\/fr\/wp-json\/wp\/v2\/types\/product"}],"wp:attachment":[{"href":"https:\/\/secureus.se\/fr\/wp-json\/wp\/v2\/media?parent=69390"}],"wp:term":[{"taxonomy":"product_brand","embeddable":true,"href":"https:\/\/secureus.se\/fr\/wp-json\/wp\/v2\/product_brand?post=69390"},{"taxonomy":"product_cat","embeddable":true,"href":"https:\/\/secureus.se\/fr\/wp-json\/wp\/v2\/product_cat?post=69390"},{"taxonomy":"product_tag","embeddable":true,"href":"https:\/\/secureus.se\/fr\/wp-json\/wp\/v2\/product_tag?post=69390"}],"curies":[{"name":"wp","href":"https:\/\/api.w.org\/{rel}","templated":true}]}}