{"id":69395,"date":"2022-11-28T13:13:10","date_gmt":"2022-11-28T12:13:10","guid":{"rendered":"https:\/\/secureus.se\/produkt\/monteringsfaste-siren-utomhus-svart\/"},"modified":"2026-03-09T17:43:22","modified_gmt":"2026-03-09T16:43:22","slug":"ajax-smart-bracket-svart-3","status":"publish","type":"product","link":"https:\/\/secureus.se\/fr\/ajax-smart-bracket-svart-3\/","title":{"rendered":"Support de fixation\/accessoire Ajax Smart Bracket pour sir\u00e8ne ext\u00e9rieure noire"},"content":{"rendered":"<h3><strong>Ajax Smart Bracket - La solution parfaite pour une installation facile des appareils Ajax<\/strong><\/h3>\n<p>L&#039;Ajax Smart Bracket est un support de montage pratique et innovant con\u00e7u pour faciliter l&#039;installation des sir\u00e8nes et d\u00e9tecteurs Ajax, notamment pour une utilisation en ext\u00e9rieur.<\/p>\n<p>Il permet de garantir que vos appareils Ajax sont correctement install\u00e9s et solidement connect\u00e9s, offrant \u00e0 la fois des performances et une durabilit\u00e9 durables.<\/p>\n<p>Avec son design simple et fonctionnel, le Smart Bracket rend l&#039;installation rapide et efficace, qu&#039;il s&#039;agisse d&#039;un d\u00e9tecteur de mouvement ou d&#039;une sir\u00e8ne.<\/p>\n<p><strong>Installation et flexibilit\u00e9 am\u00e9lior\u00e9es<\/strong><\/p>\n<p>Le Smart Bracket est con\u00e7u pour fournir un support stable pour les appareils Ajax tels que les sir\u00e8nes et les d\u00e9tecteurs. Il peut \u00eatre facilement fix\u00e9 sur des surfaces verticales ou dans des coins, ce qui vous permet de positionner les appareils de mani\u00e8re \u00e0 optimiser leurs performances.<\/p>\n<p>La hauteur d&#039;installation recommand\u00e9e est de 2,4 m\u00e8tres, ce qui est la hauteur id\u00e9ale pour garantir un fonctionnement optimal des d\u00e9tecteurs et des sir\u00e8nes.<\/p>\n<p>en utilisant le Smart Bracket, vous pouvez \u00e9galement vous assurer que les appareils ne se bloquent pas et ont une vue d\u00e9gag\u00e9e pour une meilleure d\u00e9tection.<\/p>\n<p><strong>Force du signal et ajustement pour une couverture optimale<\/strong><\/p>\n<p>Une caract\u00e9ristique importante de l&#039;Ajax Smart Bracket est la possibilit\u00e9 d&#039;effectuer des tests de puissance du signal pour garantir que votre appareil re\u00e7oit la meilleure puissance de signal possible.<\/p>\n<p>Pour tester la force du signal entre l&#039;appareil et le hub, vous pouvez utiliser l&#039;application Ajax pour afficher les niveaux de signal.<\/p>\n<p>La force du signal recommand\u00e9e doit \u00eatre de deux ou trois barres. Si le signal est inf\u00e9rieur \u00e0 cela, un simple repositionnement de l\u2019appareil peut am\u00e9liorer consid\u00e9rablement le signal.<\/p>\n<p>Cela vous permet d&#039;optimiser le placement de l&#039;appareil sans avoir \u00e0 apporter de modifications majeures \u00e0 l&#039;installation.<\/p>\n<p><strong>Installation facile avec des vis ou des attaches<\/strong><\/p>\n<p>L&#039;Ajax Smart Bracket est livr\u00e9 avec un panneau de montage qui peut \u00eatre facilement fix\u00e9 avec les vis fournies. Pour plus de s\u00e9curit\u00e9 et de stabilit\u00e9, des trous sp\u00e9ciaux sont pr\u00e9vus dans le panneau pour faciliter le per\u00e7age et la fixation sur la surface souhait\u00e9e.<\/p>\n<p>Une fois l&#039;installation termin\u00e9e et toutes les vis correctement fix\u00e9es, vous pouvez \u00eatre s\u00fbr que votre appareil Ajax est correctement mont\u00e9 et prot\u00e9g\u00e9 des interf\u00e9rences externes.<\/p>\n<p><strong>Facile \u00e0 r\u00e9gler et \u00e0 d\u00e9placer l&#039;unit\u00e9<\/strong><\/p>\n<p>Le support intelligent facilite \u00e9galement le d\u00e9placement ou l&#039;ajustement des unit\u00e9s apr\u00e8s l&#039;installation.<\/p>\n<p>Si vous remarquez que la puissance du signal est insuffisante ou que l&#039;appareil ne couvre pas la zone souhait\u00e9e, vous pouvez facilement retirer l&#039;appareil du support et le repositionner.<\/p>\n<p>Cela rend l\u2019installation beaucoup plus flexible et personnalisable en fonction de vos besoins sp\u00e9cifiques.<\/p>\n<p><strong>Compatibilit\u00e9 et adaptabilit\u00e9<\/strong><\/p>\n<p>L&#039;Ajax Smart Bracket est compatible avec plusieurs appareils Ajax, notamment les d\u00e9tecteurs et sir\u00e8nes MotionCam Jeweler.<\/p>\n<p>Cela en fait un accessoire id\u00e9al pour les utilisateurs qui souhaitent optimiser le placement de leurs appareils et garantir que leur syst\u00e8me de s\u00e9curit\u00e9 fonctionne de la meilleure fa\u00e7on possible.<\/p>\n<p>Avec sa construction robuste et sa conception personnalisable, le Smart Bracket est un \u00e9l\u00e9ment indispensable du syst\u00e8me de s\u00e9curit\u00e9 Ajax.<\/p>\n<p><strong>Caract\u00e9ristiques:<\/strong><\/p>\n<ul>\n<li><strong>Type d&#039;accessoires :<\/strong> Support de montage pour appareils Ajax<\/li>\n<li><strong>Hauteur d&#039;installation :<\/strong> Recommand\u00e9 2,4 m\u00e8tres<\/li>\n<li><strong>Pi\u00e8ce jointe:<\/strong> Surface ou coin vertical<\/li>\n<li><strong>Mat\u00e9riel:<\/strong> Durable et r\u00e9sistant aux intemp\u00e9ries<\/li>\n<li><strong>M\u00e9thode d&#039;installation :<\/strong> Se fixe avec des vis ou des attaches<\/li>\n<li><strong>Compatibilit\u00e9:<\/strong> Compatible avec les d\u00e9tecteurs MotionCam Jeweller et les sir\u00e8nes Ajax<\/li>\n<li><strong>Fonction:<\/strong> Am\u00e9liore l&#039;emplacement et la force du signal des appareils<\/li>\n<\/ul>\n<p><strong>Conclusion:<\/strong><\/p>\n<p>L&#039;Ajax Smart Bracket est une solution simple mais efficace pour am\u00e9liorer l&#039;installation et la s\u00e9curit\u00e9 de vos appareils Ajax.<\/p>\n<p>Gr\u00e2ce \u00e0 sa conception robuste et sa flexibilit\u00e9, le support de montage permet d&#039;optimiser facilement votre s\u00e9curit\u00e9, que ce soit pour une installation int\u00e9rieure ou ext\u00e9rieure.<\/p>\n<p>En offrant stabilit\u00e9, flexibilit\u00e9 et possibilit\u00e9 de tester la force du signal, le Smart Bracket garantit que votre syst\u00e8me de s\u00e9curit\u00e9 fonctionne toujours de mani\u00e8re optimale.<\/p>\n<p>&nbsp;<\/p>","protected":false},"excerpt":{"rendered":"<p>L&#039;Ajax Smart Bracket est un support de montage pour sir\u00e8nes et d\u00e9tecteurs qui rend l&#039;installation des appareils Ajax facile et s\u00fbre.<\/p>\n<p>Il est parfait pour une utilisation en ext\u00e9rieur et permet un montage stable et flexible sur des surfaces verticales ou dans des coins.<\/p>","protected":false},"featured_media":0,"template":"","meta":{"_acf_changed":false},"product_brand":[],"product_cat":[3128],"product_tag":[],"class_list":{"0":"post-69395","1":"product","2":"type-product","3":"status-publish","5":"product_cat-ajax-reservdelar-fasten","6":"product_shipping_class-postnord-varubrev","7":"pa_ajax-tradlosa-larm-ovriga-tillbehor-monteringsfaste","8":"pa_brands-ajax-systems","9":"pa_color-svart","10":"pa_farg-svart","11":"tm-no-options","13":"first","14":"outofstock","15":"sale","16":"featured","17":"taxable","18":"shipping-taxable","19":"purchasable","20":"product-type-simple"},"acf":[],"_links":{"self":[{"href":"https:\/\/secureus.se\/fr\/wp-json\/wp\/v2\/product\/69395","targetHints":{"allow":["GET"]}}],"collection":[{"href":"https:\/\/secureus.se\/fr\/wp-json\/wp\/v2\/product"}],"about":[{"href":"https:\/\/secureus.se\/fr\/wp-json\/wp\/v2\/types\/product"}],"wp:attachment":[{"href":"https:\/\/secureus.se\/fr\/wp-json\/wp\/v2\/media?parent=69395"}],"wp:term":[{"taxonomy":"product_brand","embeddable":true,"href":"https:\/\/secureus.se\/fr\/wp-json\/wp\/v2\/product_brand?post=69395"},{"taxonomy":"product_cat","embeddable":true,"href":"https:\/\/secureus.se\/fr\/wp-json\/wp\/v2\/product_cat?post=69395"},{"taxonomy":"product_tag","embeddable":true,"href":"https:\/\/secureus.se\/fr\/wp-json\/wp\/v2\/product_tag?post=69395"}],"curies":[{"name":"wp","href":"https:\/\/api.w.org\/{rel}","templated":true}]}}