{"id":69407,"date":"2022-11-28T13:13:05","date_gmt":"2022-11-28T12:13:05","guid":{"rendered":"https:\/\/secureus.se\/produkt\/kombidetektor-husdjur-12m-tradlos-vit\/"},"modified":"2026-04-02T10:43:41","modified_gmt":"2026-04-02T08:43:41","slug":"ajax-motionprotect-plus-husdjur-vit","status":"publish","type":"product","link":"https:\/\/secureus.se\/fr\/ajax-motionprotect-plus-husdjur-vit\/","title":{"rendered":"D\u00e9tecteur combin\u00e9 Ajax MotionProtect Plus \u2013 IR + micro-ondes \u2013 Blanc \u2013 Pour environnements difficiles"},"content":{"rendered":"<h3><strong>Ajax MotionProtect Plus \u2013 Le d\u00e9tecteur de mouvement parfait pour la maison et le bureau<\/strong><\/h3>\n<p>Ajax MotionProtect Plus est un d\u00e9tecteur de mouvement sans fil innovant et fiable qui offre une s\u00e9curit\u00e9 sup\u00e9rieure pour votre maison ou votre entreprise.<\/p>\n<p>Equip\u00e9 \u00e0 la fois d&#039;un capteur PIR (capteur infrarouge passif) et d&#039;un capteur micro-ondes, MotionProtect Plus peut d\u00e9tecter rapidement et efficacement les mouvements, m\u00eame dans des environnements difficiles avec des perturbations telles que la climatisation, des flammes nues ou des lumi\u00e8res vacillantes.<\/p>\n<p>Sa technologie avanc\u00e9e en fait le choix id\u00e9al pour garantir une d\u00e9tection fiable et pr\u00e9cise sans provoquer de fausses alarmes.<\/p>\n<p><strong>Technologie avanc\u00e9e pour une d\u00e9tection sup\u00e9rieure<\/strong><\/p>\n<p>MotionProtect Plus combine deux syst\u00e8mes de d\u00e9tection \u2013 capteurs PIR et capteurs micro-ondes \u2013 qui permettent une tr\u00e8s grande pr\u00e9cision lorsqu&#039;il s&#039;agit de d\u00e9tecter les mouvements humains.<\/p>\n<p>Le capteur PIR r\u00e9agit aux diff\u00e9rences de temp\u00e9rature, tandis que le capteur micro-ondes filtre les perturbations caus\u00e9es par la climatisation, les rideaux, l&#039;\u00e9blouissement ou les reflets.<\/p>\n<p>Cette combinaison permet \u00e0 l&#039;appareil de faire la distinction entre les menaces r\u00e9elles et les perturbations potentielles, r\u00e9duisant ainsi le risque de fausses alarmes.<\/p>\n<p><strong>D\u00e9tection sans danger pour les animaux<\/strong><\/p>\n<p>L\u2019une des caract\u00e9ristiques les plus remarquables de MotionProtect Plus est son immunit\u00e9 aux animaux de compagnie.<\/p>\n<p>Il est con\u00e7u pour ignorer les mouvements des animaux pesant jusqu&#039;\u00e0 20 kg et mesurant jusqu&#039;\u00e0 50 cm, ce qui le rend id\u00e9al pour les m\u00e9nages avec des animaux.<\/p>\n<p>Cela r\u00e9duit le risque de fausses alarmes provoqu\u00e9es par des animaux domestiques et permet d&#039;utiliser le d\u00e9tecteur dans des maisons abritant \u00e0 la fois des animaux petits et grands.<\/p>\n<p><strong>Performance fiable et durable<\/strong><\/p>\n<p>MotionProtect Plus a une longue dur\u00e9e de vie des piles allant jusqu&#039;\u00e0 5 ans, ce qui signifie que vous pouvez le configurer et l&#039;oublier sans avoir \u00e0 changer fr\u00e9quemment les piles.<\/p>\n<p>Le d\u00e9tecteur est \u00e9galement \u00e9quip\u00e9 d\u2019une gestion avanc\u00e9e de l\u2019\u00e9nergie, ce qui le rend \u00e0 la fois durable et fiable sur une longue p\u00e9riode.<\/p>\n<p>Il est compatible avec tous les hubs Ajax et fonctionne de mani\u00e8re transparente avec le reste du syst\u00e8me de s\u00e9curit\u00e9 pour fournir une protection compl\u00e8te.<\/p>\n<p><strong>Communication s\u00e9curis\u00e9e et protection contre les falsifications<\/strong><\/p>\n<p>Pour garantir que votre s\u00e9curit\u00e9 n&#039;est pas compromise par des interf\u00e9rences, MotionProtect Plus utilise la technologie radio Jeweller d&#039;Ajax.<\/p>\n<p>Cela lui permet de communiquer efficacement avec le hub Ajax et d\u2019autres appareils, m\u00eame \u00e0 distance.<\/p>\n<p>Il est \u00e9galement \u00e9quip\u00e9 d&#039;un syst\u00e8me de d\u00e9tection d&#039;effraction et d&#039;effraction qui alerte imm\u00e9diatement si quelqu&#039;un tente d&#039;alt\u00e9rer l&#039;appareil.<\/p>\n<p>Toutes les communications sont crypt\u00e9es \u00e0 l&#039;aide de l&#039;algorithme AES, ce qui signifie que le syst\u00e8me est prot\u00e9g\u00e9 contre tout acc\u00e8s non autoris\u00e9 et toute interception.<\/p>\n<p><strong>Installation et configuration<\/strong><\/p>\n<p>Ajax MotionProtect Plus est facile \u00e0 installer et \u00e0 configurer. Il est livr\u00e9 avec une pile CR123A pr\u00e9install\u00e9e et peut \u00eatre rapidement connect\u00e9 au syst\u00e8me via l&#039;application Ajax en scannant le code QR.<\/p>\n<p>En utilisant le panneau de montage SmartBracket, l&#039;unit\u00e9 peut \u00eatre fix\u00e9e \u00e0 une surface verticale ou dans un coin, rendant l&#039;installation rapide et flexible.<\/p>\n<p>Pour garantir les meilleures performances possibles, vous pouvez \u00e9galement effectuer des tests d&#039;intensit\u00e9 du signal et ajuster la zone de d\u00e9tection du d\u00e9tecteur.<\/p>\n<p><strong>Sp\u00e9cifications techniques\u00a0:<\/strong><\/p>\n<ul>\n<li><strong>Type de d\u00e9tecteur\u00a0:<\/strong> D\u00e9tecteur combin\u00e9 sans fil avec capteur PIR et micro-ondes<\/li>\n<li><strong>Distance de d\u00e9tection de mouvement\u00a0:<\/strong> Jusqu&#039;\u00e0 12 m\u00e8tres<\/li>\n<li><strong>Angles de d\u00e9tection\u00a0:<\/strong> Horizontal \u2013 88,5\u00b0, Vertical \u2013 80\u00b0<\/li>\n<li><strong>D\u00e9lai de livraison de l&#039;alarme\u00a0:<\/strong> 0,15 seconde<\/li>\n<li><strong>Sensibilit\u00e9:<\/strong> R\u00e9glable, 3 niveaux<\/li>\n<li><strong>S\u00e9curit\u00e9 des animaux\u00a0:<\/strong> Jusqu&#039;\u00e0 20 kg, hauteur jusqu&#039;\u00e0 50 cm<\/li>\n<li><strong>Alimentation\u00a0:<\/strong> Pile CR123A (pr\u00e9install\u00e9e)<\/li>\n<li><strong>Autonomie de la batterie\u00a0:<\/strong> Jusqu&#039;\u00e0 5 ans<\/li>\n<li><strong>Protocole de communication\u00a0:<\/strong> Bijoutier<\/li>\n<li><strong>Temp\u00e9rature de fonctionnement :<\/strong> -10\u00b0C \u00e0 +40\u00b0C<\/li>\n<li><strong>Humidit\u00e9:<\/strong> Jusqu&#039;\u00e0 75%<\/li>\n<li><strong>Dimensions:<\/strong> 110 \u00d7 65 \u00d7 50 mm<\/li>\n<li><strong>Poids:<\/strong> 96g<\/li>\n<\/ul>\n<p><strong>Contenu du colis :<\/strong><\/p>\n<ul>\n<li>D\u00e9tecteur de mouvement MotionProtect Plus<\/li>\n<li>Panneau de montage SmartBracket<\/li>\n<li>Pile CR123A (pr\u00e9install\u00e9e)<\/li>\n<li>Kit d&#039;installation<\/li>\n<li>Manuel d&#039;utilisation<\/li>\n<\/ul>\n<p><strong>Conclusion:<\/strong><\/p>\n<p>Ajax MotionProtect Plus est une solution fiable et flexible pour garantir la d\u00e9tection de mouvements et l&#039;immunit\u00e9 des animaux dans votre maison ou votre entreprise.<\/p>\n<p>Avec ses fonctionnalit\u00e9s avanc\u00e9es, sa batterie longue dur\u00e9e et ses protocoles de s\u00e9curit\u00e9 robustes, il offre une protection efficace et durable contre les intrus.<\/p>\n<p>En filtrant les interf\u00e9rences et en ignorant les animaux domestiques, MotionProtect Plus offre une d\u00e9tection pr\u00e9cise et fiable pour tous les types d&#039;environnements.<\/p>","protected":false},"excerpt":{"rendered":"<p>Ajax MotionProtect Plus est un d\u00e9tecteur combin\u00e9 sans fil avanc\u00e9 avec capteur micro-ondes et immunit\u00e9 aux animaux.<\/p>\n<p>Il d\u00e9tecte les mouvements et filtre les interf\u00e9rences de la climatisation et le scintillement de la lumi\u00e8re, avec une port\u00e9e allant jusqu&#039;\u00e0 12 m\u00e8tres.<\/p>","protected":false},"featured_media":155434,"template":"","meta":{"_acf_changed":false},"product_brand":[],"product_cat":[3156,1319],"product_tag":[3152,3127,2137,4863],"class_list":{"0":"post-69407","1":"product","2":"type-product","3":"status-publish","4":"has-post-thumbnail","6":"product_cat-rorelse-och-kamera","7":"product_cat-ajax-larm","8":"product_tag-cr123-tillbehor","9":"product_tag-kontrollprodukt","10":"product_tag-lager-ajax","11":"product_tag-pf","12":"product_shipping_class-postnord-varubrev","13":"pa_ajax-tradlosa-larm-detektorer","14":"pa_brands-ajax-systems","15":"pa_color-vit","16":"pa_farg-vit","17":"tm-no-options","19":"first","20":"instock","21":"sale","22":"featured","23":"taxable","24":"shipping-taxable","25":"purchasable","26":"product-type-simple"},"acf":[],"_links":{"self":[{"href":"https:\/\/secureus.se\/fr\/wp-json\/wp\/v2\/product\/69407","targetHints":{"allow":["GET"]}}],"collection":[{"href":"https:\/\/secureus.se\/fr\/wp-json\/wp\/v2\/product"}],"about":[{"href":"https:\/\/secureus.se\/fr\/wp-json\/wp\/v2\/types\/product"}],"wp:featuredmedia":[{"embeddable":true,"href":"https:\/\/secureus.se\/fr\/wp-json\/wp\/v2\/media\/155434"}],"wp:attachment":[{"href":"https:\/\/secureus.se\/fr\/wp-json\/wp\/v2\/media?parent=69407"}],"wp:term":[{"taxonomy":"product_brand","embeddable":true,"href":"https:\/\/secureus.se\/fr\/wp-json\/wp\/v2\/product_brand?post=69407"},{"taxonomy":"product_cat","embeddable":true,"href":"https:\/\/secureus.se\/fr\/wp-json\/wp\/v2\/product_cat?post=69407"},{"taxonomy":"product_tag","embeddable":true,"href":"https:\/\/secureus.se\/fr\/wp-json\/wp\/v2\/product_tag?post=69407"}],"curies":[{"name":"wp","href":"https:\/\/api.w.org\/{rel}","templated":true}]}}