{"id":69414,"date":"2022-11-28T13:13:05","date_gmt":"2022-11-28T12:13:05","guid":{"rendered":"https:\/\/secureus.se\/produkt\/monteringsfaste-ir-detektor-vit\/"},"modified":"2026-03-10T11:02:24","modified_gmt":"2026-03-10T10:02:24","slug":"ajax-faste-ir-detektor-vit","status":"publish","type":"product","link":"https:\/\/secureus.se\/fr\/ajax-faste-ir-detektor-vit\/","title":{"rendered":"Support de fixation intelligent Ajax - Pi\u00e8ce de rechange \/ Accessoires MotionProtect"},"content":{"rendered":"<h3><strong>Ajax Smart Bracket Support de montage pour d\u00e9tecteur de mouvement avec capteur IR<\/strong><\/h3>\n<p>L&#039;Ajax Smart Bracket est l&#039;accessoire ultime pour l&#039;installation des d\u00e9tecteurs de mouvement Ajax, sp\u00e9cialement con\u00e7u pour optimiser le placement d&#039;appareils tels que MotionProtect avec capteurs IR.<\/p>\n<p>Avec ce support de montage, vous obtenez une installation s\u00fbre, stable et flexible, ce qui facilite le placement de votre d\u00e9tecteur de mouvement au meilleur endroit pour une protection maximale.<\/p>\n<p>Que vous installiez des d\u00e9tecteurs pour la maison ou le bureau, le Smart Bracket garantit un fonctionnement fiable et durable.<\/p>\n<p><strong>Avantages du support de montage Ajax Smart Bracket<\/strong><\/p>\n<p>Smart Bracket rend l\u2019installation des d\u00e9tecteurs de mouvement Ajax MotionProtect fluide et rapide.<\/p>\n<p>Pour installer le d\u00e9tecteur, retirez le panneau de montage Smart Bracket de l&#039;unit\u00e9 et fixez-le \u00e0 une surface verticale ou dans un coin de la pi\u00e8ce.<\/p>\n<p>Vous pouvez utiliser du ruban adh\u00e9sif double face ou d&#039;autres attaches temporaires.<\/p>\n<p>La hauteur d&#039;installation recommand\u00e9e est de 2,4 m\u00e8tres, ce qui permet au d\u00e9tecteur de fournir la meilleure couverture et d\u00e9tection dans votre syst\u00e8me de s\u00e9curit\u00e9.<\/p>\n<p>Une caract\u00e9ristique importante du Smart Bracket est qu\u2019il offre une flexibilit\u00e9 pour tester la force du signal.<\/p>\n<p>En ex\u00e9cutant des tests de force du signal via l&#039;application Ajax, vous pouvez facilement v\u00e9rifier que la force du signal est suffisante pour garantir que votre d\u00e9tecteur de mouvement fonctionne de mani\u00e8re optimale.<\/p>\n<p>Si la force du signal est trop faible, un simple r\u00e9glage de la position de l&#039;appareil peut am\u00e9liorer consid\u00e9rablement la r\u00e9ception.<\/p>\n<p><strong>D\u00e9tection optimale et ajustement de la zone de d\u00e9tection<\/strong><\/p>\n<p>Pour vous assurer que le d\u00e9tecteur de mouvement couvre la bonne zone, vous pouvez effectuer un test de zone de d\u00e9tection.<\/p>\n<p>Pendant ce test, vous pouvez vous promener dans la pi\u00e8ce et observer les LED de l&#039;appareil pour voir s&#039;il d\u00e9tecte un mouvement comme pr\u00e9vu.<\/p>\n<p>La port\u00e9e maximale de d\u00e9tection des d\u00e9tecteurs de mouvement est de 12 m\u00e8tres, et en la testant et en l&#039;ajustant, vous pouvez l&#039;affiner pour obtenir la meilleure couverture possible et une d\u00e9tection fiable.<\/p>\n<p><strong>Installation facile et stable<\/strong><\/p>\n<p>L&#039;Ajax Smart Bracket est con\u00e7u pour \u00eatre facile \u00e0 installer sans affecter la fonctionnalit\u00e9 de l&#039;appareil.<\/p>\n<p>Une fois le panneau de montage en place, fixez-le fermement avec les vis fournies pour garantir la stabilit\u00e9 du d\u00e9tecteur.<\/p>\n<p>Le Smart Bracket dispose de trous sp\u00e9cifiques pour fixer facilement le panneau au bon endroit, et si vous utilisez d&#039;autres fixations, vous devez faire attention \u00e0 ne pas endommager ou d\u00e9former le panneau de montage.<\/p>\n<p><strong>Compatibilit\u00e9 avec les d\u00e9tecteurs de mouvement Ajax<\/strong><\/p>\n<p>Le Smart Bracket est enti\u00e8rement compatible avec Ajax MotionProtect et d&#039;autres d\u00e9tecteurs de mouvement Ajax, ce qui en fait un accessoire polyvalent pour tout syst\u00e8me de s\u00e9curit\u00e9 utilisant des appareils Ajax.<\/p>\n<p>La facilit\u00e9 d&#039;installation, ainsi que la flexibilit\u00e9 de pouvoir ajuster la force du signal et la zone de d\u00e9tection, font de ce support un \u00e9l\u00e9ment pr\u00e9cieux du syst\u00e8me pour garantir que tous les appareils fonctionnent de mani\u00e8re optimale.<\/p>\n<p><strong>Caract\u00e9ristiques:<\/strong><\/p>\n<ul>\n<li><strong>Type d&#039;accessoires :<\/strong> Support de montage pour d\u00e9tecteur de mouvement Ajax avec capteur IR<\/li>\n<li><strong>Hauteur d&#039;installation :<\/strong> Recommand\u00e9 2,4 m\u00e8tres<\/li>\n<li><strong>M\u00e9thode d&#039;installation :<\/strong> Se fixe aux surfaces verticales ou aux coins<\/li>\n<li><strong>Mat\u00e9riel:<\/strong> Durable et r\u00e9sistant aux intemp\u00e9ries<\/li>\n<li><strong>Compatibilit\u00e9:<\/strong> Compatible avec Ajax MotionProtect et autres d\u00e9tecteurs de mouvement<\/li>\n<li><strong>Test de force du signal\u00a0:<\/strong> Oui, via l&#039;application Ajax<\/li>\n<li><strong>Ajustement de la zone de d\u00e9tection :<\/strong> Oui<\/li>\n<li><strong>Attaches\u00a0:<\/strong> Comprend des vis et la possibilit\u00e9 d&#039;utiliser d&#039;autres fixations<\/li>\n<\/ul>\n<p><strong>Conclusion:<\/strong><\/p>\n<p>L&#039;Ajax Smart Bracket est la solution parfaite pour installer et optimiser le placement de vos d\u00e9tecteurs de mouvement Ajax.<\/p>\n<p>Avec son installation facile, ses fonctions r\u00e9glables et sa conception durable, le Smart Bracket garantit que votre syst\u00e8me de s\u00e9curit\u00e9 fonctionne de mani\u00e8re efficace et fiable.<\/p>\n<p>&nbsp;<\/p>","protected":false},"excerpt":{"rendered":"<p>L&#039;Ajax Smart Bracket est un support de montage pour les d\u00e9tecteurs de mouvement Ajax MotionProtect avec capteurs IR.<\/p>\n<p>Le support rend l&#039;installation facile et s\u00fbre, avec une hauteur et une flexibilit\u00e9 r\u00e9glables pour optimiser le placement des d\u00e9tecteurs dans votre syst\u00e8me de s\u00e9curit\u00e9.<\/p>","protected":false},"featured_media":0,"template":"","meta":{"_acf_changed":false},"product_brand":[],"product_cat":[3128],"product_tag":[],"class_list":{"0":"post-69414","1":"product","2":"type-product","3":"status-publish","5":"product_cat-ajax-reservdelar-fasten","6":"product_shipping_class-postnord-varubrev","7":"pa_ajax-tradlosa-larm-ovriga-tillbehor-monteringsfaste","8":"pa_brands-ajax-systems","9":"pa_color-vit","10":"pa_farg-vit","11":"tm-no-options","13":"first","14":"instock","15":"sale","16":"featured","17":"taxable","18":"shipping-taxable","19":"purchasable","20":"product-type-simple"},"acf":[],"_links":{"self":[{"href":"https:\/\/secureus.se\/fr\/wp-json\/wp\/v2\/product\/69414","targetHints":{"allow":["GET"]}}],"collection":[{"href":"https:\/\/secureus.se\/fr\/wp-json\/wp\/v2\/product"}],"about":[{"href":"https:\/\/secureus.se\/fr\/wp-json\/wp\/v2\/types\/product"}],"wp:attachment":[{"href":"https:\/\/secureus.se\/fr\/wp-json\/wp\/v2\/media?parent=69414"}],"wp:term":[{"taxonomy":"product_brand","embeddable":true,"href":"https:\/\/secureus.se\/fr\/wp-json\/wp\/v2\/product_brand?post=69414"},{"taxonomy":"product_cat","embeddable":true,"href":"https:\/\/secureus.se\/fr\/wp-json\/wp\/v2\/product_cat?post=69414"},{"taxonomy":"product_tag","embeddable":true,"href":"https:\/\/secureus.se\/fr\/wp-json\/wp\/v2\/product_tag?post=69414"}],"curies":[{"name":"wp","href":"https:\/\/api.w.org\/{rel}","templated":true}]}}