{"id":69419,"date":"2022-11-28T13:12:59","date_gmt":"2022-11-28T12:12:59","guid":{"rendered":"https:\/\/secureus.se\/produkt\/integrationsmodul-ocbridge-plus\/"},"modified":"2026-03-09T17:43:43","modified_gmt":"2026-03-09T16:43:43","slug":"ajax-integrationsmodul-ocbridge-plus","status":"publish","type":"product","link":"https:\/\/secureus.se\/fr\/ajax-integrationsmodul-ocbridge-plus\/","title":{"rendered":"Module d&#039;int\u00e9gration Ajax\/ocBridge Plus"},"content":{"rendered":"<h3><strong>Module d&#039;int\u00e9gration Ajax ocBridge Plus \u2013 D\u00e9veloppez votre syst\u00e8me Ajax avec des d\u00e9tecteurs filaires<\/strong><\/h3>\n<p>Ajax ocBridge Plus est un module d&#039;int\u00e9gration puissant qui permet une connexion facile de d\u00e9tecteurs filaires et d&#039;autres appareils \u00e0 votre syst\u00e8me de s\u00e9curit\u00e9 sans fil Ajax.<\/p>\n<p>Gr\u00e2ce \u00e0 ce module, vous pouvez int\u00e9grer des appareils filaires existants dans un syst\u00e8me autrement enti\u00e8rement sans fil, ce qui en fait une solution id\u00e9ale pour les nouvelles installations et les mises \u00e0 niveau des syst\u00e8mes existants.<\/p>\n<p>Ce module ouvre une vari\u00e9t\u00e9 de d\u00e9tecteurs filaires, notamment des d\u00e9tecteurs de mouvement, des capteurs de portes et fen\u00eatres, ainsi que d&#039;autres composants de s\u00e9curit\u00e9 qui font traditionnellement partie des syst\u00e8mes de s\u00e9curit\u00e9 filaires.<\/p>\n<p><strong>Int\u00e9gration facile et flexibilit\u00e9<\/strong><\/p>\n<p>ocBridge Plus est con\u00e7u pour \u00eatre compatible avec tous les hubs Ajax, ce qui facilite son int\u00e9gration dans un syst\u00e8me de s\u00e9curit\u00e9 existant.<\/p>\n<p>La t\u00e2che du module est de connecter des d\u00e9tecteurs filaires aux entr\u00e9es de section d&#039;un appareil central filaire.<\/p>\n<p>De cette fa\u00e7on, vous pouvez profiter des avantages qu&#039;offrent les syst\u00e8mes sans fil Ajax \u2013 notamment un contr\u00f4le d&#039;application convivial, une installation rapide et une flexibilit\u00e9 \u2013 tout en utilisant vos appareils filaires d\u00e9j\u00e0 install\u00e9s.<\/p>\n<p><strong>Suppl\u00e9ment pour les syst\u00e8mes de s\u00e9curit\u00e9 plus grands<\/strong><\/p>\n<p>Avec ocBridge Plus, vous pouvez cr\u00e9er un syst\u00e8me de s\u00e9curit\u00e9 plus complet en connectant jusqu&#039;\u00e0 18 d\u00e9tecteurs filaires au syst\u00e8me.<\/p>\n<p>Cela en fait une solution parfaite pour les grandes installations o\u00f9 un m\u00e9lange de composants sans fil et filaires est n\u00e9cessaire.<\/p>\n<p>En utilisant ce module, vous obtenez la meilleure couverture et fiabilit\u00e9 possible de votre syst\u00e8me de s\u00e9curit\u00e9.<\/p>\n<p><strong>Installation rapide et facile<\/strong><\/p>\n<p>L&#039;installation d&#039;ocBridge Plus est rapide et facile. Apr\u00e8s l&#039;avoir connect\u00e9 au syst\u00e8me et aux d\u00e9tecteurs filaires via les connexions fournies, vous pouvez facilement configurer et contr\u00f4ler le syst\u00e8me via l&#039;application Ajax.<\/p>\n<p>Cela vous permet de disposer d\u2019un syst\u00e8me de s\u00e9curit\u00e9 enti\u00e8rement fonctionnel et fiable en tr\u00e8s peu de temps sans avoir besoin d\u2019une installation compliqu\u00e9e.<\/p>\n<p><strong>Contr\u00f4le et surveillance \u00e0 distance<\/strong><\/p>\n<p>L&#039;un des plus grands avantages d&#039;Ajax ocBridge Plus est qu&#039;il permet aux utilisateurs de surveiller et de contr\u00f4ler tous leurs appareils connect\u00e9s \u2013 sans fil et filaires \u2013 via l&#039;application Ajax.<\/p>\n<p>Cela offre un niveau \u00e9lev\u00e9 de contr\u00f4le utilisateur et garantit que vous avez toujours acc\u00e8s \u00e0 l&#039;\u00e9tat du syst\u00e8me, o\u00f9 que vous soyez. Le module est \u00e9galement compatible avec les centres d&#039;alarme d&#039;Ajax, vous permettant de vous connecter \u00e0 un service de surveillance professionnel si vous le souhaitez.<\/p>\n<p><strong>Haute s\u00e9curit\u00e9 et cryptage<\/strong><\/p>\n<p>Faisant partie du syst\u00e8me Ajax, ocBridge Plus offre le m\u00eame niveau de s\u00e9curit\u00e9 et de cryptage que tout autre appareil.<\/p>\n<p>Il utilise le cryptage AES pour garantir que toutes les communications entre les appareils sont s\u00e9curis\u00e9es et prot\u00e9g\u00e9es contre les menaces externes.<\/p>\n<p>Cela signifie qu&#039;il est pratiquement impossible pour des personnes non autoris\u00e9es d&#039;\u00e9couter ou de manipuler le syst\u00e8me.<\/p>\n<p><strong>Sp\u00e9cifications techniques\u00a0:<\/strong><\/p>\n<ul>\n<li><strong>Taper:<\/strong> Module d&#039;int\u00e9gration pour d\u00e9tecteurs filaires<\/li>\n<li><strong>Compatibilit\u00e9:<\/strong> Fonctionne avec tous les hubs Ajax<\/li>\n<li><strong>Relations:<\/strong> Jusqu&#039;\u00e0 18 d\u00e9tecteurs filaires (PIR, capteurs de porte, etc.)<\/li>\n<li><strong>Cryptage\u00a0:<\/strong> Algorithme AES<\/li>\n<li><strong>Alimentation\u00a0:<\/strong> 12 V CC<\/li>\n<li><strong>Installation:<\/strong> Installation facile via l&#039;application Ajax<\/li>\n<li><strong>Utiliser:<\/strong> Int\u00e9rieur<\/li>\n<li><strong>Dimensions:<\/strong> 105x105x28mm<\/li>\n<li><strong>Poids:<\/strong> 90g<\/li>\n<li><strong>Garantie:<\/strong> Remplacement et r\u00e9paration dans les 24 mois \u00e0 compter de la date de vente<\/li>\n<\/ul>\n<p><strong>Conclusion:<\/strong><\/p>\n<p>Ajax ocBridge Plus est la solution parfaite pour les utilisateurs qui souhaitent combiner les avantages des appareils sans fil et filaires au sein de leur syst\u00e8me de s\u00e9curit\u00e9.<\/p>\n<p>En int\u00e9grant facilement des d\u00e9tecteurs filaires et d&#039;autres composants, vous obtenez un syst\u00e8me de s\u00e9curit\u00e9 plus complet et plus fiable.<\/p>\n<p>L&#039;installation est facile, la communication est s\u00e9curis\u00e9e et vous obtenez le contr\u00f4le total de votre syst\u00e8me via l&#039;application Ajax.<\/p>\n<p>&nbsp;<\/p>\n<p>&nbsp;<\/p>","protected":false},"excerpt":{"rendered":"<p>Ajax ocBridge Plus est un module d&#039;int\u00e9gration qui permet de connecter des d\u00e9tecteurs et appareils filaires aux syst\u00e8mes de s\u00e9curit\u00e9 sans fil Ajax.<\/p>\n<p>Cet accessoire \u00e9tend la fonctionnalit\u00e9 et la flexibilit\u00e9 du syst\u00e8me en int\u00e9grant des composants filaires.<\/p>","protected":false},"featured_media":0,"template":"","meta":{"_acf_changed":false},"product_brand":[],"product_cat":[1319],"product_tag":[4863],"class_list":{"0":"post-69419","1":"product","2":"type-product","3":"status-publish","5":"product_cat-ajax-larm","6":"product_tag-pf","7":"product_shipping_class-tunga-paket","8":"pa_ajax-tradlosa-larm-ovriga-tillbehor-monteringsfaste","9":"pa_brands-ajax-systems","10":"tm-no-options","12":"first","13":"onbackorder","14":"sale","15":"featured","16":"taxable","17":"shipping-taxable","18":"purchasable","19":"product-type-simple"},"acf":[],"_links":{"self":[{"href":"https:\/\/secureus.se\/fr\/wp-json\/wp\/v2\/product\/69419","targetHints":{"allow":["GET"]}}],"collection":[{"href":"https:\/\/secureus.se\/fr\/wp-json\/wp\/v2\/product"}],"about":[{"href":"https:\/\/secureus.se\/fr\/wp-json\/wp\/v2\/types\/product"}],"wp:attachment":[{"href":"https:\/\/secureus.se\/fr\/wp-json\/wp\/v2\/media?parent=69419"}],"wp:term":[{"taxonomy":"product_brand","embeddable":true,"href":"https:\/\/secureus.se\/fr\/wp-json\/wp\/v2\/product_brand?post=69419"},{"taxonomy":"product_cat","embeddable":true,"href":"https:\/\/secureus.se\/fr\/wp-json\/wp\/v2\/product_cat?post=69419"},{"taxonomy":"product_tag","embeddable":true,"href":"https:\/\/secureus.se\/fr\/wp-json\/wp\/v2\/product_tag?post=69419"}],"curies":[{"name":"wp","href":"https:\/\/api.w.org\/{rel}","templated":true}]}}