{"id":69428,"date":"2022-11-28T13:12:59","date_gmt":"2022-11-28T12:12:59","guid":{"rendered":"https:\/\/secureus.se\/produkt\/faste-for-ajax-overfallskontakt-svart\/"},"modified":"2026-03-09T17:43:38","modified_gmt":"2026-03-09T16:43:38","slug":"ajax-smart-bracket-svart-4","status":"publish","type":"product","link":"https:\/\/secureus.se\/fr\/ajax-smart-bracket-svart-4\/","title":{"rendered":"Ajax Smart Bracket Support pour contact Ajax Assault \/ Support pour DoubleButton noir"},"content":{"rendered":"<h3><strong>Support Ajax Smart Bracket pour Ajax Assault Contact et DoubleButton<\/strong><\/h3>\n<p>L&#039;Ajax Smart Bracket est un support de montage polyvalent et fiable qui rend l&#039;installation du commutateur d&#039;assaut Ajax et du DoubleButton facile et s\u00fbre.<\/p>\n<p>En utilisant ce support, vous pouvez vous assurer que vos boutons d&#039;assaut sont facilement accessibles, permettant une alarme rapide en cas d&#039;urgence.<\/p>\n<p>Le support est particuli\u00e8rement utile pour les utilisateurs qui souhaitent acc\u00e9der facilement \u00e0 leurs signaux d&#039;urgence sans avoir \u00e0 craindre que le bouton soit difficile \u00e0 trouver ou \u00e0 utiliser dans des situations stressantes.<\/p>\n<p><strong>Conception et fonction<\/strong><\/p>\n<p>Le Smart Bracket est con\u00e7u pour s&#039;adapter parfaitement aux commutateurs d&#039;assaut Ajax et au DoubleButton, deux dispositifs importants du syst\u00e8me de s\u00e9curit\u00e9 Ajax.<\/p>\n<p>L&#039;Assault Contact est utilis\u00e9 pour d\u00e9clencher imm\u00e9diatement l&#039;alarme dans les situations d&#039;urgence, tandis que le DoubleButton agit comme un signal d&#039;urgence rapide et efficace pour conjurer les menaces.<\/p>\n<p>En installant ces appareils avec le Smart Bracket, vous obtenez \u00e0 la fois fonctionnalit\u00e9 et s\u00e9curit\u00e9.<\/p>\n<p>Le support de montage permet de placer les unit\u00e9s sur une surface verticale ou dans un coin, les rendant facilement accessibles \u00e0 l&#039;utilisateur.<\/p>\n<p><strong>Installation et r\u00e9glage faciles<\/strong><\/p>\n<p>Le support de montage Smart Bracket rend l\u2019installation facile et rapide.<\/p>\n<p>Pour l&#039;installer, retirez le panneau de support de l&#039;appareil et fixez le panneau Smart Bracket sur une surface appropri\u00e9e avec du ruban adh\u00e9sif double face ou d&#039;autres attaches temporaires. La hauteur d&#039;installation doit \u00eatre d&#039;environ 2,4 m\u00e8tres pour permettre un acc\u00e8s rapide.<\/p>\n<p>Une fois le support en place, vous pouvez facilement effectuer des tests de force du signal pour vous assurer que les appareils fonctionnent de mani\u00e8re stable. Si n\u00e9cessaire, vous pouvez ajuster l&#039;emplacement des appareils, m\u00eame si un l\u00e9ger repositionnement peut am\u00e9liorer consid\u00e9rablement la force du signal.<\/p>\n<p><strong>S\u00e9curit\u00e9 et fiabilit\u00e9<\/strong><\/p>\n<p>L&#039;Ajax Smart Bracket est con\u00e7u pour offrir une s\u00e9curit\u00e9 et une fiabilit\u00e9 \u00e9lev\u00e9es. Les d\u00e9tecteurs et les boutons mont\u00e9s avec le Smart Bracket sont prot\u00e9g\u00e9s contre la falsification, ce qui signifie que toutes les alarmes et signaux d&#039;urgence peuvent \u00eatre transmis rapidement et en toute s\u00e9curit\u00e9.<\/p>\n<p>Pour garantir le bon fonctionnement du syst\u00e8me, le Smart Bracket utilise une communication bidirectionnelle entre les appareils et est compatible avec tous les hubs Ajax, ce qui rend l&#039;installation encore plus facile et flexible.<\/p>\n<p>Le support offre \u00e9galement la possibilit\u00e9 de tester la fonctionnalit\u00e9 des appareils via l&#039;application Ajax, afin que vous puissiez \u00eatre s\u00fbr que les appareils fonctionnent de mani\u00e8re optimale.<\/p>\n<p><strong>Flexibilit\u00e9 et compatibilit\u00e9<\/strong><\/p>\n<p>Le Smart Bracket est compatible \u00e0 la fois avec le commutateur d&#039;assaut Ajax et le DoubleButton (mod\u00e8les 50458994 et 50458992), ce qui lui permet d&#039;\u00eatre utilis\u00e9 avec diff\u00e9rents types de solutions de s\u00e9curit\u00e9.<\/p>\n<p>Cela permet \u00e0 l&#039;utilisateur de choisir la solution la mieux adapt\u00e9e \u00e0 ses besoins de s\u00e9curit\u00e9 et d&#039;installer rapidement des boutons d&#039;assaut \u00e0 la maison ou sur le lieu de travail.<\/p>\n<p><strong>Caract\u00e9ristiques:<\/strong><\/p>\n<ul>\n<li><strong>Type d&#039;accessoires :<\/strong> Support de montage pour switch d&#039;assaut Ajax et DoubleButton<\/li>\n<li><strong>Hauteur d&#039;installation :<\/strong> Recommand\u00e9 2,4 m\u00e8tres<\/li>\n<li><strong>M\u00e9thode d&#039;installation :<\/strong> Se fixe aux surfaces verticales ou aux coins<\/li>\n<li><strong>Mat\u00e9riel:<\/strong> Durable et r\u00e9sistant aux intemp\u00e9ries<\/li>\n<li><strong>Compatibilit\u00e9:<\/strong> Compatible avec le commutateur d&#039;assaut Ajax (50458994) et DoubleButton (50458992)<\/li>\n<li><strong>Test de force du signal\u00a0:<\/strong> Oui, via l&#039;application Ajax<\/li>\n<li><strong>Attaches\u00a0:<\/strong> Comprend des vis et la possibilit\u00e9 d&#039;utiliser d&#039;autres fixations<\/li>\n<\/ul>\n<p><strong>Conclusion:<\/strong><\/p>\n<p>L&#039;Ajax Smart Bracket est un composant essentiel pour garantir un acc\u00e8s rapide \u00e0 vos boutons d&#039;assaut en cas d&#039;urgence.<\/p>\n<p>Avec une installation facile, une haute s\u00e9curit\u00e9 et une excellente compatibilit\u00e9 avec les appareils Ajax, le Smart Bracket offre aux utilisateurs une solution fiable et flexible pour installer leurs contacts d&#039;assaut et leurs DoubleButtons.<\/p>\n<p>&nbsp;<\/p>\n<p>&nbsp;<\/p>","protected":false},"excerpt":{"rendered":"<p>Ajax Smart Bracket est un support de montage con\u00e7u pour le commutateur d&#039;assaut Ajax et DoubleButton.<\/p>\n<p>Il garantit une installation facile et un placement stable de vos boutons d&#039;assaut, vous donnant un acc\u00e8s rapide en cas d&#039;urgence.<\/p>","protected":false},"featured_media":0,"template":"","meta":{"_acf_changed":false},"product_brand":[],"product_cat":[3165,3128],"product_tag":[],"class_list":{"0":"post-69428","1":"product","2":"type-product","3":"status-publish","5":"product_cat-overfallslarm-knappar","6":"product_cat-ajax-reservdelar-fasten","7":"product_shipping_class-postnord-varubrev","8":"pa_ajax-tradlosa-larm-ovriga-tillbehor-monteringsfaste","9":"pa_brands-ajax-systems","10":"pa_color-svart","11":"pa_farg-svart","12":"tm-no-options","14":"first","15":"onbackorder","16":"sale","17":"featured","18":"taxable","19":"shipping-taxable","20":"purchasable","21":"product-type-simple"},"acf":[],"_links":{"self":[{"href":"https:\/\/secureus.se\/fr\/wp-json\/wp\/v2\/product\/69428","targetHints":{"allow":["GET"]}}],"collection":[{"href":"https:\/\/secureus.se\/fr\/wp-json\/wp\/v2\/product"}],"about":[{"href":"https:\/\/secureus.se\/fr\/wp-json\/wp\/v2\/types\/product"}],"wp:attachment":[{"href":"https:\/\/secureus.se\/fr\/wp-json\/wp\/v2\/media?parent=69428"}],"wp:term":[{"taxonomy":"product_brand","embeddable":true,"href":"https:\/\/secureus.se\/fr\/wp-json\/wp\/v2\/product_brand?post=69428"},{"taxonomy":"product_cat","embeddable":true,"href":"https:\/\/secureus.se\/fr\/wp-json\/wp\/v2\/product_cat?post=69428"},{"taxonomy":"product_tag","embeddable":true,"href":"https:\/\/secureus.se\/fr\/wp-json\/wp\/v2\/product_tag?post=69428"}],"curies":[{"name":"wp","href":"https:\/\/api.w.org\/{rel}","templated":true}]}}