{"id":69498,"date":"2022-11-28T11:05:32","date_gmt":"2022-11-28T10:05:32","guid":{"rendered":"https:\/\/secureus.se\/produkt\/siren-inomhus-tradlos-svart\/"},"modified":"2026-03-18T11:27:18","modified_gmt":"2026-03-18T10:27:18","slug":"ajax-homesiren-svart-siren-inomhus","status":"publish","type":"product","link":"https:\/\/secureus.se\/fr\/ajax-homesiren-svart-siren-inomhus\/","title":{"rendered":"Ajax HomeSiren Sir\u00e8ne int\u00e9rieure sans fil Noir"},"content":{"rendered":"<h3>L&#039;Ajax HomeSiren est la solution parfaite pour renforcer votre protection int\u00e9rieure avec une sir\u00e8ne fiable et \u00e0 haut volume qui r\u00e9agit \u00e0 l&#039;activation des d\u00e9tecteurs de votre syst\u00e8me de s\u00e9curit\u00e9.<\/h3>\n<p>Il est \u00e9quip\u00e9 d&#039;indicateurs sonores et lumineux pour avertir rapidement des effractions ou d&#039;autres menaces de s\u00e9curit\u00e9.<\/p>\n<p>La sir\u00e8ne peut \u00eatre facilement install\u00e9e avec le panneau SmartBracket inclus et est compatible avec tous les hubs et prolongateurs de port\u00e9e Ajax, vous offrant un syst\u00e8me de s\u00e9curit\u00e9 complet sans interf\u00e9rence.<\/p>\n<p>L&#039;une des principales caract\u00e9ristiques de l&#039;Ajax HomeSiren est son niveau sonore puissant, r\u00e9glable entre 80 dB et 98 dB \u00e0 une distance de 1 m\u00e8tre.<\/p>\n<p>Ce son aide \u00e0 dissuader les intrus et \u00e0 alerter toutes les personnes \u00e0 port\u00e9e. De plus, la sir\u00e8ne a une dur\u00e9e d&#039;alarme r\u00e9glable entre 3 secondes et 3 minutes, vous pouvez donc l&#039;adapter \u00e0 vos besoins.<\/p>\n<p>Le voyant LED int\u00e9gr\u00e9 de la sir\u00e8ne indique l&#039;\u00e9tat de votre syst\u00e8me et donne \u00e0 l&#039;utilisateur une indication visuelle si le syst\u00e8me est en \u00e9tat arm\u00e9 ou d\u00e9sarm\u00e9.<\/p>\n<p>Pour un retour visuel suppl\u00e9mentaire, une LED externe peut \u00eatre connect\u00e9e \u00e0 la sir\u00e8ne.<\/p>\n<p>Une autre fonction importante est la fonction anti-sabotage int\u00e9gr\u00e9e. Si quelqu&#039;un tente de manipuler la sir\u00e8ne, une alarme anti-sabotage est activ\u00e9e et avertit l&#039;utilisateur d&#039;\u00e9ventuelles tentatives de sabotage.<\/p>\n<p>Il utilise \u00e9galement le cryptage et la d\u00e9tection d&#039;intrusion d&#039;Ajax pour prot\u00e9ger contre le piratage et les acc\u00e8s non autoris\u00e9s, garantissant ainsi que la sir\u00e8ne fonctionne correctement lorsqu&#039;elle est vraiment n\u00e9cessaire.<\/p>\n<p>L&#039;Ajax HomeSiren a une dur\u00e9e de vie des piles allant jusqu&#039;\u00e0 5 ans, ce qui signifie que vous n&#039;avez pas \u00e0 vous soucier de changer souvent les piles.<\/p>\n<p>Il est \u00e9galement con\u00e7u pour une installation et une utilisation faciles via l\u2019application Ajax.<\/p>\n<p>La sir\u00e8ne peut \u00eatre int\u00e9gr\u00e9e \u00e0 d&#039;autres dispositifs de s\u00e9curit\u00e9 du syst\u00e8me Ajax et l&#039;installation peut \u00eatre effectu\u00e9e en quelques minutes seulement.<\/p>\n<p><strong>Sp\u00e9cifications techniques\u00a0:<\/strong><\/p>\n<ul>\n<li><strong>Niveau sonore :<\/strong> R\u00e9glable entre 80 dB et 98 dB (\u00e0 1 m de distance)<\/li>\n<li><strong>Dur\u00e9e de l&#039;alarme\u00a0:<\/strong> R\u00e9glable entre 3 secondes et 3 minutes<\/li>\n<li><strong>Autonomie de la batterie\u00a0:<\/strong> Jusqu&#039;\u00e0 5 ans<\/li>\n<li><strong>Alimentation\u00a0:<\/strong> 2 piles CR123A (pr\u00e9install\u00e9es)<\/li>\n<li><strong>Communication:<\/strong> Technologie radio Jeweller, port\u00e9e de communication jusqu&#039;\u00e0 2 000 m en terrain d\u00e9couvert<\/li>\n<li><strong>Plage de temp\u00e9rature\u00a0:<\/strong> De -10\u00b0C \u00e0 +40\u00b0C<\/li>\n<li><strong>Humidit\u00e9:<\/strong> Jusqu&#039;\u00e0 75%<\/li>\n<li><strong>Protection contre les alt\u00e9rations\u00a0:<\/strong> Oui, avec alarme anti-sabotage<\/li>\n<li><strong>Mesure:<\/strong> 75x76x27mm<\/li>\n<li><strong>Poids:<\/strong> 97g<\/li>\n<li><strong>Protection IP\u00a0:<\/strong> IP50<\/li>\n<li><strong>Compatibilit\u00e9:<\/strong> Fonctionne avec tous les hubs et prolongateurs de port\u00e9e Ajax<\/li>\n<\/ul>","protected":false},"excerpt":{"rendered":"<p>L&#039;Ajax HomeSiren est une sir\u00e8ne int\u00e9rieure sans fil qui, avec des indications sonores et LED puissantes, vous avertit des alarmes activ\u00e9es dans votre syst\u00e8me de s\u00e9curit\u00e9.<\/p>\n<p>Il est con\u00e7u pour dissuader les intrus et fournir \u00e0 l\u2019utilisateur un retour imm\u00e9diat sur l\u2019\u00e9tat de la s\u00e9curit\u00e9.<\/p>","protected":false},"featured_media":155468,"template":"","meta":{"_acf_changed":false},"product_brand":[],"product_cat":[3163,1319,1562],"product_tag":[3152,3127,4863],"class_list":{"0":"post-69498","1":"product","2":"type-product","3":"status-publish","4":"has-post-thumbnail","6":"product_cat-sirener","7":"product_cat-ajax-larm","8":"product_cat-larmdon-blixtljus","9":"product_tag-cr123-tillbehor","10":"product_tag-kontrollprodukt","11":"product_tag-pf","12":"product_shipping_class-postnord-varubrev","13":"pa_ajax-tradlosa-larm-sirener","14":"pa_brands-ajax-systems","15":"pa_color-svart","16":"pa_farg-svart","17":"tm-no-options","19":"first","20":"instock","21":"sale","22":"featured","23":"taxable","24":"shipping-taxable","25":"purchasable","26":"product-type-simple"},"acf":[],"_links":{"self":[{"href":"https:\/\/secureus.se\/fr\/wp-json\/wp\/v2\/product\/69498","targetHints":{"allow":["GET"]}}],"collection":[{"href":"https:\/\/secureus.se\/fr\/wp-json\/wp\/v2\/product"}],"about":[{"href":"https:\/\/secureus.se\/fr\/wp-json\/wp\/v2\/types\/product"}],"wp:featuredmedia":[{"embeddable":true,"href":"https:\/\/secureus.se\/fr\/wp-json\/wp\/v2\/media\/155468"}],"wp:attachment":[{"href":"https:\/\/secureus.se\/fr\/wp-json\/wp\/v2\/media?parent=69498"}],"wp:term":[{"taxonomy":"product_brand","embeddable":true,"href":"https:\/\/secureus.se\/fr\/wp-json\/wp\/v2\/product_brand?post=69498"},{"taxonomy":"product_cat","embeddable":true,"href":"https:\/\/secureus.se\/fr\/wp-json\/wp\/v2\/product_cat?post=69498"},{"taxonomy":"product_tag","embeddable":true,"href":"https:\/\/secureus.se\/fr\/wp-json\/wp\/v2\/product_tag?post=69498"}],"curies":[{"name":"wp","href":"https:\/\/api.w.org\/{rel}","templated":true}]}}