{"id":69516,"date":"2022-11-28T11:05:31","date_gmt":"2022-11-28T10:05:31","guid":{"rendered":"https:\/\/secureus.se\/produkt\/fjarrkontroll-tradlos-svart\/"},"modified":"2026-04-02T10:43:45","modified_gmt":"2026-04-02T08:43:45","slug":"ajax-spacecontrol-fjarrkontroll-svart","status":"publish","type":"product","link":"https:\/\/secureus.se\/fr\/ajax-spacecontrol-fjarrkontroll-svart\/","title":{"rendered":"Ajax SpaceControl T\u00e9l\u00e9commande Noir"},"content":{"rendered":"<h3>Ajax SpaceControl est une t\u00e9l\u00e9commande innovante et conviviale con\u00e7ue pour vous donner un contr\u00f4le total sur votre syst\u00e8me de s\u00e9curit\u00e9.<\/h3>\n<p>Gr\u00e2ce \u00e0 quatre boutons programmables, vous pouvez facilement activer ou d\u00e9sactiver diff\u00e9rents modes de s\u00e9curit\u00e9, ainsi que d\u00e9clencher une alarme d&#039;urgence via le bouton panique d\u00e9di\u00e9.<\/p>\n<p>Cette t\u00e9l\u00e9commande est l&#039;outil parfait pour g\u00e9rer votre syst\u00e8me d&#039;alarme rapidement et facilement de mani\u00e8re pratique, que vous soyez \u00e0 la maison ou au bureau.<\/p>\n<p>L&#039;une des fonctionnalit\u00e9s les plus importantes d&#039;Ajax SpaceControl est le bouton de panique int\u00e9gr\u00e9.<\/p>\n<p>En cas d&#039;urgence, vous pouvez imm\u00e9diatement activer l&#039;alarme et obtenir de l&#039;aide. Le bouton de panique envoie des signaux d&#039;alarme \u00e0 la fois \u00e0 l&#039;entreprise de s\u00e9curit\u00e9 et \u00e0 tous les appareils connect\u00e9s \u00e0 votre syst\u00e8me, permettant ainsi d&#039;envoyer rapidement de l&#039;aide.<\/p>\n<p>Ceci est particuli\u00e8rement important en cas de cambriolage ou de toute autre urgence o\u00f9 une r\u00e9ponse rapide peut \u00eatre essentielle.<\/p>\n<p>Pour garantir une s\u00e9curit\u00e9 maximale et \u00e9viter les falsifications, Ajax SpaceControl est \u00e9quip\u00e9 d&#039;une technologie d&#039;authentification.<\/p>\n<p>Cela permet uniquement aux utilisateurs autoris\u00e9s de se connecter et d&#039;utiliser la t\u00e9l\u00e9commande, emp\u00eachant ainsi tout acc\u00e8s non autoris\u00e9 et toute contrefa\u00e7on.<\/p>\n<p>De plus, il utilise des canaux de communication crypt\u00e9s et dispose d&#039;une d\u00e9tection de brouillage int\u00e9gr\u00e9e, ce qui signifie que le syst\u00e8me est prot\u00e9g\u00e9 contre d&#039;\u00e9ventuelles interf\u00e9rences et attaques.<\/p>\n<p>Une autre fonctionnalit\u00e9 pratique est la communication bidirectionnelle qui permet de confirmer que vos commandes ont \u00e9t\u00e9 correctement ex\u00e9cut\u00e9es.<\/p>\n<p>Lorsqu&#039;une commande est envoy\u00e9e, la t\u00e9l\u00e9commande l&#039;indique par un flash couleur, vous donnant un retour visuel indiquant que le syst\u00e8me de s\u00e9curit\u00e9 a re\u00e7u et trait\u00e9 votre commande.<\/p>\n<p>Cela minimise le risque de malentendu et permet \u00e0 l&#039;utilisateur d&#039;\u00eatre absolument s\u00fbr que la bonne action a \u00e9t\u00e9 prise.<\/p>\n<p>Ajax SpaceControl est \u00e9galement tr\u00e8s simple \u00e0 utiliser. Vous n&#039;avez pas \u00e0 vous soucier des installations compliqu\u00e9es ou des param\u00e8tres utilisateur.<\/p>\n<p>La t\u00e9l\u00e9commande est pr\u00eate \u00e0 l&#039;emploi d\u00e8s la sortie de la bo\u00eete et se connecte facilement \u00e0 votre syst\u00e8me de s\u00e9curit\u00e9 Ajax via l&#039;application mobile.<\/p>\n<p>Avec une autonomie pouvant atteindre cinq ans et un design compact de seulement 13 grammes, il est \u00e0 la fois pratique et durable.<\/p>\n<p>Cette t\u00e9l\u00e9commande fonctionne parfaitement avec tous les hubs Ajax, prolongateurs de port\u00e9e, ocBridge Plus et uartBridge et a une port\u00e9e de communication allant jusqu&#039;\u00e0 1 300 m\u00e8tres en terrain d\u00e9couvert, vous offrant flexibilit\u00e9 et contr\u00f4le depuis presque n&#039;importe o\u00f9 dans votre propri\u00e9t\u00e9.<\/p>\n<p><strong>Sp\u00e9cifications techniques\u00a0:<\/strong><\/p>\n<ul>\n<li><strong>Type d&#039;appareil :<\/strong> T\u00e9l\u00e9commande \u00e0 quatre boutons<\/li>\n<li><strong>Caract\u00e9ristiques:<\/strong> Gestion des alarmes, bouton panique, communication bidirectionnelle<\/li>\n<li><strong>Compatibilit\u00e9:<\/strong> Fonctionne avec tous les hubs et prolongateurs de port\u00e9e Ajax<\/li>\n<li><strong>Cryptage\u00a0:<\/strong> Cryptage AES-128 bits<\/li>\n<li><strong>Autonomie de la batterie\u00a0:<\/strong> Jusqu&#039;\u00e0 5 ans (pile CR2032)<\/li>\n<li><strong>Plage de temp\u00e9rature\u00a0:<\/strong> De -25\u00b0C \u00e0 +50\u00b0C<\/li>\n<li><strong>Humidit\u00e9:<\/strong> Jusqu&#039;\u00e0 95%<\/li>\n<li><strong>Mesure:<\/strong> 65 \u00d7 37 \u00d7 10 mm<\/li>\n<li><strong>Poids:<\/strong> 13g<\/li>\n<li><strong>Garantie:<\/strong> 24 mois (les batteries ne sont pas couvertes par la garantie)<\/li>\n<\/ul>","protected":false},"excerpt":{"rendered":"<p>Ajax SpaceControl est une t\u00e9l\u00e9commande sans fil pour une gestion simple et s\u00fbre de votre syst\u00e8me de s\u00e9curit\u00e9.<\/p>\n<p>Avec des fonctions telles que le bouton panique, l&#039;authentification et la communication bidirectionnelle, il offre un contr\u00f4le efficace et une s\u00e9curit\u00e9 accrue.<\/p>","protected":false},"featured_media":156280,"template":"","meta":{"_acf_changed":false},"product_brand":[],"product_cat":[3164,1319],"product_tag":[3127,2137,4863],"class_list":{"0":"post-69516","1":"product","2":"type-product","3":"status-publish","4":"has-post-thumbnail","6":"product_cat-larmstyrning","7":"product_cat-ajax-larm","8":"product_tag-kontrollprodukt","9":"product_tag-lager-ajax","10":"product_tag-pf","11":"product_shipping_class-postnord-varubrev","12":"pa_ajax-tradlosa-larm-fjarr-overfallsknapp","13":"pa_brands-ajax-systems","14":"pa_color-svart","15":"pa_farg-svart","16":"tm-no-options","18":"first","19":"instock","20":"sale","21":"featured","22":"taxable","23":"shipping-taxable","24":"purchasable","25":"product-type-simple"},"acf":[],"_links":{"self":[{"href":"https:\/\/secureus.se\/fr\/wp-json\/wp\/v2\/product\/69516","targetHints":{"allow":["GET"]}}],"collection":[{"href":"https:\/\/secureus.se\/fr\/wp-json\/wp\/v2\/product"}],"about":[{"href":"https:\/\/secureus.se\/fr\/wp-json\/wp\/v2\/types\/product"}],"wp:featuredmedia":[{"embeddable":true,"href":"https:\/\/secureus.se\/fr\/wp-json\/wp\/v2\/media\/156280"}],"wp:attachment":[{"href":"https:\/\/secureus.se\/fr\/wp-json\/wp\/v2\/media?parent=69516"}],"wp:term":[{"taxonomy":"product_brand","embeddable":true,"href":"https:\/\/secureus.se\/fr\/wp-json\/wp\/v2\/product_brand?post=69516"},{"taxonomy":"product_cat","embeddable":true,"href":"https:\/\/secureus.se\/fr\/wp-json\/wp\/v2\/product_cat?post=69516"},{"taxonomy":"product_tag","embeddable":true,"href":"https:\/\/secureus.se\/fr\/wp-json\/wp\/v2\/product_tag?post=69516"}],"curies":[{"name":"wp","href":"https:\/\/api.w.org\/{rel}","templated":true}]}}