{"id":69549,"date":"2022-11-28T11:05:31","date_gmt":"2022-11-28T10:05:31","guid":{"rendered":"https:\/\/secureus.se\/produkt\/manoverpanel-tradlos-svart\/"},"modified":"2026-03-10T11:00:31","modified_gmt":"2026-03-10T10:00:31","slug":"ajax-keypad-manoverpanel-svart","status":"publish","type":"product","link":"https:\/\/secureus.se\/fr\/ajax-keypad-manoverpanel-svart\/","title":{"rendered":"Panneau de configuration du clavier Ajax noir"},"content":{"rendered":"<h3>L&#039;Ajax KeyPad est un panneau de contr\u00f4le sans fil avanc\u00e9 con\u00e7u pour contr\u00f4ler votre syst\u00e8me de s\u00e9curit\u00e9 Ajax avec facilit\u00e9 et s\u00e9curit\u00e9.<\/h3>\n<p>Il est \u00e9quip\u00e9 d&#039;un clavier tactile capacitif qui permet d&#039;activer et de d\u00e9sactiver facilement le syst\u00e8me de s\u00e9curit\u00e9 en saisissant un code.<\/p>\n<p>KeyPad est \u00e9galement \u00e9quip\u00e9 d&#039;une gamme de fonctionnalit\u00e9s avanc\u00e9es telles que l&#039;authentification pour emp\u00eacher la falsification et la falsification, ce qui en fait un choix fiable pour assurer la s\u00e9curit\u00e9 de votre maison ou de votre entreprise.<\/p>\n<p>Avec l&#039;Ajax KeyPad, l&#039;utilisateur peut contr\u00f4ler diff\u00e9rents modes de s\u00e9curit\u00e9 de mani\u00e8re efficace. Il dispose d&#039;un bouton d&#039;alarme sp\u00e9cial qui peut activer une alarme d&#039;urgence en cas de suspicion d&#039;intrusion ou de situations d&#039;urgence.<\/p>\n<p>Pour emp\u00eacher tout acc\u00e8s non autoris\u00e9 et vous prot\u00e9ger contre les menaces potentielles, le KeyPad se bloque automatiquement si trop de saisies incorrectes sont effectu\u00e9es dans un court laps de temps.<\/p>\n<p>Le KeyPad est \u00e9galement con\u00e7u avec une fonction d&#039;alarme silencieuse, qui permet \u00e0 l&#039;utilisateur d&#039;activer un signal d&#039;alarme sans exposer sa position \u00e0 des intrus potentiels.<\/p>\n<p>Il prend en charge jusqu&#039;\u00e0 99 codes utilisateur et prend en charge la cr\u00e9ation et la modification de codes \u00e0 distance via l&#039;application Ajax.<\/p>\n<p>Il fonctionne \u00e9galement avec un \u00ab code de contrainte \u00bb unique qui permet une activation discr\u00e8te de l&#039;alarme si l&#039;utilisateur est contraint de d\u00e9sactiver le syst\u00e8me de s\u00e9curit\u00e9 sous la contrainte.<\/p>\n<p>KeyPad est compatible avec tous les hubs et prolongateurs de port\u00e9e Ajax, ce qui lui permet d&#039;\u00eatre utilis\u00e9 dans une vari\u00e9t\u00e9 de sc\u00e9narios d&#039;installation.<\/p>\n<p>Il est \u00e9galement facile \u00e0 installer et \u00e0 configurer, et gr\u00e2ce aux piles pr\u00e9install\u00e9es, vous pouvez commencer imm\u00e9diatement.<\/p>\n<p>Il utilise la technologie radio Jeweller pour assurer une communication stable et s\u00e9curis\u00e9e entre les appareils et l&#039;unit\u00e9 centrale, avec une port\u00e9e de communication impressionnante allant jusqu&#039;\u00e0 1\u00a0700 m\u00e8tres.<\/p>\n<p><strong>Sp\u00e9cifications techniques<\/strong>:<\/p>\n<ul>\n<li><strong>Communication<\/strong>: Sans fil avec technologie radio Jeweller<\/li>\n<li><strong>Alimentation<\/strong>: 4 piles \u00d7 AAA, jusqu&#039;\u00e0 2 ans d&#039;autonomie<\/li>\n<li><strong>Espace communication<\/strong>: Jusqu&#039;\u00e0 1 700 km d&#039;espace ouvert<\/li>\n<li><strong>Plage de temp\u00e9rature<\/strong>: -10\u00b0C \u00e0 +40\u00b0C<\/li>\n<li><strong>Humidit\u00e9<\/strong>: Jusqu&#039;\u00e0 75%<\/li>\n<li><strong>Protection<\/strong>: Protection contre la contrefa\u00e7on, d\u00e9tection d&#039;interf\u00e9rences<\/li>\n<li><strong>Taille<\/strong>: 150 \u00d7 103 \u00d7 14 mm<\/li>\n<li><strong>Poids<\/strong>: 197g<\/li>\n<li><strong>Garantie<\/strong>: 24 mois<\/li>\n<\/ul>\n<p><strong>Le paquet contient<\/strong>:<\/p>\n<ul>\n<li>Clavier Ajax<\/li>\n<li>Panneau de montage SmartBracket<\/li>\n<li>4 piles AAA (pr\u00e9install\u00e9es)<\/li>\n<li>Kit d&#039;installation<\/li>\n<li>Guide de d\u00e9marrage rapide<\/li>\n<\/ul>\n<p>&nbsp;<\/p>","protected":false},"excerpt":{"rendered":"<p>L&#039;Ajax KeyPad est un panneau de boutons-poussoirs sans fil qui permet aux utilisateurs de contr\u00f4ler facilement et en toute s\u00e9curit\u00e9 leur syst\u00e8me de s\u00e9curit\u00e9 Ajax.<\/p>\n<p>Avec des fonctions telles que l\u2019authentification, le bouton d\u2019alarme et l\u2019alarme anti-sabotage, il offre \u00e0 la fois s\u00e9curit\u00e9 et facilit\u00e9 d\u2019utilisation.<\/p>\n<p>L\u2019installation est facile et fonctionne dans n\u2019importe quel environnement int\u00e9rieur.<\/p>\n<p>Avec la prise en charge de plusieurs codes utilisateur et la possibilit\u00e9 de cr\u00e9er des codes de contrainte, le clavier Ajax offre une s\u00e9curit\u00e9 maximale aux maisons et aux entreprises.<\/p>","protected":false},"featured_media":156277,"template":"","meta":{"_acf_changed":false},"product_brand":[],"product_cat":[3164,1319],"product_tag":[3127,4863],"class_list":{"0":"post-69549","1":"product","2":"type-product","3":"status-publish","4":"has-post-thumbnail","6":"product_cat-larmstyrning","7":"product_cat-ajax-larm","8":"product_tag-kontrollprodukt","9":"product_tag-pf","10":"pa_ajax-tradlosa-larm-knapssats-manoverpanel","11":"pa_brands-ajax-systems","12":"pa_color-svart","13":"pa_farg-svart","14":"tm-no-options","16":"first","17":"instock","18":"sale","19":"featured","20":"taxable","21":"shipping-taxable","22":"purchasable","23":"product-type-simple"},"acf":[],"_links":{"self":[{"href":"https:\/\/secureus.se\/fr\/wp-json\/wp\/v2\/product\/69549","targetHints":{"allow":["GET"]}}],"collection":[{"href":"https:\/\/secureus.se\/fr\/wp-json\/wp\/v2\/product"}],"about":[{"href":"https:\/\/secureus.se\/fr\/wp-json\/wp\/v2\/types\/product"}],"wp:featuredmedia":[{"embeddable":true,"href":"https:\/\/secureus.se\/fr\/wp-json\/wp\/v2\/media\/156277"}],"wp:attachment":[{"href":"https:\/\/secureus.se\/fr\/wp-json\/wp\/v2\/media?parent=69549"}],"wp:term":[{"taxonomy":"product_brand","embeddable":true,"href":"https:\/\/secureus.se\/fr\/wp-json\/wp\/v2\/product_brand?post=69549"},{"taxonomy":"product_cat","embeddable":true,"href":"https:\/\/secureus.se\/fr\/wp-json\/wp\/v2\/product_cat?post=69549"},{"taxonomy":"product_tag","embeddable":true,"href":"https:\/\/secureus.se\/fr\/wp-json\/wp\/v2\/product_tag?post=69549"}],"curies":[{"name":"wp","href":"https:\/\/api.w.org\/{rel}","templated":true}]}}