{"id":69575,"date":"2022-11-28T11:05:23","date_gmt":"2022-11-28T10:05:23","guid":{"rendered":"https:\/\/secureus.se\/produkt\/magnetkontakt-tilt-chocksensor-extern-ingang-tradlos-vit\/"},"modified":"2026-04-09T13:45:23","modified_gmt":"2026-04-09T11:45:23","slug":"ajax-doorprotect-plus-magnetkontakt-chock-vit","status":"publish","type":"product","link":"https:\/\/secureus.se\/fr\/ajax-doorprotect-plus-magnetkontakt-chock-vit\/","title":{"rendered":"Ajax DoorProtect Plus Contact magn\u00e9tique Capteur de porte + Capteur de choc Blanc"},"content":{"rendered":"<h3><strong>Ajax DoorProtect Plus<\/strong> est un capteur d&#039;ouverture sans fil avanc\u00e9 qui offre une protection compl\u00e8te \u00e0 votre maison ou entreprise en d\u00e9tectant \u00e0 la fois l&#039;ouverture et la fermeture des portes, fen\u00eatres et trappes.<\/h3>\n<p>Ce capteur est un outil indispensable pour prot\u00e9ger les b\u00e2timents et cr\u00e9er des solutions de maison intelligente qui g\u00e8rent automatiquement la s\u00e9curit\u00e9.<\/p>\n<p>La conception innovante combine un capteur d&#039;ouverture avec un <strong>capteur de choc<\/strong> et un <strong>d\u00e9tecteur d&#039;inclinaison<\/strong>.<\/p>\n<p>Lorsque des portes ou des fen\u00eatres sont ouvertes ou soumises \u00e0 des chocs, le capteur s&#039;active et une alarme est envoy\u00e9e \u00e0 votre syst\u00e8me de s\u00e9curit\u00e9.<\/p>\n<p>Cette unit\u00e9 de capteur peut \u00eatre connect\u00e9e \u00e0 votre syst\u00e8me d&#039;alarme Ajax et facilement int\u00e9gr\u00e9e \u00e0 d&#039;autres dispositifs de s\u00e9curit\u00e9, tels que des sir\u00e8nes, des lumi\u00e8res ou des cam\u00e9ras.<\/p>\n<p>L&#039;un des grands avantages de <strong>Ajax DoorProtect Plus<\/strong> est sa capacit\u00e9 \u00e0 ressentir <strong>bosses<\/strong> et <strong>inclination<\/strong>, ce qui en fait une solution plus avanc\u00e9e et plus fiable que les capteurs d&#039;ouverture standard.<\/p>\n<p>Lorsqu&#039;une porte ou une fen\u00eatre est soumise \u00e0 une pression ou \u00e0 une manipulation, comme un cambriolage ou une tentative d&#039;effraction de la porte, le capteur active imm\u00e9diatement une alarme.<\/p>\n<p>La sensibilit\u00e9 peut \u00eatre ajust\u00e9e pour \u00e9viter les fausses alarmes, et vous avez le choix entre trois niveaux en fonction de l&#039;environnement et du domaine d&#039;utilisation.<\/p>\n<h3>Caract\u00e9ristiques:<\/h3>\n<ul>\n<li><strong>Capteur de choc et d\u00e9tecteur d&#039;inclinaison int\u00e9gr\u00e9s<\/strong>: Pour d\u00e9tecter une effraction ou une alt\u00e9ration par chocs et changement d&#039;angle d&#039;inclinaison.<\/li>\n<li><strong>Sensibilit\u00e9 r\u00e9glable<\/strong>: Ajustez la sensibilit\u00e9 aux chocs sur trois niveaux pour \u00e9viter les fausses alarmes.<\/li>\n<li><strong>Autonomie de la batterie jusqu&#039;\u00e0 5 ans<\/strong>: Gr\u00e2ce \u00e0 un algorithme d&#039;\u00e9conomie d&#039;\u00e9nergie qui garantit un fonctionnement prolong\u00e9 sans avoir besoin de remplacer la batterie.<\/li>\n<li><strong>Communication sans fil<\/strong>: Se connecte sans fil au panneau de contr\u00f4le Ajax et envoie des signaux de test pour assurer une bonne communication.<\/li>\n<li><strong>Notifications automatiques<\/strong>: Les utilisateurs re\u00e7oivent des alarmes et des notifications lors de la manipulation ou de l&#039;ouverture de portes ou de fen\u00eatres.<\/li>\n<li><strong>Protection contre les manipulations<\/strong>: Prot\u00e8ge contre les tentatives d&#039;intrusion gr\u00e2ce \u00e0 des alarmes anti-sabotage qui s&#039;activent lors d&#039;une manipulation ou d&#039;un d\u00e9montage.<\/li>\n<li><strong>Deux aimants inclus<\/strong>: Pour diff\u00e9rentes options d&#039;installation selon la construction de la porte ou de la fen\u00eatre.<\/li>\n<li><strong>Int\u00e9grer au syst\u00e8me de s\u00e9curit\u00e9 Ajax<\/strong>: Fonctionne parfaitement avec tous les hubs et syst\u00e8mes Ajax, mais pas avec les solutions de s\u00e9curit\u00e9 tierces.<\/li>\n<li><strong>Support intelligent<\/strong>: Installation facile sans endommager l&#039;int\u00e9rieur, gr\u00e2ce au support SmartBracket inclus.<\/li>\n<\/ul>\n<h3>Domaines d&#039;utilisation :<\/h3>\n<ul>\n<li><strong>Protection contre le cambriolage<\/strong>: Prot\u00e9gez les portes et fen\u00eatres du cambriolage en activant imm\u00e9diatement l&#039;alarme d\u00e8s l&#039;ouverture ou les chocs.<\/li>\n<li><strong>Surveillance de personnes \u00e2g\u00e9es ou d&#039;enfants<\/strong>: Fixez le capteur aux portes ou aux armoires pour recevoir des notifications lorsque quelqu&#039;un quitte ou ouvre des zones importantes.<\/li>\n<li><strong>Utilisation industrielle<\/strong>: Utilis\u00e9 dans les entrep\u00f4ts, usines et autres locaux industriels pour prot\u00e9ger les portes et fen\u00eatres contre la manipulation et le vol.<\/li>\n<\/ul>\n<p><strong>Ajax DoorProtect Plus<\/strong> est un capteur d&#039;ouverture fiable et puissant qui garantit que votre maison ou votre lieu de travail est prot\u00e9g\u00e9 contre le cambriolage et autres menaces.<\/p>\n<p>Avec la connexion sans fil, la longue dur\u00e9e de vie de la batterie et les fonctionnalit\u00e9s de s\u00e9curit\u00e9 avanc\u00e9es, c&#039;est le choix id\u00e9al pour renforcer votre s\u00e9curit\u00e9 et gagner en tranquillit\u00e9 d&#039;esprit.<\/p>","protected":false},"excerpt":{"rendered":"<p>Ajax DoorProtect Plus est un capteur d&#039;ouverture sans fil avanc\u00e9 avec capteur de choc et d\u00e9tecteur d&#039;inclinaison int\u00e9gr\u00e9s.<\/p>\n<p>Parfait pour prot\u00e9ger les portes, fen\u00eatres et trappes contre les intrusions et les alt\u00e9rations.<\/p>\n<p>Jusqu&#039;\u00e0 5 ans d&#039;autonomie et connexion sans fil au syst\u00e8me de s\u00e9curit\u00e9 Ajax.<\/p>","protected":false},"featured_media":155458,"template":"","meta":{"_acf_changed":false},"product_brand":[],"product_cat":[3160,1319,3161],"product_tag":[3127,2137,4863],"class_list":{"0":"post-69575","1":"product","2":"type-product","3":"status-publish","4":"has-post-thumbnail","6":"product_cat-skalskydd","7":"product_cat-ajax-larm","8":"product_cat-dorrbrytare","9":"product_tag-kontrollprodukt","10":"product_tag-lager-ajax","11":"product_tag-pf","12":"product_shipping_class-postnord-varubrev","13":"pa_ajax-tradlosa-larm-magnetkontakter","14":"pa_brands-ajax-systems","15":"pa_color-vit","16":"pa_farg-vit","17":"tm-no-options","19":"first","20":"instock","21":"sale","22":"featured","23":"taxable","24":"shipping-taxable","25":"purchasable","26":"product-type-simple"},"acf":[],"_links":{"self":[{"href":"https:\/\/secureus.se\/fr\/wp-json\/wp\/v2\/product\/69575","targetHints":{"allow":["GET"]}}],"collection":[{"href":"https:\/\/secureus.se\/fr\/wp-json\/wp\/v2\/product"}],"about":[{"href":"https:\/\/secureus.se\/fr\/wp-json\/wp\/v2\/types\/product"}],"wp:featuredmedia":[{"embeddable":true,"href":"https:\/\/secureus.se\/fr\/wp-json\/wp\/v2\/media\/155458"}],"wp:attachment":[{"href":"https:\/\/secureus.se\/fr\/wp-json\/wp\/v2\/media?parent=69575"}],"wp:term":[{"taxonomy":"product_brand","embeddable":true,"href":"https:\/\/secureus.se\/fr\/wp-json\/wp\/v2\/product_brand?post=69575"},{"taxonomy":"product_cat","embeddable":true,"href":"https:\/\/secureus.se\/fr\/wp-json\/wp\/v2\/product_cat?post=69575"},{"taxonomy":"product_tag","embeddable":true,"href":"https:\/\/secureus.se\/fr\/wp-json\/wp\/v2\/product_tag?post=69575"}],"curies":[{"name":"wp","href":"https:\/\/api.w.org\/{rel}","templated":true}]}}