{"id":69634,"date":"2022-11-28T12:54:04","date_gmt":"2022-11-28T11:54:04","guid":{"rendered":"https:\/\/secureus.se\/produkt\/monteringsfaste-rokdetektor-vit\/"},"modified":"2026-03-30T23:38:17","modified_gmt":"2026-03-30T21:38:17","slug":"ajax-smart-bracket-fastedetektor-vit","status":"publish","type":"product","link":"https:\/\/secureus.se\/fr\/ajax-smart-bracket-fastedetektor-vit\/","title":{"rendered":"Support de fixation\/accessoire Ajax Smart Bracket pour d\u00e9tecteur de fum\u00e9e blanc"},"content":{"rendered":"<h3><strong>Support de montage Ajax Smart Bracket pour d\u00e9tecteur de fum\u00e9e - Installation simple et s\u00fbre<\/strong><\/h3>\n<p>L&#039;Ajax Smart Bracket est la solution parfaite pour installer votre d\u00e9tecteur de fum\u00e9e Ajax de mani\u00e8re s\u00fbre et efficace.<\/p>\n<p>Ce support de montage est con\u00e7u pour fournir une base stable \u00e0 votre d\u00e9tecteur de fum\u00e9e, garantissant que l&#039;unit\u00e9 est correctement install\u00e9e et fonctionne de mani\u00e8re optimale.<\/p>\n<p>Que vous soyez un bricoleur ou un installateur professionnel, le Smart Bracket rend l&#039;installation rapide et facile.<\/p>\n<p><strong>Caract\u00e9ristiques et avantages<\/strong><\/p>\n<p>Le Smart Bracket est con\u00e7u pour s&#039;adapter aux d\u00e9tecteurs de fum\u00e9e Ajax et permet aux utilisateurs de placer l&#039;appareil sur une surface verticale ou dans un coin de la pi\u00e8ce.<\/p>\n<p>Pour installer le d\u00e9tecteur, retirez le panneau de support de l&#039;unit\u00e9 et fixez le panneau Smart Bracket \u00e0 une surface appropri\u00e9e avec du ruban adh\u00e9sif double face ou d&#039;autres attaches temporaires.<\/p>\n<p>La hauteur d&#039;installation recommand\u00e9e est de 2,4 m\u00e8tres, ce qui offre la meilleure couverture pour le d\u00e9tecteur de fum\u00e9e.<\/p>\n<p>L&#039;un des principaux avantages du Smart Bracket est sa flexibilit\u00e9 et sa capacit\u00e9 \u00e0 ajuster la position de l&#039;appareil apr\u00e8s l&#039;installation.<\/p>\n<p>En effectuant des tests d&#039;intensit\u00e9 du signal, vous pouvez v\u00e9rifier que le d\u00e9tecteur de fum\u00e9e re\u00e7oit le meilleur signal possible pour une communication stable avec votre hub Ajax.<\/p>\n<p>Si la force du signal est trop faible, vous pouvez facilement repositionner l&#039;appareil pour am\u00e9liorer la r\u00e9ception du signal, rendant ainsi l&#039;installation beaucoup plus conviviale.<\/p>\n<p><strong>Performances et s\u00e9curit\u00e9 fiables<\/strong><\/p>\n<p>Le support de montage Ajax Smart Bracket est con\u00e7u pour garantir des performances optimales de votre d\u00e9tecteur de fum\u00e9e.<\/p>\n<p>En fournissant un support stable, le risque que l&#039;appareil soit endommag\u00e9 ou perde son efficacit\u00e9 est r\u00e9duit. Le d\u00e9tecteur sera capable de d\u00e9tecter de la fum\u00e9e ou un incendie et d&#039;envoyer un avertissement imm\u00e9diat au syst\u00e8me, fournissant une r\u00e9ponse rapide en cas d&#039;urgence.<\/p>\n<p>Pour garantir le bon fonctionnement de votre syst\u00e8me de s\u00e9curit\u00e9, le Smart Bracket utilise une fonction de communication bidirectionnelle qui permet au hub Ajax et aux autres appareils connect\u00e9s de communiquer efficacement.<\/p>\n<p>Cela signifie que toutes les informations sur l&#039;\u00e9tat du syst\u00e8me et les alarmes sont envoy\u00e9es de mani\u00e8re rapide et fiable aux utilisateurs et \u00e9ventuellement aux soci\u00e9t\u00e9s de s\u00e9curit\u00e9.<\/p>\n<p><strong>Installation et compatibilit\u00e9<\/strong><\/p>\n<p>La facilit\u00e9 d\u2019installation est l\u2019un des principaux avantages du Smart Bracket. Une fois que vous avez fix\u00e9 le panneau de montage au bon endroit, vous pouvez facilement connecter l&#039;appareil au syst\u00e8me via l&#039;application Ajax.<\/p>\n<p>En scannant le code QR pr\u00e9sent sur l&#039;appareil, vous pouvez l&#039;ajouter rapidement \u00e0 votre syst\u00e8me sans avoir \u00e0 d\u00e9monter le d\u00e9tecteur de fum\u00e9e.<\/p>\n<p>Le Smart Bracket est \u00e9galement compatible avec tous les d\u00e9tecteurs de fum\u00e9e Ajax et peut \u00eatre utilis\u00e9 avec diff\u00e9rents types de configurations de syst\u00e8me.<\/p>\n<p>C&#039;est un excellent choix pour les solutions de s\u00e9curit\u00e9 priv\u00e9es et commerciales, o\u00f9 la stabilit\u00e9 et la fiabilit\u00e9 sont essentielles.<\/p>\n<p><strong>Caract\u00e9ristiques:<\/strong><\/p>\n<ul>\n<li><strong>Type d&#039;accessoires :<\/strong> Support de montage pour d\u00e9tecteur de fum\u00e9e Ajax<\/li>\n<li><strong>Hauteur d&#039;installation :<\/strong> Recommand\u00e9 2,4 m\u00e8tres<\/li>\n<li><strong>M\u00e9thode d&#039;installation :<\/strong> Se fixe aux surfaces verticales ou aux coins<\/li>\n<li><strong>Mat\u00e9riel:<\/strong> Durable et r\u00e9sistant aux intemp\u00e9ries<\/li>\n<li><strong>Compatibilit\u00e9:<\/strong> Compatible avec les d\u00e9tecteurs de fum\u00e9e Ajax<\/li>\n<li><strong>Test de force du signal\u00a0:<\/strong> Oui, via l&#039;application Ajax<\/li>\n<li><strong>Attaches\u00a0:<\/strong> Comprend des vis et la possibilit\u00e9 d&#039;utiliser d&#039;autres fixations<\/li>\n<\/ul>\n<p><strong>Conclusion:<\/strong><\/p>\n<p>L&#039;Ajax Smart Bracket est une solution parfaite pour garantir que votre d\u00e9tecteur de fum\u00e9e est correctement install\u00e9 et fonctionne de mani\u00e8re optimale.<\/p>\n<p>En offrant une installation facile, une communication s\u00e9curis\u00e9e et des performances fiables, le Smart Bracket permet aux utilisateurs d&#039;installer rapidement et de garantir que leur syst\u00e8me de s\u00e9curit\u00e9 fonctionne efficacement.<\/p>","protected":false},"excerpt":{"rendered":"<p>L&#039;Ajax Smart Bracket est un support de montage pour le d\u00e9tecteur de fum\u00e9e Ajax qui garantit une installation facile et un placement stable de l&#039;appareil.<\/p>\n<p>Le support permet de monter rapidement et efficacement votre d\u00e9tecteur de fum\u00e9e pour une protection maximale.<\/p>","protected":false},"featured_media":0,"template":"","meta":{"_acf_changed":false},"product_brand":[],"product_cat":[3128],"product_tag":[],"class_list":{"0":"post-69634","1":"product","2":"type-product","3":"status-publish","5":"product_cat-ajax-reservdelar-fasten","6":"product_shipping_class-postnord-varubrev","7":"pa_ajax-tradlosa-larm-ovriga-tillbehor-monteringsfaste","8":"pa_brands-ajax-systems","9":"pa_color-vit","10":"pa_farg-vit","11":"tm-no-options","13":"first","14":"onbackorder","15":"sale","16":"featured","17":"taxable","18":"shipping-taxable","19":"purchasable","20":"product-type-simple"},"acf":[],"_links":{"self":[{"href":"https:\/\/secureus.se\/fr\/wp-json\/wp\/v2\/product\/69634","targetHints":{"allow":["GET"]}}],"collection":[{"href":"https:\/\/secureus.se\/fr\/wp-json\/wp\/v2\/product"}],"about":[{"href":"https:\/\/secureus.se\/fr\/wp-json\/wp\/v2\/types\/product"}],"wp:attachment":[{"href":"https:\/\/secureus.se\/fr\/wp-json\/wp\/v2\/media?parent=69634"}],"wp:term":[{"taxonomy":"product_brand","embeddable":true,"href":"https:\/\/secureus.se\/fr\/wp-json\/wp\/v2\/product_brand?post=69634"},{"taxonomy":"product_cat","embeddable":true,"href":"https:\/\/secureus.se\/fr\/wp-json\/wp\/v2\/product_cat?post=69634"},{"taxonomy":"product_tag","embeddable":true,"href":"https:\/\/secureus.se\/fr\/wp-json\/wp\/v2\/product_tag?post=69634"}],"curies":[{"name":"wp","href":"https:\/\/api.w.org\/{rel}","templated":true}]}}