{"id":69639,"date":"2022-11-28T12:54:04","date_gmt":"2022-11-28T11:54:04","guid":{"rendered":"https:\/\/secureus.se\/produkt\/overfallsknapp-dubbeltryck-tradlos-svart\/"},"modified":"2026-03-30T12:23:59","modified_gmt":"2026-03-30T10:23:59","slug":"ajax-doublebutton-overfall-svart","status":"publish","type":"product","link":"https:\/\/secureus.se\/fr\/ajax-doublebutton-overfall-svart\/","title":{"rendered":"Ajax DoubleButton - Alarme de s\u00e9curit\u00e9 - Bouton d'assaut - Sans fil Noir"},"content":{"rendered":"<h3><strong>Ajax DoubleButton - Bouton d&#039;assaut sans fil pour la s\u00e9curit\u00e9 et la fiabilit\u00e9<\/strong><\/h3>\n<p>Ajax DoubleButton est un signal d&#039;urgence sans fil qui allie simplicit\u00e9 et s\u00e9curit\u00e9 pour offrir \u00e0 l&#039;utilisateur une tranquillit\u00e9 d&#039;esprit dans les situations d&#039;urgence.<\/p>\n<p>Il s&#039;agit d&#039;un composant indispensable du syst\u00e8me de s\u00e9curit\u00e9 Ajax et est con\u00e7u pour fournir une assistance imm\u00e9diate en envoyant une alarme confirm\u00e9e en cas d&#039;urgence.<\/p>\n<p>Avec sa construction robuste et sa conception fonctionnelle, il assure une protection efficace sans risquer de pressions accidentelles.<\/p>\n<p><strong>S\u00e9curit\u00e9 sans fausses alarmes<\/strong><\/p>\n<p>DoubleButton est con\u00e7u pour minimiser le risque de fausses alarmes. Pour activer l&#039;alarme, l&#039;utilisateur doit appuyer sur les deux boutons en m\u00eame temps, ce qui \u00e9limine le risque d&#039;appuis accidentels, par exemple lorsque le bouton est transport\u00e9 dans une poche ou un sac.<\/p>\n<p>Pour garantir davantage que l&#039;alarme est activ\u00e9e intentionnellement et non accidentellement, les boutons sont s\u00e9par\u00e9s par une barri\u00e8re en plastique.<\/p>\n<p>Cette fonctionnalit\u00e9 rend le DoubleButton id\u00e9al pour les utilisateurs priv\u00e9s et professionnels qui ont besoin d&#039;un signal d&#039;urgence fiable et s\u00e9curis\u00e9.<\/p>\n<p><strong>Alarmes confirm\u00e9es pour une s\u00e9curit\u00e9 totale<\/strong><\/p>\n<p>DoubleButton propose des alarmes confirm\u00e9es, ce qui signifie que l&#039;alarme ne s&#039;activera pas tant que les deux boutons n&#039;auront pas \u00e9t\u00e9 enfonc\u00e9s dans une s\u00e9quence sp\u00e9cifique.<\/p>\n<p>Cela garantit que l&#039;alarme n&#039;est d\u00e9clench\u00e9e que par un utilisateur autoris\u00e9 et r\u00e9duit le risque d&#039;alarmes accidentelles.<\/p>\n<p><strong>Communication longue port\u00e9e et stable<\/strong><\/p>\n<p>La communication sans fil entre le DoubleButton et le hub Ajax s&#039;effectue via Jeweller, un protocole radio bidirectionnel qui garantit un signal stable avec une port\u00e9e allant jusqu&#039;\u00e0 1300 m\u00e8tres.<\/p>\n<p>Pour augmenter encore la s\u00e9curit\u00e9, toutes les donn\u00e9es envoy\u00e9es entre les appareils sont crypt\u00e9es avec l&#039;algorithme AES, qui prot\u00e8ge contre les acc\u00e8s non autoris\u00e9s et la falsification des alarmes.<\/p>\n<p>En cas d&#039;interf\u00e9rence, le syst\u00e8me passe automatiquement sur une fr\u00e9quence radio libre pour garantir que l&#039;alarme parvienne toujours \u00e0 l&#039;utilisateur et \u00e0 l&#039;entreprise de s\u00e9curit\u00e9.<\/p>\n<p>En cas de brouillage, un avertissement est envoy\u00e9 \u00e0 la fois \u00e0 l&#039;utilisateur et \u00e0 la soci\u00e9t\u00e9 de s\u00e9curit\u00e9.<\/p>\n<p><strong>Utilisation flexible et longue dur\u00e9e de vie de la batterie<\/strong><\/p>\n<p>Le DoubleButton est \u00e9quip\u00e9 d&#039;une pile CR2032 pr\u00e9install\u00e9e qui offre jusqu&#039;\u00e0 5 ans d&#039;autonomie, r\u00e9duisant ainsi le besoin de maintenance.<\/p>\n<p>Son indice IP55 signifie que l&#039;appareil est r\u00e9sistant \u00e0 la poussi\u00e8re et aux \u00e9claboussures, ce qui le rend adapt\u00e9 \u00e0 une utilisation dans une vari\u00e9t\u00e9 d&#039;environnements et de conditions m\u00e9t\u00e9orologiques.<\/p>\n<p>La connexion sans fil au hub permet de placer le DoubleButton n&#039;importe o\u00f9 dans la maison ou sur le lieu de travail : sous le bureau, dans la poche d&#039;un employ\u00e9 de bureau, ou m\u00eame sur le mur pr\u00e8s d&#039;une porte d&#039;entr\u00e9e ou d&#039;un lit.<\/p>\n<p><strong>Fonctionnalit\u00e9s d&#039;automatisation<\/strong><\/p>\n<p>En plus d&#039;\u00eatre un bouton d&#039;assaut, le DoubleButton peut \u00eatre utilis\u00e9 pour activer divers sc\u00e9narios d&#039;automatisation.<\/p>\n<p>Par exemple, le bouton peut activer une machine \u00e0 fum\u00e9e, fermer des serrures \u00e9lectriques ou abaisser des volets roulants, ce qui en fait un dispositif polyvalent dans votre syst\u00e8me de s\u00e9curit\u00e9.<\/p>\n<p><strong>Installation et int\u00e9gration faciles<\/strong><\/p>\n<p>Connecter DoubleButton \u00e0 votre syst\u00e8me de s\u00e9curit\u00e9 Ajax est simple et rapide. L&#039;appareil est ajout\u00e9 via l&#039;application Ajax et aucun d\u00e9montage n&#039;est requis.<\/p>\n<p>Fixez le DoubleButton \u00e0 une surface avec le support inclus ou portez-le sur un porte-cl\u00e9s ou un cordon. En quelques minutes seulement, l&#039;appareil est pr\u00eat \u00e0 l&#039;emploi.<\/p>\n<p><strong>Sp\u00e9cifications techniques :<\/strong><\/p>\n<ul>\n<li><strong>Classification:<\/strong> Bouton d&#039;urgence sans fil<\/li>\n<li><strong>Compatibilit\u00e9:<\/strong> Fonctionne avec tous les hubs et prolongateurs de port\u00e9e Ajax avec OS Malevich 2.10 et sup\u00e9rieur<\/li>\n<li><strong>Pr\u00e9vention des fausses alarmes\u00a0:<\/strong> Oui<\/li>\n<li><strong>Nombre de boutons :<\/strong> 2<\/li>\n<li><strong>Transmission d&#039;alarme\u00a0:<\/strong> Pas plus de 0,15 s<\/li>\n<li><strong>Technologie radio bijoutier\u00a0:<\/strong>\n<ul>\n<li>Port\u00e9e de communication avec le hub\u00a0: jusqu&#039;\u00e0 1\u00a0300\u00a0km en terrain d\u00e9couvert<\/li>\n<li>Communication bidirectionnelle<\/li>\n<li>Sortie RF auto-ajustable \u2014 jusqu&#039;\u00e0 20 mW<\/li>\n<li>Bloquer le cryptage bas\u00e9 sur l&#039;algorithme AES<\/li>\n<li>Saut de fr\u00e9quence<\/li>\n<\/ul>\n<\/li>\n<li><strong>Alimentation\u00a0:<\/strong> Pile CR2032, 3V<\/li>\n<li><strong>Autonomie de la batterie\u00a0:<\/strong> Jusqu&#039;\u00e0 5 ans<\/li>\n<li><strong>Plage de temp\u00e9rature de fonctionnement\u00a0:<\/strong> De -10\u00b0C \u00e0 +40\u00b0C<\/li>\n<li><strong>Humidit\u00e9 admissible\u00a0:<\/strong> Jusqu&#039;\u00e0 75%<\/li>\n<li><strong>Classe de protection\u00a0:<\/strong> IP55<\/li>\n<li><strong>Taille:<\/strong> 47 \u00d7 35 \u00d7 16 mm<\/li>\n<li><strong>Poids:<\/strong> 17g<\/li>\n<li><strong>Garantie:<\/strong> Remplacement et r\u00e9paration dans les 24 mois \u00e0 compter de la date de vente. Les batteries ne sont pas couvertes par la garantie.<\/li>\n<\/ul>\n<p><strong>Le paquet contient :<\/strong><\/p>\n<ul>\n<li>DoubleBouton<\/li>\n<li>Pile CR2032 pr\u00e9install\u00e9e<\/li>\n<li>Guide de d\u00e9marrage rapide<\/li>\n<\/ul>\n<p>&nbsp;<\/p>","protected":false},"excerpt":{"rendered":"<p>L&#039;Ajax DoubleButton est un bouton d&#039;assaut sans fil qui offre une solution s\u00fbre et rapide pour signaler les urgences.<\/p>\n<p>Il faut une double pression pour activer l&#039;alarme, ce qui \u00e9vite les pressions accidentelles et garantit des alarmes fiables.<\/p>","protected":false},"featured_media":155472,"template":"","meta":{"_acf_changed":false},"product_brand":[],"product_cat":[3165,1319],"product_tag":[3127,4863],"class_list":{"0":"post-69639","1":"product","2":"type-product","3":"status-publish","4":"has-post-thumbnail","6":"product_cat-overfallslarm-knappar","7":"product_cat-ajax-larm","8":"product_tag-kontrollprodukt","9":"product_tag-pf","10":"product_shipping_class-postnord-varubrev","11":"pa_ajax-tradlosa-larm-fjarr-overfallsknapp","12":"pa_brands-ajax-systems","13":"pa_color-svart","14":"pa_farg-svart","15":"tm-no-options","17":"first","18":"instock","19":"sale","20":"featured","21":"taxable","22":"shipping-taxable","23":"purchasable","24":"product-type-simple"},"acf":[],"_links":{"self":[{"href":"https:\/\/secureus.se\/fr\/wp-json\/wp\/v2\/product\/69639","targetHints":{"allow":["GET"]}}],"collection":[{"href":"https:\/\/secureus.se\/fr\/wp-json\/wp\/v2\/product"}],"about":[{"href":"https:\/\/secureus.se\/fr\/wp-json\/wp\/v2\/types\/product"}],"wp:featuredmedia":[{"embeddable":true,"href":"https:\/\/secureus.se\/fr\/wp-json\/wp\/v2\/media\/155472"}],"wp:attachment":[{"href":"https:\/\/secureus.se\/fr\/wp-json\/wp\/v2\/media?parent=69639"}],"wp:term":[{"taxonomy":"product_brand","embeddable":true,"href":"https:\/\/secureus.se\/fr\/wp-json\/wp\/v2\/product_brand?post=69639"},{"taxonomy":"product_cat","embeddable":true,"href":"https:\/\/secureus.se\/fr\/wp-json\/wp\/v2\/product_cat?post=69639"},{"taxonomy":"product_tag","embeddable":true,"href":"https:\/\/secureus.se\/fr\/wp-json\/wp\/v2\/product_tag?post=69639"}],"curies":[{"name":"wp","href":"https:\/\/api.w.org\/{rel}","templated":true}]}}