{"id":69646,"date":"2022-11-28T12:54:02","date_gmt":"2022-11-28T11:54:02","guid":{"rendered":"https:\/\/secureus.se\/produkt\/multisandare-2-3eol-for-tradade-detektorer-vit\/"},"modified":"2026-03-23T15:20:08","modified_gmt":"2026-03-23T14:20:08","slug":"ajax-multitransmitter-multisandare-vit","status":"publish","type":"product","link":"https:\/\/secureus.se\/fr\/ajax-multitransmitter-multisandare-vit\/","title":{"rendered":"Ajax MultiTransmitter Multi \u00e9metteur 2\/3EoL pour d\u00e9tecteurs filaires Blanc"},"content":{"rendered":"<h3>L&#039;\u00e9metteur Ajax MultiTransmitter Multi est un appareil sans fil puissant et fiable qui permet de connecter des d\u00e9tecteurs et des capteurs filaires aux syst\u00e8mes de s\u00e9curit\u00e9 Ajax. Cela permet d&#039;int\u00e9grer facilement des appareils centraux filaires plus anciens dans un syst\u00e8me sans fil moderne.<\/h3>\n<p>Le MultiTransmitter est particuli\u00e8rement utile pour les propri\u00e9t\u00e9s o\u00f9 les d\u00e9tecteurs filaires existants doivent \u00eatre modernis\u00e9s sans remplacer l&#039;ensemble du syst\u00e8me.<\/p>\n<p>Avec 18 entr\u00e9es de section, prenant en charge des types de connexion tels que NO (normalement ouvert), NC (normalement ferm\u00e9), EOL (fin de ligne), 2EOL et 3EOL, le MultiTransmitter peut connecter une grande vari\u00e9t\u00e9 de d\u00e9tecteurs et de capteurs c\u00e2bl\u00e9s.<\/p>\n<p>Cela le rend tr\u00e8s flexible et adaptable \u00e0 de nombreux besoins de s\u00e9curit\u00e9 diff\u00e9rents. L&#039;unit\u00e9 dispose \u00e9galement de sorties pour alimenter les d\u00e9tecteurs connect\u00e9s, rendant l&#039;installation fluide et efficace.<\/p>\n<p>Le MultiTransmitter est con\u00e7u pour \u00eatre utilis\u00e9 avec tous les hubs Ajax et communique sans fil avec le syst\u00e8me via le protocole Jeweler.<\/p>\n<p>Sa port\u00e9e peut atteindre 2 000 m\u00e8tres en terrain d\u00e9couvert, ce qui le rend adapt\u00e9 aux petites et grandes zones d&#039;installation.<\/p>\n<p>De plus, le MultiTransmitter dispose de deux protections contre le sabotage.<\/p>\n<p>Il est \u00e9galement \u00e9quip\u00e9 d&#039;une batterie de secours qui assure jusqu&#039;\u00e0 4 jours de fonctionnement en cas de panne de courant.<\/p>\n<p>Cela signifie que le syst\u00e8me continue de fonctionner m\u00eame dans des situations impr\u00e9vues.<\/p>\n<p>Avec la derni\u00e8re version du firmware (2.13.0 ou sup\u00e9rieure), les valeurs de r\u00e9sistance des d\u00e9tecteurs connect\u00e9s peuvent \u00eatre mesur\u00e9es automatiquement, ce qui facilite l&#039;installation et la configuration du syst\u00e8me.<\/p>\n<p>Les d\u00e9tecteurs et les appareils connect\u00e9s au MultiTransmitter peuvent \u00eatre programm\u00e9s individuellement via l&#039;application Ajax, ce qui rend le syst\u00e8me encore plus convivial et flexible.<\/p>\n<p><strong>Sp\u00e9cifications techniques :<\/strong><\/p>\n<ul>\n<li><strong>Types de connexion\u00a0:<\/strong> NON, NC, EOL, 2EOL, 3EOL<\/li>\n<li><strong>Nombre d&#039;entr\u00e9es\u00a0:<\/strong> 18<\/li>\n<li><strong>Port\u00e9e sans fil\u00a0:<\/strong> Jusqu&#039;\u00e0 2 000 km de terrain libre<\/li>\n<li><strong>Alimentation\u00a0:<\/strong> 110 \u2013 255 VCA (c\u00e2ble inclus)<\/li>\n<li><strong>Batterie de secours\u00a0:<\/strong> 12V 7Ah (non inclus)<\/li>\n<li><strong>Autonomie de la batterie\u00a0:<\/strong> Jusqu&#039;\u00e0 4 jours<\/li>\n<li><strong>Sorties 12 V CC\u00a0:<\/strong> 4 pi\u00e8ces, 1A par sortie<\/li>\n<li><strong>Plage de temp\u00e9rature\u00a0:<\/strong> -10\u00b0 \u00e0 +40\u00b0C<\/li>\n<li><strong>Humidit\u00e9:<\/strong> Jusqu&#039;\u00e0 75%<\/li>\n<\/ul>","protected":false},"excerpt":{"rendered":"<p>Ajax MultiTransmitter Multitransmitter est une int\u00e9gration sans fil permettant de connecter des d\u00e9tecteurs et des capteurs filaires aux syst\u00e8mes de s\u00e9curit\u00e9 Ajax.<\/p>\n<p>Avec 18 entr\u00e9es de section et une connexion flexible via EOL (End of Line), il offre une solution fiable pour moderniser les anciens syst\u00e8mes filaires.<\/p>","protected":false},"featured_media":151883,"template":"","meta":{"_acf_changed":false},"product_brand":[],"product_cat":[3170,1319],"product_tag":[3127,2137,4863],"class_list":{"0":"post-69646","1":"product","2":"type-product","3":"status-publish","4":"has-post-thumbnail","6":"product_cat-integration","7":"product_cat-ajax-larm","8":"product_tag-kontrollprodukt","9":"product_tag-lager-ajax","10":"product_tag-pf","11":"product_shipping_class-tunga-paket","12":"pa_ajax-tradlosa-larm-ovriga-tillbehor-monteringsfaste","13":"pa_brands-ajax-systems","14":"pa_color-vit","15":"pa_farg-vit","16":"tm-no-options","18":"first","19":"onbackorder","20":"sale","21":"featured","22":"taxable","23":"shipping-taxable","24":"purchasable","25":"product-type-simple"},"acf":[],"_links":{"self":[{"href":"https:\/\/secureus.se\/fr\/wp-json\/wp\/v2\/product\/69646","targetHints":{"allow":["GET"]}}],"collection":[{"href":"https:\/\/secureus.se\/fr\/wp-json\/wp\/v2\/product"}],"about":[{"href":"https:\/\/secureus.se\/fr\/wp-json\/wp\/v2\/types\/product"}],"wp:featuredmedia":[{"embeddable":true,"href":"https:\/\/secureus.se\/fr\/wp-json\/wp\/v2\/media\/151883"}],"wp:attachment":[{"href":"https:\/\/secureus.se\/fr\/wp-json\/wp\/v2\/media?parent=69646"}],"wp:term":[{"taxonomy":"product_brand","embeddable":true,"href":"https:\/\/secureus.se\/fr\/wp-json\/wp\/v2\/product_brand?post=69646"},{"taxonomy":"product_cat","embeddable":true,"href":"https:\/\/secureus.se\/fr\/wp-json\/wp\/v2\/product_cat?post=69646"},{"taxonomy":"product_tag","embeddable":true,"href":"https:\/\/secureus.se\/fr\/wp-json\/wp\/v2\/product_tag?post=69646"}],"curies":[{"name":"wp","href":"https:\/\/api.w.org\/{rel}","templated":true}]}}