{"id":69651,"date":"2022-11-28T12:53:57","date_gmt":"2022-11-28T11:53:57","guid":{"rendered":"https:\/\/secureus.se\/produkt\/monteringsfaste-magnetdelen-vit\/"},"modified":"2026-03-09T17:37:57","modified_gmt":"2026-03-09T16:37:57","slug":"ajax-smart-bracket-faste-magnetdelen-vit","status":"publish","type":"product","link":"https:\/\/secureus.se\/fr\/ajax-smart-bracket-faste-magnetdelen-vit\/","title":{"rendered":"Support de fixation Ajax Smart Bracket - Pi\u00e8ce de rechange - Aimant blanc"},"content":{"rendered":"<h3><strong>Support de montage Ajax Smart Bracket pour la partie magn\u00e9tique - Installation efficace et durable<\/strong><\/h3>\n<p>L&#039;Ajax Smart Bracket pour la partie magn\u00e9tique est la solution parfaite pour monter les contacts magn\u00e9tiques Ajax de mani\u00e8re stable et simple.<\/p>\n<p>Ce support de montage garantit que le contact magn\u00e9tique est correctement install\u00e9 et peut fonctionner efficacement dans le cadre de votre syst\u00e8me de s\u00e9curit\u00e9 Ajax. Le Smart Bracket rend l&#039;installation de la partie magn\u00e9tique rapide et facile, ce qui signifie que vous pouvez configurer votre syst\u00e8me et prot\u00e9ger votre maison ou votre entreprise de mani\u00e8re professionnelle.<\/p>\n<p>La partie magn\u00e9tique est un \u00e9l\u00e9ment important de l&#039;alarme Ajax, qui sert \u00e0 d\u00e9tecter si des portes ou des fen\u00eatres sont ouvertes.<\/p>\n<p>Il fonctionne en mesurant la distance entre l&#039;aimant et le capteur, ce qui permet de d\u00e9tecter les mouvements et les ouvertures non autoris\u00e9es. Pour optimiser les performances de votre connecteur magn\u00e9tique, il est important qu&#039;il soit correctement mont\u00e9, et l&#039;Ajax Smart Bracket s&#039;en charge.<\/p>\n<p><strong>Installation facile avec le support intelligent<\/strong><\/p>\n<p>Le support de montage Smart Bracket rend l\u2019installation \u00e0 la fois rapide et facile.<\/p>\n<p>Pour commencer, retirez le panneau de support du connecteur magn\u00e9tique et fixez le panneau Smart Bracket sur une surface verticale ou dans un coin de la pi\u00e8ce.<\/p>\n<p>Le support peut \u00eatre facilement install\u00e9 avec du ruban adh\u00e9sif double face ou viss\u00e9 pour plus de s\u00e9curit\u00e9.<\/p>\n<p>Pour de meilleurs r\u00e9sultats, la hauteur d&#039;installation est de 2,4 m\u00e8tres, mais elle peut \u00eatre ajust\u00e9e en fonction des besoins sp\u00e9cifiques.<\/p>\n<p>Une fois le support en place, vous pouvez tester la force et la couverture du signal via l&#039;application Ajax.<\/p>\n<p>Si le signal est faible ou instable, vous pouvez ajuster l&#039;emplacement du contact magn\u00e9tique ou utiliser un prolongateur de port\u00e9e du signal radio ReX pour am\u00e9liorer la r\u00e9ception du signal et assurer le fonctionnement optimal de votre syst\u00e8me de s\u00e9curit\u00e9.<\/p>\n<p><strong>S\u00e9curit\u00e9 et fiabilit\u00e9<\/strong><\/p>\n<p>Le support de montage Ajax Smart Bracket pour la partie magn\u00e9tique est con\u00e7u pour offrir une s\u00e9curit\u00e9 et une fiabilit\u00e9 \u00e9lev\u00e9es.<\/p>\n<p>La fixation garantit que le contact magn\u00e9tique est prot\u00e9g\u00e9 contre les dommages et ne perd pas sa fonction au fil du temps. Il est \u00e9galement r\u00e9sistant aux alt\u00e9rations et autres contraintes externes pouvant affecter les performances du syst\u00e8me.<\/p>\n<p>Il permet de cr\u00e9er un syst\u00e8me de s\u00e9curit\u00e9 stable et efficace o\u00f9 le contact magn\u00e9tique est facilement accessible mais en m\u00eame temps prot\u00e9g\u00e9 contre les dommages ou manipulations accidentels.<\/p>\n<p>Avec le syst\u00e8me Ajax, vous b\u00e9n\u00e9ficiez d&#039;une solution de s\u00e9curit\u00e9 de haute qualit\u00e9 qui vous permet d&#039;\u00eatre s\u00fbr que votre maison ou votre entreprise est prot\u00e9g\u00e9e 24 heures sur 24.<\/p>\n<p><strong>Flexibilit\u00e9 et compatibilit\u00e9<\/strong><\/p>\n<p>Le support de montage Smart Bracket est con\u00e7u pour \u00eatre compatible avec tous les connecteurs magn\u00e9tiques Ajax.<\/p>\n<p>Que vous installiez un nouveau syst\u00e8me ou mettiez \u00e0 niveau un syst\u00e8me existant, le Smart Bracket fournira une solution d&#039;installation simple et efficace.<\/p>\n<p>Sa conception robuste le rend adapt\u00e9 aux installations r\u00e9sidentielles et commerciales, ce qui en fait un bon choix pour les locaux r\u00e9sidentiels et commerciaux.<\/p>\n<p>Le support est \u00e9galement suffisamment flexible pour \u00eatre utilis\u00e9 avec d&#039;autres solutions de s\u00e9curit\u00e9 et composants du syst\u00e8me, vous permettant de personnaliser votre syst\u00e8me de s\u00e9curit\u00e9 selon vos besoins et de cr\u00e9er une protection sur mesure pour votre propri\u00e9t\u00e9.<\/p>\n<p><strong>Caract\u00e9ristiques:<\/strong><\/p>\n<ul>\n<li><strong>Type d&#039;accessoires :<\/strong> Support de montage pour partie magn\u00e9tique Ajax<\/li>\n<li><strong>Hauteur d&#039;installation :<\/strong> Recommand\u00e9 2,4 m\u00e8tres<\/li>\n<li><strong>M\u00e9thode d&#039;installation :<\/strong> Se fixe aux surfaces verticales ou aux coins<\/li>\n<li><strong>Mat\u00e9riel:<\/strong> Durable et r\u00e9sistant aux intemp\u00e9ries<\/li>\n<li><strong>Compatibilit\u00e9:<\/strong> Convient aux contacts magn\u00e9tiques Ajax<\/li>\n<li><strong>Test de force du signal\u00a0:<\/strong> Oui, via l&#039;application Ajax<\/li>\n<li><strong>Attaches\u00a0:<\/strong> Comprend des vis et la possibilit\u00e9 d&#039;utiliser d&#039;autres fixations<\/li>\n<\/ul>\n<p>&nbsp;<\/p>","protected":false},"excerpt":{"rendered":"<p>Le support de montage Ajax Smart Bracket pour la partie magn\u00e9tique rend l&#039;installation du connecteur magn\u00e9tique Ajax facile et s\u00fbre.<\/p>\n<p>Le support robuste offre un placement stable et permet d&#039;optimiser la s\u00e9curit\u00e9 dans votre maison ou votre lieu de travail.<\/p>","protected":false},"featured_media":0,"template":"","meta":{"_acf_changed":false},"product_brand":[],"product_cat":[3128],"product_tag":[],"class_list":{"0":"post-69651","1":"product","2":"type-product","3":"status-publish","5":"product_cat-ajax-reservdelar-fasten","6":"product_shipping_class-postnord-varubrev","7":"pa_ajax-tradlosa-larm-ovriga-tillbehor-monteringsfaste","8":"pa_brands-ajax-systems","9":"pa_color-vit","10":"pa_farg-vit","11":"tm-no-options","13":"first","14":"instock","15":"sale","16":"featured","17":"taxable","18":"shipping-taxable","19":"purchasable","20":"product-type-simple"},"acf":[],"_links":{"self":[{"href":"https:\/\/secureus.se\/fr\/wp-json\/wp\/v2\/product\/69651","targetHints":{"allow":["GET"]}}],"collection":[{"href":"https:\/\/secureus.se\/fr\/wp-json\/wp\/v2\/product"}],"about":[{"href":"https:\/\/secureus.se\/fr\/wp-json\/wp\/v2\/types\/product"}],"wp:attachment":[{"href":"https:\/\/secureus.se\/fr\/wp-json\/wp\/v2\/media?parent=69651"}],"wp:term":[{"taxonomy":"product_brand","embeddable":true,"href":"https:\/\/secureus.se\/fr\/wp-json\/wp\/v2\/product_brand?post=69651"},{"taxonomy":"product_cat","embeddable":true,"href":"https:\/\/secureus.se\/fr\/wp-json\/wp\/v2\/product_cat?post=69651"},{"taxonomy":"product_tag","embeddable":true,"href":"https:\/\/secureus.se\/fr\/wp-json\/wp\/v2\/product_tag?post=69651"}],"curies":[{"name":"wp","href":"https:\/\/api.w.org\/{rel}","templated":true}]}}