{"id":69691,"date":"2022-11-28T12:53:40","date_gmt":"2022-11-28T11:53:40","guid":{"rendered":"https:\/\/secureus.se\/produkt\/monteringsfaste-manoverpanel-vit\/"},"modified":"2026-03-09T17:38:08","modified_gmt":"2026-03-09T16:38:08","slug":"ajax-smart-bracket-faste-manoverpanel-vit","status":"publish","type":"product","link":"https:\/\/secureus.se\/fr\/ajax-smart-bracket-faste-manoverpanel-vit\/","title":{"rendered":"Support de fixation intelligent Ajax - Pi\u00e8ce de rechange - Support de montage \/ Accessoires - Panneau de commande blanc"},"content":{"rendered":"<h3><strong>Support de montage Ajax Smart Bracket pour panneau de commande \u2013 Pour une installation facile et stable<\/strong><\/h3>\n<p>Le support de montage Ajax Smart Bracket pour panneau de commande est une solution pratique et efficace pour installer rapidement et de mani\u00e8re stable votre panneau de commande Ajax.<\/p>\n<p>Le panneau de contr\u00f4le est le c\u0153ur de votre syst\u00e8me de s\u00e9curit\u00e9 Ajax, o\u00f9 vous pouvez contr\u00f4ler et surveiller votre alarme.<\/p>\n<p>Pour optimiser la facilit\u00e9 d&#039;utilisation et la s\u00e9curit\u00e9, il est important que le panneau soit correctement mont\u00e9 dans un endroit facilement accessible et stable, et l&#039;Ajax Smart Bracket permet une installation s\u00e9curis\u00e9e \u00e0 chaque fois.<\/p>\n<p><strong>Installation simple et flexible<\/strong><\/p>\n<p>Avec le support de montage Smart Bracket, vous pouvez facilement fixer votre panneau de commande sur une surface verticale ou dans un coin de la pi\u00e8ce. L&#039;installation est flexible et peut \u00eatre adapt\u00e9e \u00e0 l&#039;agencement de la pi\u00e8ce et aux pr\u00e9f\u00e9rences de l&#039;utilisateur.<\/p>\n<p>Le support permet de monter le panneau de commande \u00e0 une hauteur d&#039;environ 2,4 m\u00e8tres, ce qui le rend \u00e0 la fois facilement accessible et visible pour l&#039;utilisateur.<\/p>\n<p>L&#039;installation est rapide et facile, car le support peut \u00eatre mont\u00e9 avec du ruban adh\u00e9sif double face ou viss\u00e9 pour une solution plus permanente.<\/p>\n<p><strong>Placement stable pour une utilisation s\u00fbre<\/strong><\/p>\n<p>Pour garantir un fonctionnement optimal du panneau de commande, il est important qu&#039;il soit positionn\u00e9 de mani\u00e8re stable. Le support de montage Smart Bracket vous permet de monter le panneau dans un endroit s\u00e9curis\u00e9 o\u00f9 l&#039;utilisateur peut facilement interagir avec lui.<\/p>\n<p>Pour minimiser les risques de dommages ou de falsification, le support prot\u00e8ge le panneau de commande et le maintient en place sans perte de performances dans le temps.<\/p>\n<p><strong>Optimiser la force et les performances du signal<\/strong><\/p>\n<p>Une fois que vous avez install\u00e9 le panneau de commande avec l&#039;Ajax Smart Bracket, vous pouvez facilement tester la force du signal via l&#039;application Ajax.<\/p>\n<p>Cela vous permet d&#039;ajuster l&#039;installation si n\u00e9cessaire pour garantir que le signal entre la centrale et le hub du syst\u00e8me Ajax est fort et stable.<\/p>\n<p>Si la force du signal est faible ou instable, vous pouvez facilement d\u00e9placer le panneau de commande ou utiliser un prolongateur de port\u00e9e du signal radio ReX 2 pour am\u00e9liorer la port\u00e9e.<\/p>\n<p><strong>Compatibilit\u00e9 et flexibilit\u00e9<\/strong><\/p>\n<p>L&#039;Ajax Smart Bracket est enti\u00e8rement compatible avec les panneaux de contr\u00f4le Ajax et peut \u00eatre utilis\u00e9 aussi bien pour les nouvelles installations que pour les mises \u00e0 niveau des syst\u00e8mes existants.<\/p>\n<p>Cela fait du support une solution flexible pour tous les types d&#039;installations.<\/p>\n<p>Que vous installiez un nouveau syst\u00e8me ou remplaciez une unit\u00e9 plus ancienne, le support intelligent fournira une solution de montage s\u00e9curis\u00e9e et stable pour le panneau de commande.<\/p>\n<p>Le support convient \u00e9galement aux environnements priv\u00e9s et commerciaux et vous donne la possibilit\u00e9 de cr\u00e9er un syst\u00e8me de s\u00e9curit\u00e9 personnalis\u00e9 pour votre propri\u00e9t\u00e9.<\/p>\n<p><strong>Conception durable et conviviale<\/strong><\/p>\n<p>Le support de montage Smart Bracket est fabriqu\u00e9 \u00e0 partir de mat\u00e9riaux durables qui r\u00e9sistent aux contraintes et aux conditions m\u00e9t\u00e9orologiques, ce qui en fait une solution fiable aussi bien \u00e0 l&#039;int\u00e9rieur qu&#039;\u00e0 l&#039;ext\u00e9rieur.<\/p>\n<p>L&#039;installation ne n\u00e9cessite aucun outil sp\u00e9cial et vous pouvez rapidement commencer \u00e0 utiliser le panneau de commande pour contr\u00f4ler et surveiller votre syst\u00e8me de s\u00e9curit\u00e9.<\/p>\n<p><strong>Caract\u00e9ristiques:<\/strong><\/p>\n<ul>\n<li><strong>Type d&#039;accessoires :<\/strong> Support de montage pour panneau de commande Ajax<\/li>\n<li><strong>Hauteur d&#039;installation :<\/strong> Recommand\u00e9 2,4 m\u00e8tres<\/li>\n<li><strong>M\u00e9thode d&#039;installation :<\/strong> Se fixe aux surfaces verticales ou aux coins<\/li>\n<li><strong>Mat\u00e9riel:<\/strong> Durable et r\u00e9sistant aux intemp\u00e9ries<\/li>\n<li><strong>Compatibilit\u00e9:<\/strong> Compatible avec les panneaux de contr\u00f4le Ajax<\/li>\n<li><strong>Test de force du signal\u00a0:<\/strong> Oui, via l&#039;application Ajax<\/li>\n<li><strong>Attaches\u00a0:<\/strong> Comprend des vis et la possibilit\u00e9 d&#039;utiliser d&#039;autres fixations<\/li>\n<\/ul>\n<p><strong>Conclusion:<\/strong><\/p>\n<p>Le support de montage Ajax Smart Bracket pour panneau de commande est une solution parfaite pour installer votre panneau de commande de mani\u00e8re s\u00fbre et stable.<\/p>\n<p>En garantissant un placement appropri\u00e9 et en optimisant la force du signal, vous pouvez facilement cr\u00e9er un syst\u00e8me de s\u00e9curit\u00e9 fiable qui fonctionne de mani\u00e8re efficace et fiable.<\/p>\n<p>&nbsp;<\/p>","protected":false},"excerpt":{"rendered":"<p>Le support de montage Ajax Smart Bracket pour panneau de commande rend l&#039;installation de votre panneau de commande Ajax facile et s\u00fbre.<\/p>\n<p>Le support robuste assure un placement stable et vous permet de personnaliser l&#039;installation pour une facilit\u00e9 d&#039;utilisation et une s\u00e9curit\u00e9 optimales.<\/p>","protected":false},"featured_media":0,"template":"","meta":{"_acf_changed":false},"product_brand":[],"product_cat":[3128],"product_tag":[],"class_list":{"0":"post-69691","1":"product","2":"type-product","3":"status-publish","5":"product_cat-ajax-reservdelar-fasten","6":"product_shipping_class-postnord-varubrev","7":"pa_ajax-tradlosa-larm-knapssats-manoverpanel","8":"pa_ajax-tradlosa-larm-ovriga-tillbehor-monteringsfaste","9":"pa_brands-ajax-systems","10":"pa_color-vit","11":"pa_farg-vit","12":"tm-no-options","14":"first","15":"instock","16":"sale","17":"featured","18":"taxable","19":"shipping-taxable","20":"purchasable","21":"product-type-simple"},"acf":[],"_links":{"self":[{"href":"https:\/\/secureus.se\/fr\/wp-json\/wp\/v2\/product\/69691","targetHints":{"allow":["GET"]}}],"collection":[{"href":"https:\/\/secureus.se\/fr\/wp-json\/wp\/v2\/product"}],"about":[{"href":"https:\/\/secureus.se\/fr\/wp-json\/wp\/v2\/types\/product"}],"wp:attachment":[{"href":"https:\/\/secureus.se\/fr\/wp-json\/wp\/v2\/media?parent=69691"}],"wp:term":[{"taxonomy":"product_brand","embeddable":true,"href":"https:\/\/secureus.se\/fr\/wp-json\/wp\/v2\/product_brand?post=69691"},{"taxonomy":"product_cat","embeddable":true,"href":"https:\/\/secureus.se\/fr\/wp-json\/wp\/v2\/product_cat?post=69691"},{"taxonomy":"product_tag","embeddable":true,"href":"https:\/\/secureus.se\/fr\/wp-json\/wp\/v2\/product_tag?post=69691"}],"curies":[{"name":"wp","href":"https:\/\/api.w.org\/{rel}","templated":true}]}}