{"id":69717,"date":"2022-11-28T12:06:03","date_gmt":"2022-11-28T11:06:03","guid":{"rendered":"https:\/\/secureus.se\/produkt\/smart-plug-230v-2500kw-tradlos-svart\/"},"modified":"2026-04-07T13:04:55","modified_gmt":"2026-04-07T11:04:55","slug":"ajax-smart-socket-230v-2500w-sv","status":"publish","type":"product","link":"https:\/\/secureus.se\/fr\/ajax-smart-socket-230v-2500w-sv\/","title":{"rendered":"Ajax Smart Socket Prise intelligente 230 Volt jusqu&#039;\u00e0 2500W Noir"},"content":{"rendered":"<h3>L&#039;Ajax Smart Socket est une prise intelligente sans fil avanc\u00e9e qui permet de contr\u00f4ler et de surveiller \u00e0 distance les appareils \u00e9lectriques via le syst\u00e8me de s\u00e9curit\u00e9 Ajax.<\/h3>\n<p>Il est con\u00e7u pour connecter et contr\u00f4ler des appareils \u00e9lectriques avec une charge totale allant jusqu&#039;\u00e0 2 500 W, ce qui le rend id\u00e9al pour une utilisation \u00e0 la maison et au bureau.<\/p>\n<p>Cette prise intelligente n&#039;est pas seulement un outil pour contr\u00f4ler quand et comment les appareils \u00e9lectriques sont utilis\u00e9s, mais aussi pour optimiser et r\u00e9duire la consommation d&#039;\u00e9nergie.<\/p>\n<p>Gr\u00e2ce au compteur d&#039;\u00e9nergie int\u00e9gr\u00e9, l&#039;utilisateur re\u00e7oit des informations d\u00e9taill\u00e9es sur la consommation \u00e9lectrique de chaque appareil connect\u00e9, ce qui facilite l&#039;identification des appareils gourmands en \u00e9nergie et permet d&#039;\u00e9conomiser sur les co\u00fbts \u00e9nerg\u00e9tiques.<\/p>\n<p>Avec l&#039;Ajax Smart Socket, vous pouvez par exemple contr\u00f4ler \u00e0 distance des appareils tels que le chauffage ou la climatisation avant de rentrer chez vous, ou encore automatiser le fonctionnement de l&#039;\u00e9clairage, des appareils sans \u00e9lectricit\u00e9 ou des fonctions de s\u00e9curit\u00e9.<\/p>\n<p>En plus d&#039;\u00eatre pratique, cette prise intelligente prot\u00e8ge contre les risques d&#039;incendie en \u00e9teignant les appareils dangereux, tels que les fers \u00e0 repasser ou les \u00e9l\u00e9ments chauffants, lorsque vous quittez la maison.<\/p>\n<p>Une caract\u00e9ristique unique est la LED \u00e0 changement de couleur sur l&#039;Ajax Smart Socket, qui fournit un retour visible en temps r\u00e9el sur la consommation \u00e9lectrique de l&#039;appareil.<\/p>\n<p>Lorsqu&#039;un appareil consomme beaucoup d&#039;\u00e9lectricit\u00e9, la couleur de la LED change pour fournir un indicateur visuel rapide d&#039;une consommation \u00e9lev\u00e9e.<\/p>\n<p>Une autre caract\u00e9ristique importante est sa s\u00e9curit\u00e9 robuste. L&#039;Ajax Smart Socket est dot\u00e9e d&#039;un couvercle de s\u00e9curit\u00e9 pour enfants qui emp\u00eache l&#039;insertion de petits objets dans la prise et prot\u00e8ge \u00e9galement de la poussi\u00e8re et des liquides.<\/p>\n<p>La protection contre la surchauffe (jusqu&#039;\u00e0 85\u00b0C) r\u00e9duit le risque de surchauffe et d&#039;incendie.<\/p>\n<p><strong>Caract\u00e9ristiques:<\/strong><\/p>\n<ul>\n<li><strong>T\u00e9l\u00e9commande<\/strong>: Contr\u00f4lez les appareils \u00e9lectriques depuis votre smartphone via l&#039;application Ajax.<\/li>\n<li><strong>Mesure d&#039;\u00e9nergie<\/strong>: Surveillez la consommation \u00e9lectrique de chaque appareil connect\u00e9 et identifiez les consommateurs d&#039;\u00e9nergie.<\/li>\n<li><strong>Automation<\/strong>: Cr\u00e9ez des sc\u00e9narios intelligents qui \u00e9teignent automatiquement les appareils lorsque vous n&#039;\u00eates pas chez vous.<\/li>\n<li><strong>Fonctionnalit\u00e9s de s\u00e9curit\u00e9<\/strong>: Protection des enfants, protection contre la surchauffe et communication crypt\u00e9e.<\/li>\n<li><strong>Affichage LED<\/strong>: LED \u00e0 couleur changeante pour indiquer une consommation d&#039;\u00e9nergie \u00e9lev\u00e9e.<\/li>\n<\/ul>\n<p><strong>Sp\u00e9cifications techniques :<\/strong><\/p>\n<ul>\n<li><strong>Charge maximale<\/strong>: Jusqu&#039;\u00e0 2500W<\/li>\n<li><strong>Plage de tension<\/strong>: 110-230 V~ \u00b1 10%\u00a0; 50\/60 Hz<\/li>\n<li><strong>Consommation d&#039;\u00e9nergie<\/strong>: \u2264 1W<\/li>\n<li><strong>Protection actuelle maximale<\/strong>: 11 A (protection activ\u00e9e), 13 A (protection d\u00e9sactiv\u00e9e)<\/li>\n<li><strong>Protection contre la surchauffe<\/strong>: +85\u00b0C<\/li>\n<li><strong>Classe de protection IP<\/strong>:IP20<\/li>\n<li><strong>Communication<\/strong>: Technologie radio Jeweller, port\u00e9e jusqu&#039;\u00e0 1 100 m<\/li>\n<li><strong>Autonomie de la batterie<\/strong>: Aucun (alimentation via prise murale)<\/li>\n<li><strong>Mesure<\/strong>: 65,5 \u00d7 45 \u00d7 45 mm<\/li>\n<li><strong>Poids<\/strong>: 58g<\/li>\n<\/ul>","protected":false},"excerpt":{"rendered":"<p>Ajax Smart Socket est une prise intelligente de 230 Volts avec une charge allant jusqu&#039;\u00e0 2500W.<\/p>\n<p>Contr\u00f4lez \u00e0 distance les appareils \u00e9lectriques via l&#039;application Ajax, surveillez la consommation \u00e9lectrique et automatisez votre syst\u00e8me de s\u00e9curit\u00e9.<\/p>\n<p>Solution s\u00fbre et simple pour optimiser l\u2019\u00e9nergie et la s\u00e9curit\u00e9.<\/p>","protected":false},"featured_media":155625,"template":"","meta":{"_acf_changed":false},"product_brand":[],"product_cat":[3169,1319],"product_tag":[3127,4863],"class_list":{"0":"post-69717","1":"product","2":"type-product","3":"status-publish","4":"has-post-thumbnail","6":"product_cat-automation","7":"product_cat-ajax-larm","8":"product_tag-kontrollprodukt","9":"product_tag-pf","10":"product_shipping_class-postnord-varubrev","11":"pa_ajax-tradlosa-larm-smartplug-220-volt","12":"pa_brands-ajax-systems","13":"pa_color-svart","14":"pa_farg-svart","15":"tm-no-options","17":"first","18":"instock","19":"sale","20":"featured","21":"taxable","22":"shipping-taxable","23":"purchasable","24":"product-type-simple"},"acf":[],"_links":{"self":[{"href":"https:\/\/secureus.se\/fr\/wp-json\/wp\/v2\/product\/69717","targetHints":{"allow":["GET"]}}],"collection":[{"href":"https:\/\/secureus.se\/fr\/wp-json\/wp\/v2\/product"}],"about":[{"href":"https:\/\/secureus.se\/fr\/wp-json\/wp\/v2\/types\/product"}],"wp:featuredmedia":[{"embeddable":true,"href":"https:\/\/secureus.se\/fr\/wp-json\/wp\/v2\/media\/155625"}],"wp:attachment":[{"href":"https:\/\/secureus.se\/fr\/wp-json\/wp\/v2\/media?parent=69717"}],"wp:term":[{"taxonomy":"product_brand","embeddable":true,"href":"https:\/\/secureus.se\/fr\/wp-json\/wp\/v2\/product_brand?post=69717"},{"taxonomy":"product_cat","embeddable":true,"href":"https:\/\/secureus.se\/fr\/wp-json\/wp\/v2\/product_cat?post=69717"},{"taxonomy":"product_tag","embeddable":true,"href":"https:\/\/secureus.se\/fr\/wp-json\/wp\/v2\/product_tag?post=69717"}],"curies":[{"name":"wp","href":"https:\/\/api.w.org\/{rel}","templated":true}]}}