{"id":69743,"date":"2022-11-28T12:05:51","date_gmt":"2022-11-28T11:05:51","guid":{"rendered":"https:\/\/secureus.se\/produkt\/kameradetektor-husdjur-phod-12m-tradlos-svart\/"},"modified":"2026-03-09T17:45:04","modified_gmt":"2026-03-09T16:45:04","slug":"ajax-motioncam-phod-kameradetektor-svart","status":"publish","type":"product","link":"https:\/\/secureus.se\/fr\/ajax-motioncam-phod-kameradetektor-svart\/","title":{"rendered":"Ajax MotionCam PhOD Cam\u00e9ra D\u00e9tecteur Animaux Noir"},"content":{"rendered":"<h3><strong>Ajax MotionCam PhOD \u2013 D\u00e9tecteur de mouvement sans fil avec cam\u00e9ra et immunit\u00e9 aux animaux<\/strong><\/h3>\n<p>Ajax MotionCam PhOD est la solution parfaite pour v\u00e9rifier rapidement et efficacement les mouvements dans votre maison ou votre entreprise.<\/p>\n<p>Le d\u00e9tecteur de mouvement sans fil est \u00e9quip\u00e9 d&#039;une cam\u00e9ra haute r\u00e9solution qui prend automatiquement des photos en cas d&#039;alarme, permettant d&#039;obtenir une confirmation visuelle imm\u00e9diate de l&#039;\u00e9v\u00e9nement.<\/p>\n<p>Avec des fonctionnalit\u00e9s avanc\u00e9es telles que l&#039;immunit\u00e9 aux animaux de compagnie, la v\u00e9rification rapide des photos et la haute s\u00e9curit\u00e9 via le cryptage, MotionCam PhOD offre une combinaison unique de s\u00e9curit\u00e9 et de commodit\u00e9.<\/p>\n<p><strong>Caract\u00e9ristiques hautes performances\u00a0:<\/strong><\/p>\n<ol>\n<li><strong>V\u00e9rification rapide des photos\u00a0:<\/strong> Lorsque le d\u00e9tecteur de mouvement est activ\u00e9, la MotionCam PhOD capture rapidement des images en 9 secondes pour v\u00e9rifier l&#039;\u00e9v\u00e9nement.<\/li>\n<li>Cela vous permet d&#039;obtenir des informations rapides et fiables sur ce qui s&#039;est pass\u00e9 sans avoir \u00e0 attendre des donn\u00e9es suppl\u00e9mentaires.<\/li>\n<li><strong>Immunit\u00e9 aux animaux\u00a0:<\/strong> MotionCam PhOD est con\u00e7ue pour r\u00e9sister aux animaux pesant jusqu&#039;\u00e0 20 kg et 50 cm, ce qui r\u00e9duit le risque de fausses alarmes caus\u00e9es par les animaux et la rend id\u00e9ale pour une utilisation dans les foyers avec des animaux.<\/li>\n<li><strong>Fonctionnalit\u00e9s de confidentialit\u00e9 et de protection des donn\u00e9es\u00a0:<\/strong> Ajax MotionCam PhOD est soigneusement con\u00e7u pour prot\u00e9ger votre vie priv\u00e9e.<\/li>\n<li>Toutes les donn\u00e9es visuelles envoy\u00e9es et stock\u00e9es sont crypt\u00e9es conform\u00e9ment aux r\u00e9glementations strictes du RGPD, et l&#039;acc\u00e8s aux images ne peut \u00eatre effectu\u00e9 que par des utilisateurs autoris\u00e9s.<\/li>\n<li>\u00c0 l&#039;aide de menus sp\u00e9ciaux dans l&#039;application Ajax, vous pouvez contr\u00f4ler exactement qui a acc\u00e8s aux photos et aux \u00e9v\u00e9nements.<\/li>\n<li><strong>\u00c9clairage IR int\u00e9gr\u00e9 pour les conditions sombres\u00a0:<\/strong> Pour garantir que vous obtenez des images claires m\u00eame dans les espaces sombres, la MotionCam PhOD est \u00e9quip\u00e9e d&#039;un \u00e9clairage IR int\u00e9gr\u00e9 qui lui permet de prendre des photos m\u00eame dans des conditions de faible luminosit\u00e9 ou d&#039;obscurit\u00e9 totale.<\/li>\n<li><strong>Grand angle de d\u00e9tection et qualit\u00e9 d&#039;image r\u00e9glable\u00a0:<\/strong> L&#039;angle de d\u00e9tection horizontal et vertical est large, ce qui signifie qu&#039;il couvre une grande surface et capture les mouvements dans toutes les directions.<\/li>\n<li>De plus, vous pouvez ajuster la r\u00e9solution de l&#039;image en fonction de vos besoins sp\u00e9cifiques, \u00e9conomisant ainsi de la bande passante et de l&#039;espace de stockage lorsqu&#039;une r\u00e9solution plus \u00e9lev\u00e9e n&#039;est pas n\u00e9cessaire.<\/li>\n<\/ol>\n<p><strong>Installation et int\u00e9gration intuitives\u00a0:<\/strong><\/p>\n<p>MotionCam PhOD est facile \u00e0 installer et \u00e0 connecter \u00e0 votre syst\u00e8me Ajax. En scannant le code QR via l&#039;application Ajax, vous pouvez rapidement ajouter le d\u00e9tecteur au syst\u00e8me.<\/p>\n<p>Il ne n\u00e9cessite aucune installation compliqu\u00e9e et peut \u00eatre mont\u00e9 sur un support SmartBracket sans avoir \u00e0 le d\u00e9monter.<\/p>\n<p><strong>Fonctionnalit\u00e9s de s\u00e9curit\u00e9 avanc\u00e9es\u00a0:<\/strong><\/p>\n<ol>\n<li><strong>D\u00e9tection rapide et anti-sabotage\u00a0:<\/strong> Avec Ajax MotionCam PhOD, vous b\u00e9n\u00e9ficiez d&#039;une d\u00e9tection de mouvement rapide et d&#039;une notification imm\u00e9diate en cas d&#039;\u00e9ventuelles manipulations ou perte de communication.<\/li>\n<li>Si quelqu&#039;un tente de saboter l&#039;appareil ou de le d\u00e9sinstaller, le syst\u00e8me envoie une alarme \u00e0 votre smartphone et \u00e0 la soci\u00e9t\u00e9 de s\u00e9curit\u00e9.<\/li>\n<li><strong>Utilisation de deux protocoles sans fil (Jeweler et Wings)\u00a0:<\/strong> MotionCam PhOD utilise deux protocoles sans fil pour garantir une communication fiable et rapide entre l&#039;appareil et le hub, offrant ainsi une s\u00e9curit\u00e9 accrue et une meilleure port\u00e9e.<\/li>\n<\/ol>\n<p><strong>Avantages :<\/strong><\/p>\n<ul>\n<li><strong>V\u00e9rification rapide et s\u00e9curis\u00e9e des alarmes<\/strong> via des images.<\/li>\n<li><strong>Immunit\u00e9 aux animaux de compagnie<\/strong> pour \u00e9viter les fausses alarmes caus\u00e9es par les animaux.<\/li>\n<li><strong>\u00c9clairage IR int\u00e9gr\u00e9<\/strong> pour prendre des photos dans des conditions sombres.<\/li>\n<li><strong>R\u00e9solution d&#039;image r\u00e9glable<\/strong> pour ajuster la qualit\u00e9 de l\u2019image selon vos besoins.<\/li>\n<li><strong>Cryptage et protection des donn\u00e9es<\/strong> selon le RGPD pour une s\u00e9curit\u00e9 maximale.<\/li>\n<li><strong>Installation et int\u00e9gration faciles<\/strong> avec l&#039;application Ajax.<\/li>\n<\/ul>\n<p><strong>Sp\u00e9cifications techniques\u00a0:<\/strong><\/p>\n<ul>\n<li><strong>Distance de d\u00e9tection\u00a0:<\/strong> Jusqu&#039;\u00e0 12 m\u00e8tres.<\/li>\n<li><strong>Immunit\u00e9 aux animaux\u00a0:<\/strong> Jusqu&#039;\u00e0 20 kg et 50 cm de hauteur.<\/li>\n<li><strong>Autonomie de la batterie\u00a0:<\/strong> Jusqu&#039;\u00e0 4 ans selon l&#039;utilisation.<\/li>\n<li><strong>Temps de transfert des images\u00a0:<\/strong> 9 secondes pour v\u00e9rification.<\/li>\n<li><strong>Zone de communication avec hub\u00a0:<\/strong> Jusqu&#039;\u00e0 1300 m\u00e8tres (en terrain d\u00e9couvert).<\/li>\n<li><strong>Alimentation\u00a0:<\/strong> 1 pile CR123A.<\/li>\n<li><strong>Classe de protection IP\u00a0:<\/strong> IP50.<\/li>\n<li><strong>Mesure:<\/strong> 130x70x60mm.<\/li>\n<li><strong>Poids:<\/strong> 200 g.<\/li>\n<\/ul>\n<p>Avec l&#039;Ajax MotionCam PhOD, vous obtenez non seulement un d\u00e9tecteur de mouvement fiable, mais \u00e9galement une solution intelligente pour confirmer rapidement les alarmes et prot\u00e9ger votre maison ou votre entreprise avec la plus haute s\u00e9curit\u00e9 et confidentialit\u00e9.<\/p>\n<p>&nbsp;<\/p>\n<div id=\"gtx-trans\" style=\"position: absolute;left: 118px;top: 1920px\">\n<div class=\"gtx-trans-icon\"><\/div>\n<\/div>","protected":false},"excerpt":{"rendered":"<p>Ajax MotionCam PhOD est un d\u00e9tecteur de mouvement sans fil avec cam\u00e9ra qui offre une v\u00e9rification rapide des photos en cas d&#039;alarme et \u00e0 la demande.<\/p>\n<p>Avec une immunit\u00e9 int\u00e9gr\u00e9e aux animaux, une r\u00e9solution d\u2019image r\u00e9glable et un filtrage avanc\u00e9 des fausses alarmes, il garantit une d\u00e9tection efficace et fiable, m\u00eame dans des conditions sombres.<\/p>","protected":false},"featured_media":155509,"template":"","meta":{"_acf_changed":false},"product_brand":[],"product_cat":[3156,1319,3155],"product_tag":[3127,4863],"class_list":{"0":"post-69743","1":"product","2":"type-product","3":"status-publish","4":"has-post-thumbnail","6":"product_cat-rorelse-och-kamera","7":"product_cat-ajax-larm","8":"product_cat-larmenheter","9":"product_tag-kontrollprodukt","10":"product_tag-pf","11":"product_shipping_class-postnord-varubrev","12":"pa_ajax-tradlosa-larm-kameradetektor","13":"pa_brands-ajax-systems","14":"pa_color-svart","15":"pa_farg-svart","16":"tm-no-options","18":"first","19":"instock","20":"sale","21":"featured","22":"taxable","23":"shipping-taxable","24":"purchasable","25":"product-type-simple"},"acf":[],"_links":{"self":[{"href":"https:\/\/secureus.se\/fr\/wp-json\/wp\/v2\/product\/69743","targetHints":{"allow":["GET"]}}],"collection":[{"href":"https:\/\/secureus.se\/fr\/wp-json\/wp\/v2\/product"}],"about":[{"href":"https:\/\/secureus.se\/fr\/wp-json\/wp\/v2\/types\/product"}],"wp:featuredmedia":[{"embeddable":true,"href":"https:\/\/secureus.se\/fr\/wp-json\/wp\/v2\/media\/155509"}],"wp:attachment":[{"href":"https:\/\/secureus.se\/fr\/wp-json\/wp\/v2\/media?parent=69743"}],"wp:term":[{"taxonomy":"product_brand","embeddable":true,"href":"https:\/\/secureus.se\/fr\/wp-json\/wp\/v2\/product_brand?post=69743"},{"taxonomy":"product_cat","embeddable":true,"href":"https:\/\/secureus.se\/fr\/wp-json\/wp\/v2\/product_cat?post=69743"},{"taxonomy":"product_tag","embeddable":true,"href":"https:\/\/secureus.se\/fr\/wp-json\/wp\/v2\/product_tag?post=69743"}],"curies":[{"name":"wp","href":"https:\/\/api.w.org\/{rel}","templated":true}]}}